{"id":33960,"date":"2024-05-24T15:53:27","date_gmt":"2024-05-24T15:53:27","guid":{"rendered":"https:\/\/sakaba.mghosteur.com\/?post_type=product&#038;p=33960"},"modified":"2024-06-06T17:04:15","modified_gmt":"2024-06-06T17:04:15","slug":"almond-milk-restoring-conditioner","status":"publish","type":"product","link":"https:\/\/sakaba.mghosteur.com\/en\/product\/almond-milk-restoring-conditioner\/","title":{"rendered":"ALMOND MILK RESTORING CONDITIONER"},"content":{"rendered":"","protected":false},"excerpt":{"rendered":"","protected":false},"featured_media":0,"comment_status":"open","ping_status":"closed","template":"","meta":[],"product_brand":[1072],"product_cat":[284,368],"product_tag":[],"class_list":{"0":"post-33960","1":"product","2":"type-product","3":"status-publish","5":"product_brand-carloss-daughter","6":"product_cat-aad-cheveux","7":"product_cat-shampoing-et-apres-shampoing","9":"first","10":"instock","11":"shipping-taxable","12":"product-type-simple"},"jetpack-related-posts":[{"id":33972,"url":"https:\/\/sakaba.mghosteur.com\/en\/product\/carlos-daughter-almond-milk-leave-in-conditioner\/","url_meta":{"origin":33960,"position":0},"title":"CAROL\u2019S DAUGHTER ALMOND MILK LEAVE IN CONDITIONER","author":"admin","date":"May 24, 2024","format":false,"excerpt":"Apr\u00e8s-shampoing l\u00e9ger sans rin\u00e7age qui prot\u00e8ge vos cheveux fragilis\u00e9s et trop trait\u00e9s contre les dommages futurs. Fabriqu\u00e9 avec du lait d'amande et certains des meilleurs nutriments, il fortifie et facilite le d\u00e9m\u00ealage sans casse, laissant les cheveux rebondis et brillants. N'h\u00e9sitez pas \u00e0 le vaporiser certains jours ou tous les\u2026","rel":"","context":"Similar post","block_context":{"text":"Similar post","link":""},"img":{"alt_text":"","src":"","width":0,"height":0},"classes":[]},{"id":26088,"url":"https:\/\/sakaba.mghosteur.com\/en\/product\/carols-daughter-almond-milk-conditioner\/","url_meta":{"origin":33960,"position":1},"title":"CAROL\u2019S DAUGHTER ALMOND MILK CONDITIONER","author":"admin","date":"November 24, 2022","format":false,"excerpt":"R\u00e9paration quotidienne des dommages. Lait d'amande\/beurre d'alo\u00e8s\/huile de karit\u00e9. Inverse les dommages. Renforce et prot\u00e8ge les cheveux. Restaure la douceur. Fabriqu\u00e9 avec amour. Sans parab\u00e8nes. Sans p\u00e9trole. Sans huile min\u00e9rale. Sans colorants artificiels. Les dommages quotidiens caus\u00e9s par l'utilisation d'outils de coiffage chauffants, la coloration et m\u00eame les agressions environnementales\u2026","rel":"","context":"Similar post","block_context":{"text":"Similar post","link":""},"img":{"alt_text":"","src":"","width":0,"height":0},"classes":[]},{"id":26064,"url":"https:\/\/sakaba.mghosteur.com\/en\/product\/carols-daughter-almond-milk-shampoo\/","url_meta":{"origin":33960,"position":2},"title":"CAROLS DAUGHTER ALMOND MILK SHAMPOO","author":"admin","date":"November 24, 2022","format":false,"excerpt":"","rel":"","context":"Similar post","block_context":{"text":"Similar post","link":""},"img":{"alt_text":"","src":"","width":0,"height":0},"classes":[]},{"id":33963,"url":"https:\/\/sakaba.mghosteur.com\/en\/product\/almond-milk-sulfate-free-shampoo\/","url_meta":{"origin":33960,"position":3},"title":"ALMOND MILK SULFATE FREE SHAMPOO","author":"admin","date":"May 24, 2024","format":false,"excerpt":"","rel":"","context":"Similar post","block_context":{"text":"Similar post","link":""},"img":{"alt_text":"","src":"","width":0,"height":0},"classes":[]},{"id":26061,"url":"https:\/\/sakaba.mghosteur.com\/en\/product\/carols-daughter-almond-milk\/","url_meta":{"origin":33960,"position":4},"title":"CAROL\u2019S DAUGHTER ALMOND MILK ULTRA NOURISHING MASK","author":"admin","date":"November 24, 2022","format":false,"excerpt":"Le masque capillaire au lait d'amande aide \u00e0 r\u00e9parer les cheveux cass\u00e9s et trop trait\u00e9s pour qu'ils paraissent plus doux et plus sains plus longtemps, en inversant les dommages de l'int\u00e9rieur vers l'ext\u00e9rieur. Cr\u00e9\u00e9 pour les cheveux naturellement boucl\u00e9s,le masque utilise les ingr\u00e9dients dont vos boucles ont besoin, comme l'huile\u2026","rel":"","context":"Similar post","block_context":{"text":"Similar post","link":""},"img":{"alt_text":"","src":"","width":0,"height":0},"classes":[]},{"id":32055,"url":"https:\/\/sakaba.mghosteur.com\/en\/product\/victoria-secret-almond-blossom-oat-milk\/","url_meta":{"origin":33960,"position":5},"title":"VICTORIA SECRET ALMOND BLOSSOM OAT MILK","author":"admin","date":"May 13, 2024","format":false,"excerpt":"La Brume parfum\u00e9e corps Natural Beauty Almond Blossom & Oat Milk est le nouveau rituel beaut\u00e9 pour votre corps. R\u00e9veillez vos sens avec notre brume parfum\u00e9e rafra\u00eechissante. Vaporisez-en une touche pour vous mettre de bonne humeur et sentir bon de la t\u00eate aux pieds. Laissez-vous envo\u00fbter par l'odeur du lait\u2026","rel":"","context":"Similar post","block_context":{"text":"Similar post","link":""},"img":{"alt_text":"","src":"","width":0,"height":0},"classes":[]}],"_links":{"self":[{"href":"https:\/\/sakaba.mghosteur.com\/en\/wp-json\/wp\/v2\/product\/33960","targetHints":{"allow":["GET"]}}],"collection":[{"href":"https:\/\/sakaba.mghosteur.com\/en\/wp-json\/wp\/v2\/product"}],"about":[{"href":"https:\/\/sakaba.mghosteur.com\/en\/wp-json\/wp\/v2\/types\/product"}],"replies":[{"embeddable":true,"href":"https:\/\/sakaba.mghosteur.com\/en\/wp-json\/wp\/v2\/comments?post=33960"}],"version-history":[{"count":0,"href":"https:\/\/sakaba.mghosteur.com\/en\/wp-json\/wp\/v2\/product\/33960\/revisions"}],"wp:attachment":[{"href":"https:\/\/sakaba.mghosteur.com\/en\/wp-json\/wp\/v2\/media?parent=33960"}],"wp:term":[{"taxonomy":"product_brand","embeddable":true,"href":"https:\/\/sakaba.mghosteur.com\/en\/wp-json\/wp\/v2\/product_brand?post=33960"},{"taxonomy":"product_cat","embeddable":true,"href":"https:\/\/sakaba.mghosteur.com\/en\/wp-json\/wp\/v2\/product_cat?post=33960"},{"taxonomy":"product_tag","embeddable":true,"href":"https:\/\/sakaba.mghosteur.com\/en\/wp-json\/wp\/v2\/product_tag?post=33960"}],"curies":[{"name":"wp","href":"https:\/\/api.w.org\/{rel}","templated":true}]}}