{"id":33969,"date":"2024-05-24T15:56:35","date_gmt":"2024-05-24T15:56:35","guid":{"rendered":"https:\/\/sakaba.mghosteur.com\/?post_type=product&#038;p=33969"},"modified":"2024-08-25T03:26:00","modified_gmt":"2024-08-25T03:26:00","slug":"black-girl-sunscreen-lotion-for-face-and-body-30","status":"publish","type":"product","link":"https:\/\/sakaba.mghosteur.com\/en\/product\/black-girl-sunscreen-lotion-for-face-and-body-30\/","title":{"rendered":"BLACK GIRL SUNSCREEN LOTION FOR FACE AND BODY 30"},"content":{"rendered":"<p>Cr\u00e8me solaire con\u00e7ue par des femmes de couleur pour les personnes de couleur, car nous aussi nous attraperons des coups de soleil.<\/p>\n<p>Une cr\u00e8me solaire \u00e0 usage quotidien, remplie d&#8217;ingr\u00e9dients cl\u00e9s, qui prot\u00e9gera votre peau du soleil et fera \u00e9galement office de lotion hydratante.<\/p>\n<p>La cr\u00e8me solaire Black Girl s\u00e8che compl\u00e8tement transparente, elle est donc parfaite \u00e0 utiliser avant toute activit\u00e9 de plein air ou m\u00eame sous vos produits de maquillage pr\u00e9f\u00e9r\u00e9s.<\/p>","protected":false},"excerpt":{"rendered":"<p>Cr\u00e8me solaire con\u00e7ue par des femmes de couleur pour les personnes de couleur, car nous aussi nous attraperons des coups de soleil. Une cr\u00e8me solaire \u00e0 usage quotidien, remplie d&#8217;ingr\u00e9dients cl\u00e9s, qui prot\u00e9gera votre peau du soleil et fera \u00e9galement office de lotion hydratante. La cr\u00e8me solaire Black Girl s\u00e8che compl\u00e8tement transparente, elle est donc<span class=\"read-more-faq\"><a href=\"https:\/\/sakaba.mghosteur.com\/en\/product\/black-girl-sunscreen-lotion-for-face-and-body-30\/\">Read More<\/a><\/span><\/p>","protected":false},"featured_media":0,"comment_status":"open","ping_status":"closed","template":"","meta":[],"product_brand":[1073],"product_cat":[1055,451],"product_tag":[],"class_list":{"0":"post-33969","1":"product","2":"type-product","3":"status-publish","5":"product_brand-black-girl","6":"product_cat-protection-solaire-visage","7":"product_cat-aab-soin-du-visage","9":"first","10":"instock","11":"shipping-taxable","12":"product-type-simple"},"jetpack-related-posts":[{"id":32007,"url":"https:\/\/sakaba.mghosteur.com\/en\/product\/cerave-facial-moisturizing-lotion-am-60ml-3\/","url_meta":{"origin":33969,"position":0},"title":"CERAVE FACIAL MOISTURIZING LOTION AM 60ML","author":"admin","date":"May 13, 2024","format":false,"excerpt":"L'hydratant pour le visage CeraVe AM avec \u00e9cran solaire SPF 30 \u00e0 large spectre est un soin matinal multit\u00e2che qui fournit une hydratation continue tout au long de la journ\u00e9e tout en aidant \u00e0 absorber et \u00e0 refl\u00e9ter les rayons UVA et UVB nocifs du soleil et \u00e0 restaurer la\u2026","rel":"","context":"Similar post","block_context":{"text":"Similar post","link":""},"img":{"alt_text":"","src":"","width":0,"height":0},"classes":[]},{"id":31965,"url":"https:\/\/sakaba.mghosteur.com\/en\/product\/cerave-facial-moisturizing-lotion-am-89ml-spf-30\/","url_meta":{"origin":33969,"position":1},"title":"CERAVE FACIAL MOISTURIZING LOTION AM 89ML SPF 30","author":"admin","date":"May 13, 2024","format":false,"excerpt":"L'hydratant pour le visage CeraVe AM avec \u00e9cran solaire SPF 30 \u00e0 large spectre est un soin matinal multit\u00e2che qui fournit une hydratation continue tout au long de la journ\u00e9e tout en aidant \u00e0 absorber et \u00e0 refl\u00e9ter les rayons UVA et UVB nocifs du soleil et \u00e0 restaurer la\u2026","rel":"","context":"Similar post","block_context":{"text":"Similar post","link":""},"img":{"alt_text":"","src":"","width":0,"height":0},"classes":[]},{"id":25327,"url":"https:\/\/sakaba.mghosteur.com\/en\/product\/black-girl-sunscreen-lotion-for-face-and-body\/","url_meta":{"origin":33969,"position":2},"title":"BLACK GIRL SUNSCREEN LOTION FOR FACE AND BODY","author":"admin","date":"November 14, 2022","format":false,"excerpt":"","rel":"","context":"Similar post","block_context":{"text":"Similar post","link":""},"img":{"alt_text":"","src":"","width":0,"height":0},"classes":[]},{"id":29074,"url":"https:\/\/sakaba.mghosteur.com\/en\/product\/cerave-hydrating-sunscreen-50face-spf-50\/","url_meta":{"origin":33969,"position":3},"title":"CERAVE HYDRATING SUNSCREEN 50face spf 50","author":"admin","date":"March 13, 2023","format":false,"excerpt":"La Cr\u00e8me Solaire Hydratante Min\u00e9rale SPF 50 Lotion Visage de la marque CeraVe est la solution parfaite pour prot\u00e9ger votre peau du soleil tout en la nourrissant et l'hydratant en profondeur. Cette cr\u00e8me solaire min\u00e9rale douce mais efficace est sp\u00e9cialement con\u00e7ue pour le visage et offre une protection \u00e0 large\u2026","rel":"","context":"Similar post","block_context":{"text":"Similar post","link":""},"img":{"alt_text":"","src":"","width":0,"height":0},"classes":[]},{"id":30202,"url":"https:\/\/sakaba.mghosteur.com\/en\/product\/necessaire-the-sunscreen-lecran-solaire\/","url_meta":{"origin":33969,"position":4},"title":"NECESSAIRE THE SUNSCREEN L&#8217;ECRAN SOLAIRE","author":"admin","date":"May 4, 2023","format":false,"excerpt":"D\u00e9couvrez la Cr\u00e8me Solaire Min\u00e9rale SPF 30 Voyage de la marque NECESSAIRE, la solution id\u00e9ale pour prot\u00e9ger votre peau des rayons du soleil tout en prenant soin d'elle. Cette cr\u00e8me solaire 100% min\u00e9rale est infus\u00e9e d'actifs de soin tels que l'Acide Hyaluronique, la Niacinamide et le Panth\u00e9nol pour hydrater votre\u2026","rel":"","context":"Similar post","block_context":{"text":"Similar post","link":""},"img":{"alt_text":"","src":"","width":0,"height":0},"classes":[]},{"id":25358,"url":"https:\/\/sakaba.mghosteur.com\/en\/product\/pipette-mineral-sunscreen-broad-spectrum-spf-50\/","url_meta":{"origin":33969,"position":5},"title":"PIPETTE MINERAL SUNSCREEN BROAD SPECTRUM  SPF 50","author":"admin","date":"November 14, 2022","format":false,"excerpt":"Cr\u00e8me solaire pour b\u00e9b\u00e9 qui convient \u00e0 toute la famille, cette cr\u00e8me solaire min\u00e9rale FPS 50 \u00e0 m\u00e9langer prot\u00e8ge des rayons nocifs du soleil gr\u00e2ce \u00e0 de l'oxyde de zinc non nano 100 % min\u00e9ral. Cette cr\u00e8me solaire l\u00e9g\u00e8re et sans danger pour les b\u00e9b\u00e9s est fabriqu\u00e9e avec un squalane\u2026","rel":"","context":"Similar post","block_context":{"text":"Similar post","link":""},"img":{"alt_text":"","src":"","width":0,"height":0},"classes":[]}],"_links":{"self":[{"href":"https:\/\/sakaba.mghosteur.com\/en\/wp-json\/wp\/v2\/product\/33969","targetHints":{"allow":["GET"]}}],"collection":[{"href":"https:\/\/sakaba.mghosteur.com\/en\/wp-json\/wp\/v2\/product"}],"about":[{"href":"https:\/\/sakaba.mghosteur.com\/en\/wp-json\/wp\/v2\/types\/product"}],"replies":[{"embeddable":true,"href":"https:\/\/sakaba.mghosteur.com\/en\/wp-json\/wp\/v2\/comments?post=33969"}],"version-history":[{"count":0,"href":"https:\/\/sakaba.mghosteur.com\/en\/wp-json\/wp\/v2\/product\/33969\/revisions"}],"wp:attachment":[{"href":"https:\/\/sakaba.mghosteur.com\/en\/wp-json\/wp\/v2\/media?parent=33969"}],"wp:term":[{"taxonomy":"product_brand","embeddable":true,"href":"https:\/\/sakaba.mghosteur.com\/en\/wp-json\/wp\/v2\/product_brand?post=33969"},{"taxonomy":"product_cat","embeddable":true,"href":"https:\/\/sakaba.mghosteur.com\/en\/wp-json\/wp\/v2\/product_cat?post=33969"},{"taxonomy":"product_tag","embeddable":true,"href":"https:\/\/sakaba.mghosteur.com\/en\/wp-json\/wp\/v2\/product_tag?post=33969"}],"curies":[{"name":"wp","href":"https:\/\/api.w.org\/{rel}","templated":true}]}}