{"id":33972,"date":"2024-05-24T15:57:28","date_gmt":"2024-05-24T15:57:28","guid":{"rendered":"https:\/\/sakaba.mghosteur.com\/?post_type=product&#038;p=33972"},"modified":"2024-08-07T03:34:31","modified_gmt":"2024-08-07T03:34:31","slug":"carlos-daughter-almond-milk-leave-in-conditioner","status":"publish","type":"product","link":"https:\/\/sakaba.mghosteur.com\/en\/product\/carlos-daughter-almond-milk-leave-in-conditioner\/","title":{"rendered":"CAROL\u2019S DAUGHTER ALMOND MILK LEAVE IN CONDITIONER"},"content":{"rendered":"<p>Apr\u00e8s-shampoing l\u00e9ger sans rin\u00e7age qui prot\u00e8ge vos cheveux fragilis\u00e9s et trop trait\u00e9s contre les dommages futurs. Fabriqu\u00e9 avec du lait d&#8217;amande et certains des meilleurs nutriments, il fortifie et facilite le d\u00e9m\u00ealage sans casse, laissant les cheveux rebondis et brillants. N&#8217;h\u00e9sitez pas \u00e0 le vaporiser certains jours ou tous les jours.<\/p>","protected":false},"excerpt":{"rendered":"<p>Apr\u00e8s-shampoing l\u00e9ger sans rin\u00e7age qui prot\u00e8ge vos cheveux fragilis\u00e9s et trop trait\u00e9s contre les dommages futurs. Fabriqu\u00e9 avec du lait d&#8217;amande et certains des meilleurs nutriments, il fortifie et facilite le d\u00e9m\u00ealage sans casse, laissant les cheveux rebondis et brillants. N&#8217;h\u00e9sitez pas \u00e0 le vaporiser certains jours ou tous les jours.<\/p>","protected":false},"featured_media":0,"comment_status":"open","ping_status":"closed","template":"","meta":[],"product_brand":[1072],"product_cat":[284,368],"product_tag":[],"class_list":{"0":"post-33972","1":"product","2":"type-product","3":"status-publish","5":"product_brand-carloss-daughter","6":"product_cat-aad-cheveux","7":"product_cat-shampoing-et-apres-shampoing","9":"first","10":"instock","11":"shipping-taxable","12":"product-type-simple"},"jetpack-related-posts":[{"id":33982,"url":"https:\/\/sakaba.mghosteur.com\/en\/product\/carol-s-daughter-wash-day-delight\/","url_meta":{"origin":33972,"position":0},"title":"CAROL\u2019S DAUGHTER WASH DAY DELIGHT","author":"admin","date":"May 24, 2024","format":false,"excerpt":"Le shampooing micellaire d\u00e9lice du jour de lavage de Carol's daughter \u00e0 l'eau de rose se transforme d'une eau en une mousse douce pour un nettoyage en profondeur sans d\u00e9capage ni frottement agressif pour aider \u00e0 r\u00e9duire le temps le jour du lavage Nettoie les cheveux rapidement - parfait pour\u2026","rel":"","context":"Similar post","block_context":{"text":"Similar post","link":""},"img":{"alt_text":"","src":"","width":0,"height":0},"classes":[]},{"id":29768,"url":"https:\/\/sakaba.mghosteur.com\/en\/product\/biotin-10-000-mcg\/","url_meta":{"origin":33972,"position":1},"title":"BIOTIN 10 000 MCG","author":"admin","date":"April 24, 2023","format":false,"excerpt":"D\u00e9couvrez BIOTIN 10 000 MCG de la marque SOLGAR, une vitamine B hydrosoluble qui aide \u00e0 maintenir une peau, des ongles et des cheveux sains, ainsi qu'au bon fonctionnement de certaines enzymes. Cette biotine soutient \u00e9galement la production d'\u00e9nergie cellulaire dans le corps en convertissant les aliments en \u00e9nergie et\u2026","rel":"","context":"Similar post","block_context":{"text":"Similar post","link":""},"img":{"alt_text":"","src":"","width":0,"height":0},"classes":[]},{"id":25927,"url":"https:\/\/sakaba.mghosteur.com\/en\/product\/carols-daughter-cream-serum-moisturizer\/","url_meta":{"origin":33972,"position":2},"title":"CAROL&#8217;S DAUGHTER CREAM SERUM MOISTURIZER","author":"admin","date":"November 23, 2022","format":false,"excerpt":"La cr\u00e8me hydratante pour cheveux Carol\u2019s Daughter Wash Day Delight \u00e0 l\u2019eau de rose et \u00e0 la glyc\u00e9rine aide \u00e0 pr\u00e9venir les frisottis, \u00e0 d\u00e9m\u00ealer et \u00e0 adoucir. S\u00e9rum hydratant l\u00e9ger pour cheveux boucl\u00e9s m\u00e9lang\u00e9 \u00e0 de l\u2019eau de rose et \u00e0 de la glyc\u00e9rine pour fournir une hydratation et\u2026","rel":"","context":"Similar post","block_context":{"text":"Similar post","link":""},"img":{"alt_text":"","src":"","width":0,"height":0},"classes":[]},{"id":31683,"url":"https:\/\/sakaba.mghosteur.com\/en\/product\/sulfur8-medicated-light-formula-anti-dandruff\/","url_meta":{"origin":33972,"position":3},"title":"SULFUR8 MEDICATED LIGHT FORMULA ANTI DANDRUFF","author":"admin","date":"May 10, 2024","format":false,"excerpt":"Shampooing m\u00e9dicamenteux et revitalisant du cuir chevelu Sulfur 8. Sa formule l\u00e9g\u00e8re au soufre-8 offre une hydratation et un adoucissement aux cheveux secs et au cuir chevelu, sans les alourdir. Cette solution embellit les cheveux tout en les rendant plus faciles \u00e0 coiffer et en ajoutant de la brillance. Adapt\u00e9\u2026","rel":"","context":"Similar post","block_context":{"text":"Similar post","link":""},"img":{"alt_text":"","src":"","width":0,"height":0},"classes":[]},{"id":26096,"url":"https:\/\/sakaba.mghosteur.com\/en\/product\/mielle-honey-ginger-styling-gel\/","url_meta":{"origin":33972,"position":4},"title":"MIELLE HONEY &amp; GINGER STYLING GEL","author":"admin","date":"November 24, 2022","format":false,"excerpt":"Obtenez les coiffures que vous aimez tout en favorisant des cheveux plus sains et plus forts avec le gel coiffant au miel et au gingembre de Mielle. La formule est compos\u00e9e d'ingr\u00e9dients certifi\u00e9s biologiques, notamment du miel, du gingembre, de l'extrait d'alo\u00e8s et de l'huile de babassu. Ces ingr\u00e9dients naturels\u2026","rel":"","context":"Similar post","block_context":{"text":"Similar post","link":""},"img":{"alt_text":"","src":"","width":0,"height":0},"classes":[]},{"id":36014,"url":"https:\/\/sakaba.mghosteur.com\/en\/product\/mielle-rosemary-mint-strengtening-scalp-edge-cleansing-oil-118ml\/","url_meta":{"origin":33972,"position":5},"title":"MIELLE ROSEMARY MINT STRENGTENING SCALP &amp; EDGE CLEANSING OIL 118ML","author":"admin","date":"August 11, 2024","format":false,"excerpt":"Description Enrichi en biotine, favorise des cheveux plus longs et plus sains L\u00e9ger Pas besoin d'eau \u00c9limine les r\u00e9sidus du produit Parfaite pour retirer le gel des bords Soins des cheveux et du cuir chevelu Cette formule d'huile nettoyante non grasse et sans rin\u00e7age, optimis\u00e9e par le romarin, la menthe,\u2026","rel":"","context":"Similar post","block_context":{"text":"Similar post","link":""},"img":{"alt_text":"","src":"","width":0,"height":0},"classes":[]}],"_links":{"self":[{"href":"https:\/\/sakaba.mghosteur.com\/en\/wp-json\/wp\/v2\/product\/33972","targetHints":{"allow":["GET"]}}],"collection":[{"href":"https:\/\/sakaba.mghosteur.com\/en\/wp-json\/wp\/v2\/product"}],"about":[{"href":"https:\/\/sakaba.mghosteur.com\/en\/wp-json\/wp\/v2\/types\/product"}],"replies":[{"embeddable":true,"href":"https:\/\/sakaba.mghosteur.com\/en\/wp-json\/wp\/v2\/comments?post=33972"}],"version-history":[{"count":0,"href":"https:\/\/sakaba.mghosteur.com\/en\/wp-json\/wp\/v2\/product\/33972\/revisions"}],"wp:attachment":[{"href":"https:\/\/sakaba.mghosteur.com\/en\/wp-json\/wp\/v2\/media?parent=33972"}],"wp:term":[{"taxonomy":"product_brand","embeddable":true,"href":"https:\/\/sakaba.mghosteur.com\/en\/wp-json\/wp\/v2\/product_brand?post=33972"},{"taxonomy":"product_cat","embeddable":true,"href":"https:\/\/sakaba.mghosteur.com\/en\/wp-json\/wp\/v2\/product_cat?post=33972"},{"taxonomy":"product_tag","embeddable":true,"href":"https:\/\/sakaba.mghosteur.com\/en\/wp-json\/wp\/v2\/product_tag?post=33972"}],"curies":[{"name":"wp","href":"https:\/\/api.w.org\/{rel}","templated":true}]}}