{"id":33975,"date":"2024-05-24T15:58:14","date_gmt":"2024-05-24T15:58:14","guid":{"rendered":"https:\/\/sakaba.mghosteur.com\/?post_type=product&#038;p=33975"},"modified":"2024-08-15T10:41:57","modified_gmt":"2024-08-15T10:41:57","slug":"carol-s-daughter-7-oil-blend-hair-scalp-oil","status":"publish","type":"product","link":"https:\/\/sakaba.mghosteur.com\/en\/product\/carol-s-daughter-7-oil-blend-hair-scalp-oil\/","title":{"rendered":"CAROL\u2019S DAUGHTER 7 OIL BLEND HAIR &amp; SCALP OIL"},"content":{"rendered":"<p>Offrez \u00e0 vos cheveux secs et fragiles un traitement de d\u00e9esse avec l&#8217;huile pour cuir chevelu et cheveux Goddess Strength de Carol&#8217;s Daughter. Compos\u00e9e d&#8217;un m\u00e9lange de 7 huiles, dont de l&#8217;huile de ricin et de l&#8217;huile de cumin noir, cette formule hydrate en douceur le cuir chevelu et les cheveux pour les prot\u00e9ger des cassures et pr\u00e9venir les pointes fourchues. R\u00e9sultat : des cheveux plus forts et d&#8217;apparence saine \u00e0 chaque utilisation. Cette huile pour cuir chevelu et cheveux fait partie de notre syst\u00e8me Goddess Strength, qui rend les cheveux 15 fois plus forts en une seule utilisation, 94 % de cassures en moins* et renforce la force de vos cheveux \u00e0 mesure qu&#8217;ils s&#8217;allongent.<\/p>","protected":false},"excerpt":{"rendered":"<p>Offrez \u00e0 vos cheveux secs et fragiles un traitement de d\u00e9esse avec l&#8217;huile pour cuir chevelu et cheveux Goddess Strength de Carol&#8217;s Daughter. Compos\u00e9e d&#8217;un m\u00e9lange de 7 huiles, dont de l&#8217;huile de ricin et de l&#8217;huile de cumin noir, cette formule hydrate en douceur le cuir chevelu et les cheveux pour les prot\u00e9ger des<span class=\"read-more-faq\"><a href=\"https:\/\/sakaba.mghosteur.com\/en\/product\/carol-s-daughter-7-oil-blend-hair-scalp-oil\/\">Read More<\/a><\/span><\/p>","protected":false},"featured_media":0,"comment_status":"open","ping_status":"closed","template":"","meta":[],"product_brand":[1072],"product_cat":[284,1063],"product_tag":[],"class_list":{"0":"post-33975","1":"product","2":"type-product","3":"status-publish","5":"product_brand-carloss-daughter","6":"product_cat-aad-cheveux","7":"product_cat-traitement-capilaire","9":"first","10":"instock","11":"shipping-taxable","12":"product-type-simple"},"jetpack-related-posts":[{"id":33978,"url":"https:\/\/sakaba.mghosteur.com\/en\/product\/carol-s-daughter-fortifying-conditioner\/","url_meta":{"origin":33975,"position":0},"title":"CAROL\u2019S DAUGHTER GODDESS STRENGTH FORTIFYING CONDITIONER","author":"admin","date":"May 24, 2024","format":false,"excerpt":"Baume revitalisant puissant, m\u00e9lang\u00e9 \u00e0 de l'huile de ricin, des graines de cumin noir et du gingembre. Il aide \u00e0 cibler les cheveux faibles, \u00e0 restaurer une hydratation intense et \u00e0 fortifier les cheveux afin que chaque m\u00e8che soit plus forte de la racine aux pointes.","rel":"","context":"Similar post","block_context":{"text":"Similar post","link":""},"img":{"alt_text":"","src":"","width":0,"height":0},"classes":[]},{"id":29704,"url":"https:\/\/sakaba.mghosteur.com\/en\/product\/palmers-length-retention-hair-scalp-oil\/","url_meta":{"origin":33975,"position":1},"title":"PALMERS LENGTH RETENTION HAIR + SCALP OIL","author":"admin","date":"April 14, 2023","format":false,"excerpt":"D\u00e9couvrez l'huile de r\u00e9tention des cheveux et du cuir chevelu Palmer's, une solution nourrissante pour vos cheveux. Cette huile est con\u00e7ue pour tous les types de boucles et textures de cheveux, et est assez douce pour un usage quotidien. Enrichie d'ingr\u00e9dients naturels, cette huile hydrate et ajoute une brillance durable\u2026","rel":"","context":"Similar post","block_context":{"text":"Similar post","link":""},"img":{"alt_text":"","src":"","width":0,"height":0},"classes":[]},{"id":33982,"url":"https:\/\/sakaba.mghosteur.com\/en\/product\/carol-s-daughter-wash-day-delight\/","url_meta":{"origin":33975,"position":2},"title":"CAROL\u2019S DAUGHTER WASH DAY DELIGHT","author":"admin","date":"May 24, 2024","format":false,"excerpt":"Le shampooing micellaire d\u00e9lice du jour de lavage de Carol's daughter \u00e0 l'eau de rose se transforme d'une eau en une mousse douce pour un nettoyage en profondeur sans d\u00e9capage ni frottement agressif pour aider \u00e0 r\u00e9duire le temps le jour du lavage Nettoie les cheveux rapidement - parfait pour\u2026","rel":"","context":"Similar post","block_context":{"text":"Similar post","link":""},"img":{"alt_text":"","src":"","width":0,"height":0},"classes":[]},{"id":25925,"url":"https:\/\/sakaba.mghosteur.com\/en\/product\/carols-daughter-wash-day-delight-jelly-to-cream-conditioner\/","url_meta":{"origin":33975,"position":3},"title":"CAROL&#8217;S DAUGHTER WASH DAY DELIGHT JELLY TO CREAM CONDITIONER","author":"admin","date":"November 23, 2022","format":false,"excerpt":"L'apr\u00e8s-shampoing Wash Day Delight a une formule unique de gel\u00e9e en cr\u00e8me qui est m\u00e9lang\u00e9e \u00e0 de l'alo\u00e8s et de la glyc\u00e9rine, un ingr\u00e9dient d'origine naturelle qui absorbe l'humidit\u00e9 dans les cheveux. La technologie anti-n\u0153uds donne \u00e0 cet apr\u00e8s-shampoing une consistance facile \u00e0 \u00e9taler qui offre un glissement parfait, de\u2026","rel":"","context":"Similar post","block_context":{"text":"Similar post","link":""},"img":{"alt_text":"","src":"","width":0,"height":0},"classes":[]},{"id":26136,"url":"https:\/\/sakaba.mghosteur.com\/en\/product\/sunny-kle-black-castor-oil-intensive-repair-masque\/","url_meta":{"origin":33975,"position":4},"title":"SUNNY ISLE BLACK CASTOR OIL INTENSIVE REPAIR MASQUE","author":"admin","date":"November 24, 2022","format":false,"excerpt":"Ce traitement p\u00e9n\u00e9trant en profondeur est un puissant m\u00e9lange d'ingr\u00e9dients naturels, infus\u00e9 d'huile de ricin noire jama\u00efcaine pour hydrater et nourrir votre cuir chevelu ; laissant vos cheveux plus doux, plus sains et plus forts.","rel":"","context":"Similar post","block_context":{"text":"Similar post","link":""},"img":{"alt_text":"","src":"","width":0,"height":0},"classes":[]},{"id":36014,"url":"https:\/\/sakaba.mghosteur.com\/en\/product\/mielle-rosemary-mint-strengtening-scalp-edge-cleansing-oil-118ml\/","url_meta":{"origin":33975,"position":5},"title":"MIELLE ROSEMARY MINT STRENGTENING SCALP &amp; EDGE CLEANSING OIL 118ML","author":"admin","date":"August 11, 2024","format":false,"excerpt":"Description Enrichi en biotine, favorise des cheveux plus longs et plus sains L\u00e9ger Pas besoin d'eau \u00c9limine les r\u00e9sidus du produit Parfaite pour retirer le gel des bords Soins des cheveux et du cuir chevelu Cette formule d'huile nettoyante non grasse et sans rin\u00e7age, optimis\u00e9e par le romarin, la menthe,\u2026","rel":"","context":"Similar post","block_context":{"text":"Similar post","link":""},"img":{"alt_text":"","src":"","width":0,"height":0},"classes":[]}],"_links":{"self":[{"href":"https:\/\/sakaba.mghosteur.com\/en\/wp-json\/wp\/v2\/product\/33975","targetHints":{"allow":["GET"]}}],"collection":[{"href":"https:\/\/sakaba.mghosteur.com\/en\/wp-json\/wp\/v2\/product"}],"about":[{"href":"https:\/\/sakaba.mghosteur.com\/en\/wp-json\/wp\/v2\/types\/product"}],"replies":[{"embeddable":true,"href":"https:\/\/sakaba.mghosteur.com\/en\/wp-json\/wp\/v2\/comments?post=33975"}],"version-history":[{"count":0,"href":"https:\/\/sakaba.mghosteur.com\/en\/wp-json\/wp\/v2\/product\/33975\/revisions"}],"wp:attachment":[{"href":"https:\/\/sakaba.mghosteur.com\/en\/wp-json\/wp\/v2\/media?parent=33975"}],"wp:term":[{"taxonomy":"product_brand","embeddable":true,"href":"https:\/\/sakaba.mghosteur.com\/en\/wp-json\/wp\/v2\/product_brand?post=33975"},{"taxonomy":"product_cat","embeddable":true,"href":"https:\/\/sakaba.mghosteur.com\/en\/wp-json\/wp\/v2\/product_cat?post=33975"},{"taxonomy":"product_tag","embeddable":true,"href":"https:\/\/sakaba.mghosteur.com\/en\/wp-json\/wp\/v2\/product_tag?post=33975"}],"curies":[{"name":"wp","href":"https:\/\/api.w.org\/{rel}","templated":true}]}}