{"id":33978,"date":"2024-05-24T15:59:05","date_gmt":"2024-05-24T15:59:05","guid":{"rendered":"https:\/\/sakaba.mghosteur.com\/?post_type=product&#038;p=33978"},"modified":"2024-08-07T03:34:03","modified_gmt":"2024-08-07T03:34:03","slug":"carol-s-daughter-fortifying-conditioner","status":"publish","type":"product","link":"https:\/\/sakaba.mghosteur.com\/en\/product\/carol-s-daughter-fortifying-conditioner\/","title":{"rendered":"CAROL\u2019S DAUGHTER GODDESS STRENGTH FORTIFYING CONDITIONER"},"content":{"rendered":"<p>Baume revitalisant puissant, m\u00e9lang\u00e9 \u00e0 de l&#8217;huile de ricin, des graines de cumin noir et du gingembre. Il aide \u00e0 cibler les cheveux faibles, \u00e0 restaurer une hydratation intense et \u00e0 fortifier les cheveux afin que chaque m\u00e8che soit plus forte de la racine aux pointes.<\/p>","protected":false},"excerpt":{"rendered":"<p>Baume revitalisant puissant, m\u00e9lang\u00e9 \u00e0 de l&#8217;huile de ricin, des graines de cumin noir et du gingembre. Il aide \u00e0 cibler les cheveux faibles, \u00e0 restaurer une hydratation intense et \u00e0 fortifier les cheveux afin que chaque m\u00e8che soit plus forte de la racine aux pointes.<\/p>","protected":false},"featured_media":0,"comment_status":"open","ping_status":"closed","template":"","meta":[],"product_brand":[1072],"product_cat":[284,1063],"product_tag":[],"class_list":{"0":"post-33978","1":"product","2":"type-product","3":"status-publish","5":"product_brand-carloss-daughter","6":"product_cat-aad-cheveux","7":"product_cat-traitement-capilaire","9":"first","10":"instock","11":"shipping-taxable","12":"product-type-simple"},"jetpack-related-posts":[{"id":26092,"url":"https:\/\/sakaba.mghosteur.com\/en\/product\/mielle-babassu-mint-deep-conditioner\/","url_meta":{"origin":33978,"position":0},"title":"MIELLE BABASSU &amp; MINT DEEP CONDITIONER","author":"admin","date":"November 24, 2022","format":false,"excerpt":"Le revitalisant en profondeur \u00e0 base de prot\u00e9ines et d'hydratation \u00e0 l'huile de babassu et \u00e0 la menthe restaurera les cheveux secs et ab\u00eem\u00e9s. Ce fruit de palmier originaire d'Amazonie est riche en st\u00e9rols et en tocoph\u00e9rols, qui sont sains pour les cheveux et le cuir chevelu. Enrichi en acides\u2026","rel":"","context":"Similar post","block_context":{"text":"Similar post","link":""},"img":{"alt_text":"","src":"","width":0,"height":0},"classes":[]},{"id":27233,"url":"https:\/\/sakaba.mghosteur.com\/en\/product\/the-inkey-list-peptide-volumizing-hair-treatment\/","url_meta":{"origin":33978,"position":1},"title":"THE INKEY LIST PEPTIDE VOLUMIZING HAIR TREATMENT","author":"admin","date":"November 29, 2022","format":false,"excerpt":"Le traitement capillaire volumateur aux peptides de la marque The Inkey List est la solution id\u00e9ale pour les personnes ayant des cheveux mous et fins qui cherchent \u00e0 leur donner une apparence plus volumineuse. Ce s\u00e9rum l\u00e9ger contient des peptides, qui sont des cha\u00eenes d'acides amin\u00e9s naturellement pr\u00e9sents dans les\u2026","rel":"","context":"Similar post","block_context":{"text":"Similar post","link":""},"img":{"alt_text":"","src":"","width":0,"height":0},"classes":[]},{"id":36008,"url":"https:\/\/sakaba.mghosteur.com\/en\/product\/mielle-rice-water-aloe-vera-deep-conditioner-227g\/","url_meta":{"origin":33978,"position":2},"title":"MIELLE RICE WATER &amp; ALOE VERA DEEP CONDITIONER 227G","author":"admin","date":"August 11, 2024","format":false,"excerpt":"Description Donnez \u00e0 vos cheveux secs ou ab\u00eem\u00e9s un coup de pouce avec de l'eau de riz, du yuzu et de l'aloe vera. Ces ingr\u00e9dients aident \u00e0 r\u00e9duire les pointes fourchues, les frisottis et les cassures. Hydratez et prot\u00e9gez vos cheveux en ajoutant des nutriments \u00e0 chaque m\u00e8che pour des\u2026","rel":"","context":"Similar post","block_context":{"text":"Similar post","link":""},"img":{"alt_text":"","src":"","width":0,"height":0},"classes":[]},{"id":36005,"url":"https:\/\/sakaba.mghosteur.com\/en\/product\/mielle-rice-water-collection-hydrating-shampoo\/","url_meta":{"origin":33978,"position":3},"title":"MIELLE RICE WATER COLLECTION HYDRATING SHAMPOO","author":"admin","date":"August 11, 2024","format":false,"excerpt":"Description Des ingr\u00e9dients tels que l'eau de riz et le yuzu renforcent les cheveux, leur apportent de la brillance et aident \u00e0 r\u00e9duire les pointes fourchues. Ce shampooing sent non seulement bon, mais donnera \u00e9galement \u00e0 vos cheveux le coup de pouce dont ils ont besoin et qu'ils m\u00e9ritent. Principaux\u2026","rel":"","context":"Similar post","block_context":{"text":"Similar post","link":""},"img":{"alt_text":"","src":"","width":0,"height":0},"classes":[]},{"id":32056,"url":"https:\/\/sakaba.mghosteur.com\/en\/product\/mielle-rosemary-mint-strengtening-scalp-hair-quencher\/","url_meta":{"origin":33978,"position":4},"title":"MIELLE ROSEMARY MINT STRENGTENING SCALP HAIR QUENCHER","author":"admin","date":"May 13, 2024","format":false,"excerpt":"La pommade-\u00e0-huile pour le cuir chevelu et les cheveux au romarin et \u00e0 la menthe de Mielle\u00a0est une coiffure revitalisante qui se transforme d'une pommade en une huile. Il d\u00e9salt\u00e8re le cuir chevelu, hydrate les cheveux secs et assoiff\u00e9s et aide \u00e0\u00a0\u00a0prot\u00e9ger du dess\u00e8chement. Cette coiffure lisse les m\u00e8ches rebelles\u2026","rel":"","context":"Similar post","block_context":{"text":"Similar post","link":""},"img":{"alt_text":"","src":"","width":0,"height":0},"classes":[]},{"id":27239,"url":"https:\/\/sakaba.mghosteur.com\/en\/product\/the-inkey-list-hyaluronic-acid-hydrating-hair\/","url_meta":{"origin":33978,"position":5},"title":"THE INKEY LIST HYALURONIC ACID HYDRATING HAIR","author":"admin","date":"November 29, 2022","format":false,"excerpt":"Le traitement capillaire hydratant \u00e0 l'acide hyaluronique de la marque The Inkey List est un s\u00e9rum l\u00e9ger qui aide \u00e0 hydrater et \u00e0 am\u00e9liorer la sant\u00e9 de vos cheveux. Formul\u00e9 avec des acides hyaluroniques optimis\u00e9s de poids mol\u00e9culaire \u00e9lev\u00e9 et bas, ce traitement capillaire p\u00e9n\u00e8tre profond\u00e9ment dans vos cheveux pour\u2026","rel":"","context":"Similar post","block_context":{"text":"Similar post","link":""},"img":{"alt_text":"","src":"","width":0,"height":0},"classes":[]}],"_links":{"self":[{"href":"https:\/\/sakaba.mghosteur.com\/en\/wp-json\/wp\/v2\/product\/33978","targetHints":{"allow":["GET"]}}],"collection":[{"href":"https:\/\/sakaba.mghosteur.com\/en\/wp-json\/wp\/v2\/product"}],"about":[{"href":"https:\/\/sakaba.mghosteur.com\/en\/wp-json\/wp\/v2\/types\/product"}],"replies":[{"embeddable":true,"href":"https:\/\/sakaba.mghosteur.com\/en\/wp-json\/wp\/v2\/comments?post=33978"}],"version-history":[{"count":0,"href":"https:\/\/sakaba.mghosteur.com\/en\/wp-json\/wp\/v2\/product\/33978\/revisions"}],"wp:attachment":[{"href":"https:\/\/sakaba.mghosteur.com\/en\/wp-json\/wp\/v2\/media?parent=33978"}],"wp:term":[{"taxonomy":"product_brand","embeddable":true,"href":"https:\/\/sakaba.mghosteur.com\/en\/wp-json\/wp\/v2\/product_brand?post=33978"},{"taxonomy":"product_cat","embeddable":true,"href":"https:\/\/sakaba.mghosteur.com\/en\/wp-json\/wp\/v2\/product_cat?post=33978"},{"taxonomy":"product_tag","embeddable":true,"href":"https:\/\/sakaba.mghosteur.com\/en\/wp-json\/wp\/v2\/product_tag?post=33978"}],"curies":[{"name":"wp","href":"https:\/\/api.w.org\/{rel}","templated":true}]}}