{"id":33982,"date":"2024-05-24T15:59:57","date_gmt":"2024-05-24T15:59:57","guid":{"rendered":"https:\/\/sakaba.mghosteur.com\/?post_type=product&#038;p=33982"},"modified":"2024-08-15T10:49:19","modified_gmt":"2024-08-15T10:49:19","slug":"carol-s-daughter-wash-day-delight","status":"publish","type":"product","link":"https:\/\/sakaba.mghosteur.com\/en\/product\/carol-s-daughter-wash-day-delight\/","title":{"rendered":"CAROL\u2019S DAUGHTER WASH DAY DELIGHT"},"content":{"rendered":"<p>Le shampooing micellaire d\u00e9lice du jour de lavage de Carol&#8217;s daughter \u00e0 l&#8217;eau de rose se transforme d&#8217;une eau en une mousse douce pour un nettoyage en profondeur sans d\u00e9capage ni frottement agressif pour aider \u00e0 r\u00e9duire le temps le jour du lavage<\/p>\n<p>Nettoie les cheveux rapidement &#8211; parfait pour les cheveux boucl\u00e9s, cr\u00e9pus et fris\u00e9s naturels, notre applicateur cibl\u00e9 aide la formule liquide \u00e0 s&#8217;\u00e9couler instantan\u00e9ment dans les cheveux, offrant un acc\u00e8s facile au cuir chevelu et un rin\u00e7age rapide<\/p>\n<p>R\u00e9duit le temps de d\u00e9m\u00ealage &#8211; Ce shampooing sans sulfate pour cheveux boucl\u00e9s naturels se transforme d&#8217;un liquide en une mousse douce sans frottement agressif, et agit sans effort tout au long de la journ\u00e9e en minimisant les enchev\u00eatrements<\/p>\n<p>Ne d\u00e9cape pas les cheveux &#8211; Ce shampooing sans sulfate avec technologie micellaire agit comme un aimant pour attirer et \u00e9liminer l&#8217;accumulation pour un nettoyage complet des cheveux et du cuir chevelu sans d\u00e9caper les cheveux<\/p>\n<p>Ingr\u00e9dients &#8211; 98 % d&#8217;ingr\u00e9dients d&#8217;origine naturelle, m\u00e9lang\u00e9s \u00e0 de l&#8217;eau de rose &#8211; sans sulfate, sans silicone, sans parab\u00e8ne, sans colorants artificiels, formule v\u00e9g\u00e9talienne. Id\u00e9al lorsqu&#8217;il est associ\u00e9 \u00e0 l&#8217;apr\u00e8s-shampooing d\u00e9lice du jour de lavage<\/p>","protected":false},"excerpt":{"rendered":"<p>Le shampooing micellaire d\u00e9lice du jour de lavage de Carol&#8217;s daughter \u00e0 l&#8217;eau de rose se transforme d&#8217;une eau en une mousse douce pour un nettoyage en profondeur sans d\u00e9capage ni frottement agressif pour aider \u00e0 r\u00e9duire le temps le jour du lavage Nettoie les cheveux rapidement &#8211; parfait pour les cheveux boucl\u00e9s, cr\u00e9pus et<span class=\"read-more-faq\"><a href=\"https:\/\/sakaba.mghosteur.com\/en\/product\/carol-s-daughter-wash-day-delight\/\">Read More<\/a><\/span><\/p>","protected":false},"featured_media":0,"comment_status":"open","ping_status":"closed","template":"","meta":[],"product_brand":[1072],"product_cat":[284,368],"product_tag":[],"class_list":{"0":"post-33982","1":"product","2":"type-product","3":"status-publish","5":"product_brand-carloss-daughter","6":"product_cat-aad-cheveux","7":"product_cat-shampoing-et-apres-shampoing","9":"first","10":"instock","11":"shipping-taxable","12":"product-type-simple"},"jetpack-related-posts":[{"id":25925,"url":"https:\/\/sakaba.mghosteur.com\/en\/product\/carols-daughter-wash-day-delight-jelly-to-cream-conditioner\/","url_meta":{"origin":33982,"position":0},"title":"CAROL&#8217;S DAUGHTER WASH DAY DELIGHT JELLY TO CREAM CONDITIONER","author":"admin","date":"November 23, 2022","format":false,"excerpt":"L'apr\u00e8s-shampoing Wash Day Delight a une formule unique de gel\u00e9e en cr\u00e8me qui est m\u00e9lang\u00e9e \u00e0 de l'alo\u00e8s et de la glyc\u00e9rine, un ingr\u00e9dient d'origine naturelle qui absorbe l'humidit\u00e9 dans les cheveux. La technologie anti-n\u0153uds donne \u00e0 cet apr\u00e8s-shampoing une consistance facile \u00e0 \u00e9taler qui offre un glissement parfait, de\u2026","rel":"","context":"Similar post","block_context":{"text":"Similar post","link":""},"img":{"alt_text":"","src":"","width":0,"height":0},"classes":[]},{"id":25927,"url":"https:\/\/sakaba.mghosteur.com\/en\/product\/carols-daughter-cream-serum-moisturizer\/","url_meta":{"origin":33982,"position":1},"title":"CAROL&#8217;S DAUGHTER CREAM SERUM MOISTURIZER","author":"admin","date":"November 23, 2022","format":false,"excerpt":"La cr\u00e8me hydratante pour cheveux Carol\u2019s Daughter Wash Day Delight \u00e0 l\u2019eau de rose et \u00e0 la glyc\u00e9rine aide \u00e0 pr\u00e9venir les frisottis, \u00e0 d\u00e9m\u00ealer et \u00e0 adoucir. S\u00e9rum hydratant l\u00e9ger pour cheveux boucl\u00e9s m\u00e9lang\u00e9 \u00e0 de l\u2019eau de rose et \u00e0 de la glyc\u00e9rine pour fournir une hydratation et\u2026","rel":"","context":"Similar post","block_context":{"text":"Similar post","link":""},"img":{"alt_text":"","src":"","width":0,"height":0},"classes":[]},{"id":26061,"url":"https:\/\/sakaba.mghosteur.com\/en\/product\/carols-daughter-almond-milk\/","url_meta":{"origin":33982,"position":2},"title":"CAROL\u2019S DAUGHTER ALMOND MILK ULTRA NOURISHING MASK","author":"admin","date":"November 24, 2022","format":false,"excerpt":"Le masque capillaire au lait d'amande aide \u00e0 r\u00e9parer les cheveux cass\u00e9s et trop trait\u00e9s pour qu'ils paraissent plus doux et plus sains plus longtemps, en inversant les dommages de l'int\u00e9rieur vers l'ext\u00e9rieur. Cr\u00e9\u00e9 pour les cheveux naturellement boucl\u00e9s,le masque utilise les ingr\u00e9dients dont vos boucles ont besoin, comme l'huile\u2026","rel":"","context":"Similar post","block_context":{"text":"Similar post","link":""},"img":{"alt_text":"","src":"","width":0,"height":0},"classes":[]},{"id":32371,"url":"https:\/\/sakaba.mghosteur.com\/en\/product\/sheamoisture-deep-conditioner\/","url_meta":{"origin":33982,"position":3},"title":"SheaMoisture DEEP CONDITIONER","author":"admin","date":"May 14, 2024","format":false,"excerpt":"Apr\u00e8s-shampooing profond SheaMoisture - Beurre d'avocat et miel de Manuka Le revitalisant capillaire en profondeur SheaMoisture Men Avocado Butter and Manuka Honey est un essentiel pour les hommes soucieux de leurs cheveux. Con\u00e7u pour r\u00e9pondre aux besoins des cheveux boucl\u00e9s, il offre une hydratation intense sans compromettre le bien-\u00eatre animal.\u2026","rel":"","context":"Similar post","block_context":{"text":"Similar post","link":""},"img":{"alt_text":"","src":"","width":0,"height":0},"classes":[]},{"id":32368,"url":"https:\/\/sakaba.mghosteur.com\/en\/product\/sheamoisture-coconut-hibiscus-curl-enhancing-smoothie-57g\/","url_meta":{"origin":33982,"position":4},"title":"SHEAMOISTURE COCONUT HIBISCUS CURL ENHANCING SMOOTHIE 57G","author":"admin","date":"May 14, 2024","format":false,"excerpt":"Apr\u00e8s-shampooing profond SheaMoisture - Beurre d'avocat et miel de Manuka Le revitalisant capillaire en profondeur SheaMoisture Men Avocado Butter and Manuka Honey est un essentiel pour les hommes soucieux de leurs cheveux. Con\u00e7u pour r\u00e9pondre aux besoins des cheveux boucl\u00e9s, il offre une hydratation intense sans compromettre le bien-\u00eatre animal.\u2026","rel":"","context":"Similar post","block_context":{"text":"Similar post","link":""},"img":{"alt_text":"","src":"","width":0,"height":0},"classes":[]},{"id":32011,"url":"https:\/\/sakaba.mghosteur.com\/en\/product\/mielle-avocado-tamanu-leave-in-conditioner-237ml\/","url_meta":{"origin":33982,"position":5},"title":"MIELLE AVOCADO TAMANU  LEAVE IN CONDITIONER 237ML","author":"admin","date":"May 13, 2024","format":false,"excerpt":"L\u2019apr\u00e8s-shampooing sans rin\u00e7age Avocado & Tamanu Anti-Frizz Slip & Seal lisse la surface des cheveux en offrant un d\u00e9m\u00ealage et un glissement instantan\u00e9s. Scelle les cuticules en place et laisse les cheveux doux et brillants avec une couche de protection contre les frisottis. Avantages cl\u00e9s: 1\u00e8re couche pour la protection\u2026","rel":"","context":"Similar post","block_context":{"text":"Similar post","link":""},"img":{"alt_text":"","src":"","width":0,"height":0},"classes":[]}],"_links":{"self":[{"href":"https:\/\/sakaba.mghosteur.com\/en\/wp-json\/wp\/v2\/product\/33982","targetHints":{"allow":["GET"]}}],"collection":[{"href":"https:\/\/sakaba.mghosteur.com\/en\/wp-json\/wp\/v2\/product"}],"about":[{"href":"https:\/\/sakaba.mghosteur.com\/en\/wp-json\/wp\/v2\/types\/product"}],"replies":[{"embeddable":true,"href":"https:\/\/sakaba.mghosteur.com\/en\/wp-json\/wp\/v2\/comments?post=33982"}],"version-history":[{"count":0,"href":"https:\/\/sakaba.mghosteur.com\/en\/wp-json\/wp\/v2\/product\/33982\/revisions"}],"wp:attachment":[{"href":"https:\/\/sakaba.mghosteur.com\/en\/wp-json\/wp\/v2\/media?parent=33982"}],"wp:term":[{"taxonomy":"product_brand","embeddable":true,"href":"https:\/\/sakaba.mghosteur.com\/en\/wp-json\/wp\/v2\/product_brand?post=33982"},{"taxonomy":"product_cat","embeddable":true,"href":"https:\/\/sakaba.mghosteur.com\/en\/wp-json\/wp\/v2\/product_cat?post=33982"},{"taxonomy":"product_tag","embeddable":true,"href":"https:\/\/sakaba.mghosteur.com\/en\/wp-json\/wp\/v2\/product_tag?post=33982"}],"curies":[{"name":"wp","href":"https:\/\/api.w.org\/{rel}","templated":true}]}}