{"id":33991,"date":"2024-05-24T16:02:48","date_gmt":"2024-05-24T16:02:48","guid":{"rendered":"https:\/\/sakaba.mghosteur.com\/?post_type=product&#038;p=33991"},"modified":"2024-05-27T16:12:41","modified_gmt":"2024-05-27T16:12:41","slug":"carols-daughter-goddess-strength-repairing-cocoon-mark","status":"publish","type":"product","link":"https:\/\/sakaba.mghosteur.com\/en\/product\/carols-daughter-goddess-strength-repairing-cocoon-mark\/","title":{"rendered":"CAROLS DAUGHTER GODDESS STRENGTH REPAIRING COCOON MARK"},"content":{"rendered":"","protected":false},"excerpt":{"rendered":"","protected":false},"featured_media":0,"comment_status":"open","ping_status":"closed","template":"","meta":[],"product_brand":[1072],"product_cat":[284,1063],"product_tag":[],"class_list":{"0":"post-33991","1":"product","2":"type-product","3":"status-publish","5":"product_brand-carloss-daughter","6":"product_cat-aad-cheveux","7":"product_cat-traitement-capilaire","9":"first","10":"instock","11":"shipping-taxable","12":"product-type-simple"},"jetpack-related-posts":[{"id":33975,"url":"https:\/\/sakaba.mghosteur.com\/en\/product\/carol-s-daughter-7-oil-blend-hair-scalp-oil\/","url_meta":{"origin":33991,"position":0},"title":"CAROL\u2019S DAUGHTER 7 OIL BLEND HAIR &amp; SCALP OIL","author":"admin","date":"May 24, 2024","format":false,"excerpt":"Offrez \u00e0 vos cheveux secs et fragiles un traitement de d\u00e9esse avec l'huile pour cuir chevelu et cheveux Goddess Strength de Carol's Daughter. Compos\u00e9e d'un m\u00e9lange de 7 huiles, dont de l'huile de ricin et de l'huile de cumin noir, cette formule hydrate en douceur le cuir chevelu et les\u2026","rel":"","context":"Similar post","block_context":{"text":"Similar post","link":""},"img":{"alt_text":"","src":"","width":0,"height":0},"classes":[]},{"id":33978,"url":"https:\/\/sakaba.mghosteur.com\/en\/product\/carol-s-daughter-fortifying-conditioner\/","url_meta":{"origin":33991,"position":1},"title":"CAROL\u2019S DAUGHTER GODDESS STRENGTH FORTIFYING CONDITIONER","author":"admin","date":"May 24, 2024","format":false,"excerpt":"Baume revitalisant puissant, m\u00e9lang\u00e9 \u00e0 de l'huile de ricin, des graines de cumin noir et du gingembre. Il aide \u00e0 cibler les cheveux faibles, \u00e0 restaurer une hydratation intense et \u00e0 fortifier les cheveux afin que chaque m\u00e8che soit plus forte de la racine aux pointes.","rel":"","context":"Similar post","block_context":{"text":"Similar post","link":""},"img":{"alt_text":"","src":"","width":0,"height":0},"classes":[]},{"id":33985,"url":"https:\/\/sakaba.mghosteur.com\/en\/product\/carols-daughter-divine-strength-leave-in-cream\/","url_meta":{"origin":33991,"position":2},"title":"CAROLS DAUGHTER DIVINE STRENGTH LEAVE IN CREAM","author":"admin","date":"May 24, 2024","format":false,"excerpt":"","rel":"","context":"Similar post","block_context":{"text":"Similar post","link":""},"img":{"alt_text":"","src":"","width":0,"height":0},"classes":[]},{"id":33994,"url":"https:\/\/sakaba.mghosteur.com\/en\/product\/carols-daughter-shine-pomade\/","url_meta":{"origin":33991,"position":3},"title":"CAROLS DAUGHTER SHINE POMADE","author":"admin","date":"May 24, 2024","format":false,"excerpt":"","rel":"","context":"Similar post","block_context":{"text":"Similar post","link":""},"img":{"alt_text":"","src":"","width":0,"height":0},"classes":[]},{"id":33988,"url":"https:\/\/sakaba.mghosteur.com\/en\/product\/carols-daughter-fortifying-shampoo\/","url_meta":{"origin":33991,"position":4},"title":"CAROLS DAUGHTER FORTIFYING SHAMPOO","author":"admin","date":"May 24, 2024","format":false,"excerpt":"","rel":"","context":"Similar post","block_context":{"text":"Similar post","link":""},"img":{"alt_text":"","src":"","width":0,"height":0},"classes":[]},{"id":26064,"url":"https:\/\/sakaba.mghosteur.com\/en\/product\/carols-daughter-almond-milk-shampoo\/","url_meta":{"origin":33991,"position":5},"title":"CAROLS DAUGHTER ALMOND MILK SHAMPOO","author":"admin","date":"November 24, 2022","format":false,"excerpt":"","rel":"","context":"Similar post","block_context":{"text":"Similar post","link":""},"img":{"alt_text":"","src":"","width":0,"height":0},"classes":[]}],"_links":{"self":[{"href":"https:\/\/sakaba.mghosteur.com\/en\/wp-json\/wp\/v2\/product\/33991","targetHints":{"allow":["GET"]}}],"collection":[{"href":"https:\/\/sakaba.mghosteur.com\/en\/wp-json\/wp\/v2\/product"}],"about":[{"href":"https:\/\/sakaba.mghosteur.com\/en\/wp-json\/wp\/v2\/types\/product"}],"replies":[{"embeddable":true,"href":"https:\/\/sakaba.mghosteur.com\/en\/wp-json\/wp\/v2\/comments?post=33991"}],"version-history":[{"count":0,"href":"https:\/\/sakaba.mghosteur.com\/en\/wp-json\/wp\/v2\/product\/33991\/revisions"}],"wp:attachment":[{"href":"https:\/\/sakaba.mghosteur.com\/en\/wp-json\/wp\/v2\/media?parent=33991"}],"wp:term":[{"taxonomy":"product_brand","embeddable":true,"href":"https:\/\/sakaba.mghosteur.com\/en\/wp-json\/wp\/v2\/product_brand?post=33991"},{"taxonomy":"product_cat","embeddable":true,"href":"https:\/\/sakaba.mghosteur.com\/en\/wp-json\/wp\/v2\/product_cat?post=33991"},{"taxonomy":"product_tag","embeddable":true,"href":"https:\/\/sakaba.mghosteur.com\/en\/wp-json\/wp\/v2\/product_tag?post=33991"}],"curies":[{"name":"wp","href":"https:\/\/api.w.org\/{rel}","templated":true}]}}