{"id":34000,"date":"2024-05-24T16:06:03","date_gmt":"2024-05-24T16:06:03","guid":{"rendered":"https:\/\/sakaba.mghosteur.com\/?post_type=product&#038;p=34000"},"modified":"2024-06-08T11:38:47","modified_gmt":"2024-06-08T11:38:47","slug":"elizabeth-arden-beautiful-color-gloss-stick","status":"publish","type":"product","link":"https:\/\/sakaba.mghosteur.com\/en\/product\/elizabeth-arden-beautiful-color-gloss-stick\/","title":{"rendered":"ELIZABETH ARDEN BEAUTIFUL COLOR GLOSS STICK"},"content":{"rendered":"","protected":false},"excerpt":{"rendered":"","protected":false},"featured_media":0,"comment_status":"open","ping_status":"closed","template":"","meta":[],"product_brand":[1074],"product_cat":[305,289],"product_tag":[],"class_list":{"0":"post-34000","1":"product","2":"type-product","3":"status-publish","5":"product_brand-elizabeth","6":"product_cat-levres","7":"product_cat-aaa-maquillage","9":"first","10":"instock","11":"shipping-taxable","12":"product-type-simple"},"jetpack-related-posts":[{"id":34003,"url":"https:\/\/sakaba.mghosteur.com\/en\/product\/elizabeth-arden-flawless-finish\/","url_meta":{"origin":34000,"position":0},"title":"ELIZABETH ARDEN FLAWLESS FINISH","author":"admin","date":"May 24, 2024","format":false,"excerpt":"","rel":"","context":"Similar post","block_context":{"text":"Similar post","link":""},"img":{"alt_text":"","src":"","width":0,"height":0},"classes":[]},{"id":34006,"url":"https:\/\/sakaba.mghosteur.com\/en\/product\/elizabeth-arden-interven-makeup-spf-15\/","url_meta":{"origin":34000,"position":1},"title":"ELIZABETH ARDEN INTERVENE MAKEUP SPF 15","author":"admin","date":"May 24, 2024","format":false,"excerpt":"","rel":"","context":"Similar post","block_context":{"text":"Similar post","link":""},"img":{"alt_text":"","src":"","width":0,"height":0},"classes":[]},{"id":34009,"url":"https:\/\/sakaba.mghosteur.com\/en\/product\/elizabeth-arden-nail-lacquer-duo-vernis-a-ongles\/","url_meta":{"origin":34000,"position":2},"title":"ELIZABETH ARDEN NAIL LACQUER DUO  VERNIS A ONGLES","author":"admin","date":"May 24, 2024","format":false,"excerpt":"","rel":"","context":"Similar post","block_context":{"text":"Similar post","link":""},"img":{"alt_text":"","src":"","width":0,"height":0},"classes":[]},{"id":23052,"url":"https:\/\/sakaba.mghosteur.com\/en\/product\/elizabeth-arden-pure-finish-cream-eye-shadow\/","url_meta":{"origin":34000,"position":3},"title":"ELIZABETH ARDEN PURE FINISH CREAM EYE SHADOW","author":"admin","date":"October 25, 2022","format":false,"excerpt":"","rel":"","context":"Similar post","block_context":{"text":"Similar post","link":""},"img":{"alt_text":"","src":"","width":0,"height":0},"classes":[]},{"id":29506,"url":"https:\/\/sakaba.mghosteur.com\/en\/product\/fenty-beauty-gloss-bomb-cream-bubble-binge\/","url_meta":{"origin":34000,"position":4},"title":"FENTY BEAUTY GLOSS BOMB CREAM BUBBLE BINGE","author":"admin","date":"April 7, 2023","format":false,"excerpt":"D\u00e9couvrez le FENTY BEAUTY GLOSS BOMB, le num\u00e9ro 1 des gloss qui vous offre une couleur pure et cr\u00e9meuse avec un \u00e9clat incroyable. Obtenez des l\u00e8vres plus douces et volumineuses instantan\u00e9ment, tout en profitant d'une couleur intense et d'un brillant \u00e9clatant, sans aucun effet brillant. Ce gloss est disponible en\u2026","rel":"","context":"Similar post","block_context":{"text":"Similar post","link":""},"img":{"alt_text":"","src":"","width":0,"height":0},"classes":[]},{"id":23710,"url":"https:\/\/sakaba.mghosteur.com\/en\/product\/lip-gloss-collection\/","url_meta":{"origin":34000,"position":5},"title":"LIP GLOSS COLLECTION","author":"admin","date":"November 4, 2022","format":false,"excerpt":"","rel":"","context":"Similar post","block_context":{"text":"Similar post","link":""},"img":{"alt_text":"","src":"","width":0,"height":0},"classes":[]}],"_links":{"self":[{"href":"https:\/\/sakaba.mghosteur.com\/en\/wp-json\/wp\/v2\/product\/34000","targetHints":{"allow":["GET"]}}],"collection":[{"href":"https:\/\/sakaba.mghosteur.com\/en\/wp-json\/wp\/v2\/product"}],"about":[{"href":"https:\/\/sakaba.mghosteur.com\/en\/wp-json\/wp\/v2\/types\/product"}],"replies":[{"embeddable":true,"href":"https:\/\/sakaba.mghosteur.com\/en\/wp-json\/wp\/v2\/comments?post=34000"}],"version-history":[{"count":0,"href":"https:\/\/sakaba.mghosteur.com\/en\/wp-json\/wp\/v2\/product\/34000\/revisions"}],"wp:attachment":[{"href":"https:\/\/sakaba.mghosteur.com\/en\/wp-json\/wp\/v2\/media?parent=34000"}],"wp:term":[{"taxonomy":"product_brand","embeddable":true,"href":"https:\/\/sakaba.mghosteur.com\/en\/wp-json\/wp\/v2\/product_brand?post=34000"},{"taxonomy":"product_cat","embeddable":true,"href":"https:\/\/sakaba.mghosteur.com\/en\/wp-json\/wp\/v2\/product_cat?post=34000"},{"taxonomy":"product_tag","embeddable":true,"href":"https:\/\/sakaba.mghosteur.com\/en\/wp-json\/wp\/v2\/product_tag?post=34000"}],"curies":[{"name":"wp","href":"https:\/\/api.w.org\/{rel}","templated":true}]}}