{"id":34003,"date":"2024-05-24T16:07:05","date_gmt":"2024-05-24T16:07:05","guid":{"rendered":"https:\/\/sakaba.mghosteur.com\/?post_type=product&#038;p=34003"},"modified":"2024-06-07T13:36:52","modified_gmt":"2024-06-07T13:36:52","slug":"elizabeth-arden-flawless-finish","status":"publish","type":"product","link":"https:\/\/sakaba.mghosteur.com\/en\/product\/elizabeth-arden-flawless-finish\/","title":{"rendered":"ELIZABETH ARDEN FLAWLESS FINISH"},"content":{"rendered":"","protected":false},"excerpt":{"rendered":"","protected":false},"featured_media":0,"comment_status":"open","ping_status":"closed","template":"","meta":[],"product_brand":[1074],"product_cat":[289,312,311],"product_tag":[],"class_list":{"0":"post-34003","1":"product","2":"type-product","3":"status-publish","5":"product_brand-elizabeth","6":"product_cat-aaa-maquillage","7":"product_cat-poudre","8":"product_cat-teint","10":"first","11":"instock","12":"shipping-taxable","13":"product-type-simple"},"jetpack-related-posts":[{"id":23052,"url":"https:\/\/sakaba.mghosteur.com\/en\/product\/elizabeth-arden-pure-finish-cream-eye-shadow\/","url_meta":{"origin":34003,"position":0},"title":"ELIZABETH ARDEN PURE FINISH CREAM EYE SHADOW","author":"admin","date":"October 25, 2022","format":false,"excerpt":"","rel":"","context":"Similar post","block_context":{"text":"Similar post","link":""},"img":{"alt_text":"","src":"","width":0,"height":0},"classes":[]},{"id":34000,"url":"https:\/\/sakaba.mghosteur.com\/en\/product\/elizabeth-arden-beautiful-color-gloss-stick\/","url_meta":{"origin":34003,"position":1},"title":"ELIZABETH ARDEN BEAUTIFUL COLOR GLOSS STICK","author":"admin","date":"May 24, 2024","format":false,"excerpt":"","rel":"","context":"Similar post","block_context":{"text":"Similar post","link":""},"img":{"alt_text":"","src":"","width":0,"height":0},"classes":[]},{"id":34006,"url":"https:\/\/sakaba.mghosteur.com\/en\/product\/elizabeth-arden-interven-makeup-spf-15\/","url_meta":{"origin":34003,"position":2},"title":"ELIZABETH ARDEN INTERVENE MAKEUP SPF 15","author":"admin","date":"May 24, 2024","format":false,"excerpt":"","rel":"","context":"Similar post","block_context":{"text":"Similar post","link":""},"img":{"alt_text":"","src":"","width":0,"height":0},"classes":[]},{"id":34009,"url":"https:\/\/sakaba.mghosteur.com\/en\/product\/elizabeth-arden-nail-lacquer-duo-vernis-a-ongles\/","url_meta":{"origin":34003,"position":3},"title":"ELIZABETH ARDEN NAIL LACQUER DUO  VERNIS A ONGLES","author":"admin","date":"May 24, 2024","format":false,"excerpt":"","rel":"","context":"Similar post","block_context":{"text":"Similar post","link":""},"img":{"alt_text":"","src":"","width":0,"height":0},"classes":[]},{"id":33558,"url":"https:\/\/sakaba.mghosteur.com\/en\/product\/cala-flawless-blend\/","url_meta":{"origin":34003,"position":4},"title":"CALA Flawless Blend","author":"admin","date":"May 22, 2024","format":false,"excerpt":"","rel":"","context":"Similar post","block_context":{"text":"Similar post","link":""},"img":{"alt_text":"","src":"","width":0,"height":0},"classes":[]},{"id":31538,"url":"https:\/\/sakaba.mghosteur.com\/en\/product\/vaseline-gluta-hya-flawless-glow-serum-in-lotion-200ml\/","url_meta":{"origin":34003,"position":5},"title":"VASELINE GLUTA HYA FLAWLESS GLOW SERUM IN LOTION  200ml","author":"admin","date":"May 10, 2024","format":false,"excerpt":"VASELINE GLUTA-HYA SERUM BURST LOTION FLAWLESS BRIGHT D\u00e9tails: Propuls\u00e9 par la technologie GlutaGlow, qui est 10 fois plus puissante que la vitamine C+. Le 10X Pro-R\u00e9tinol* est r\u00e9put\u00e9 pour son aide \u00e0 exfolier les cellules mortes de la peau, favorisant ainsi une peau unifi\u00e9e. Avantages: La technologie GlutaGlow, 10 fois\u2026","rel":"","context":"Similar post","block_context":{"text":"Similar post","link":""},"img":{"alt_text":"","src":"","width":0,"height":0},"classes":[]}],"_links":{"self":[{"href":"https:\/\/sakaba.mghosteur.com\/en\/wp-json\/wp\/v2\/product\/34003","targetHints":{"allow":["GET"]}}],"collection":[{"href":"https:\/\/sakaba.mghosteur.com\/en\/wp-json\/wp\/v2\/product"}],"about":[{"href":"https:\/\/sakaba.mghosteur.com\/en\/wp-json\/wp\/v2\/types\/product"}],"replies":[{"embeddable":true,"href":"https:\/\/sakaba.mghosteur.com\/en\/wp-json\/wp\/v2\/comments?post=34003"}],"version-history":[{"count":0,"href":"https:\/\/sakaba.mghosteur.com\/en\/wp-json\/wp\/v2\/product\/34003\/revisions"}],"wp:attachment":[{"href":"https:\/\/sakaba.mghosteur.com\/en\/wp-json\/wp\/v2\/media?parent=34003"}],"wp:term":[{"taxonomy":"product_brand","embeddable":true,"href":"https:\/\/sakaba.mghosteur.com\/en\/wp-json\/wp\/v2\/product_brand?post=34003"},{"taxonomy":"product_cat","embeddable":true,"href":"https:\/\/sakaba.mghosteur.com\/en\/wp-json\/wp\/v2\/product_cat?post=34003"},{"taxonomy":"product_tag","embeddable":true,"href":"https:\/\/sakaba.mghosteur.com\/en\/wp-json\/wp\/v2\/product_tag?post=34003"}],"curies":[{"name":"wp","href":"https:\/\/api.w.org\/{rel}","templated":true}]}}