{"id":34009,"date":"2024-05-24T16:08:45","date_gmt":"2024-05-24T16:08:45","guid":{"rendered":"https:\/\/sakaba.mghosteur.com\/?post_type=product&#038;p=34009"},"modified":"2024-05-27T15:54:26","modified_gmt":"2024-05-27T15:54:26","slug":"elizabeth-arden-nail-lacquer-duo-vernis-a-ongles","status":"publish","type":"product","link":"https:\/\/sakaba.mghosteur.com\/en\/product\/elizabeth-arden-nail-lacquer-duo-vernis-a-ongles\/","title":{"rendered":"ELIZABETH ARDEN NAIL LACQUER DUO  VERNIS A ONGLES"},"content":{"rendered":"","protected":false},"excerpt":{"rendered":"","protected":false},"featured_media":0,"comment_status":"open","ping_status":"closed","template":"","meta":[],"product_brand":[1074],"product_cat":[363],"product_tag":[],"class_list":{"0":"post-34009","1":"product","2":"type-product","3":"status-publish","5":"product_brand-elizabeth","6":"product_cat-soin-des-mains","8":"first","9":"instock","10":"shipping-taxable","11":"product-type-simple"},"jetpack-related-posts":[{"id":29792,"url":"https:\/\/sakaba.mghosteur.com\/en\/product\/solgar-skin-nails-hair\/","url_meta":{"origin":34009,"position":0},"title":"SOLGAR SKIN NAILS &#038; HAIR","author":"admin","date":"April 25, 2023","format":false,"excerpt":"D\u00e9couvrez les comprim\u00e9s Peau, Ongles & Cheveux de la marque Solgar, con\u00e7us pour aider \u00e0 maintenir une peau jeune et \u00e9clatante, des cheveux brillants et des ongles sains. Cette formule unique est sp\u00e9cialement con\u00e7ue pour pr\u00e9server votre beaut\u00e9 naturelle de l'int\u00e9rieur en augmentant la production de collag\u00e8ne et de k\u00e9ratine.\u2026","rel":"","context":"Similar post","block_context":{"text":"Similar post","link":""},"img":{"alt_text":"","src":"","width":0,"height":0},"classes":[]},{"id":25644,"url":"https:\/\/sakaba.mghosteur.com\/en\/product\/sea-breeze-professional-astringent\/","url_meta":{"origin":34009,"position":1},"title":"Sea Breeze Professional Astringent","author":"admin","date":"November 14, 2022","format":false,"excerpt":"Sea Breeze pour un soin professionnel - pour un traitement professionnel du cuir chevelu, utilisez Sea Breeze Astringent comme pr\u00e9-shampoing ou comme massage du cuir chevelu. Il \u00e9limine en douceur l'exc\u00e8s de s\u00e9bum terne et les cuticules s\u00e8ches du cuir chevelu pour un shampooing plus complet et des cheveux propres\u2026","rel":"","context":"Similar post","block_context":{"text":"Similar post","link":""},"img":{"alt_text":"","src":"","width":0,"height":0},"classes":[]},{"id":31990,"url":"https:\/\/sakaba.mghosteur.com\/en\/product\/camille-rose-super-foods-supports-longer-stronger\/","url_meta":{"origin":34009,"position":2},"title":"CAMILLE ROSE SUPER FOODS HAIR &amp; NAILS","author":"admin","date":"May 13, 2024","format":false,"excerpt":"Un m\u00e9lange r\u00e9volutionnaire con\u00e7u pour nourrir et rehausser la beaut\u00e9 naturelle de vos cheveux et de vos ongles. Infus\u00e9e de la puissance des superaliments riches en nutriments, cette formule exceptionnelle vous fera sentir confiante et radieuse de l'int\u00e9rieur. Regorgeant d'ingr\u00e9dients essentiels comme la biotine, le collag\u00e8ne et les vitamines A,\u2026","rel":"","context":"Similar post","block_context":{"text":"Similar post","link":""},"img":{"alt_text":"","src":"","width":0,"height":0},"classes":[]},{"id":34003,"url":"https:\/\/sakaba.mghosteur.com\/en\/product\/elizabeth-arden-flawless-finish\/","url_meta":{"origin":34009,"position":3},"title":"ELIZABETH ARDEN FLAWLESS FINISH","author":"admin","date":"May 24, 2024","format":false,"excerpt":"","rel":"","context":"Similar post","block_context":{"text":"Similar post","link":""},"img":{"alt_text":"","src":"","width":0,"height":0},"classes":[]},{"id":34000,"url":"https:\/\/sakaba.mghosteur.com\/en\/product\/elizabeth-arden-beautiful-color-gloss-stick\/","url_meta":{"origin":34009,"position":4},"title":"ELIZABETH ARDEN BEAUTIFUL COLOR GLOSS STICK","author":"admin","date":"May 24, 2024","format":false,"excerpt":"","rel":"","context":"Similar post","block_context":{"text":"Similar post","link":""},"img":{"alt_text":"","src":"","width":0,"height":0},"classes":[]},{"id":34006,"url":"https:\/\/sakaba.mghosteur.com\/en\/product\/elizabeth-arden-interven-makeup-spf-15\/","url_meta":{"origin":34009,"position":5},"title":"ELIZABETH ARDEN INTERVENE MAKEUP SPF 15","author":"admin","date":"May 24, 2024","format":false,"excerpt":"","rel":"","context":"Similar post","block_context":{"text":"Similar post","link":""},"img":{"alt_text":"","src":"","width":0,"height":0},"classes":[]}],"_links":{"self":[{"href":"https:\/\/sakaba.mghosteur.com\/en\/wp-json\/wp\/v2\/product\/34009","targetHints":{"allow":["GET"]}}],"collection":[{"href":"https:\/\/sakaba.mghosteur.com\/en\/wp-json\/wp\/v2\/product"}],"about":[{"href":"https:\/\/sakaba.mghosteur.com\/en\/wp-json\/wp\/v2\/types\/product"}],"replies":[{"embeddable":true,"href":"https:\/\/sakaba.mghosteur.com\/en\/wp-json\/wp\/v2\/comments?post=34009"}],"version-history":[{"count":0,"href":"https:\/\/sakaba.mghosteur.com\/en\/wp-json\/wp\/v2\/product\/34009\/revisions"}],"wp:attachment":[{"href":"https:\/\/sakaba.mghosteur.com\/en\/wp-json\/wp\/v2\/media?parent=34009"}],"wp:term":[{"taxonomy":"product_brand","embeddable":true,"href":"https:\/\/sakaba.mghosteur.com\/en\/wp-json\/wp\/v2\/product_brand?post=34009"},{"taxonomy":"product_cat","embeddable":true,"href":"https:\/\/sakaba.mghosteur.com\/en\/wp-json\/wp\/v2\/product_cat?post=34009"},{"taxonomy":"product_tag","embeddable":true,"href":"https:\/\/sakaba.mghosteur.com\/en\/wp-json\/wp\/v2\/product_tag?post=34009"}],"curies":[{"name":"wp","href":"https:\/\/api.w.org\/{rel}","templated":true}]}}