{"id":34030,"date":"2024-05-24T16:16:20","date_gmt":"2024-05-24T16:16:20","guid":{"rendered":"https:\/\/sakaba.mghosteur.com\/?post_type=product&#038;p=34030"},"modified":"2024-05-27T14:05:31","modified_gmt":"2024-05-27T14:05:31","slug":"water-to-foam-shampoo","status":"publish","type":"product","link":"https:\/\/sakaba.mghosteur.com\/en\/product\/water-to-foam-shampoo\/","title":{"rendered":"WATER TO FOAM SHAMPOO"},"content":{"rendered":"","protected":false},"excerpt":{"rendered":"","protected":false},"featured_media":0,"comment_status":"open","ping_status":"closed","template":"","meta":[],"product_brand":[1072],"product_cat":[284,368],"product_tag":[],"class_list":{"0":"post-34030","1":"product","2":"type-product","3":"status-publish","5":"product_brand-carloss-daughter","6":"product_cat-aad-cheveux","7":"product_cat-shampoing-et-apres-shampoing","9":"first","10":"instock","11":"shipping-taxable","12":"product-type-simple"},"jetpack-related-posts":[{"id":36005,"url":"https:\/\/sakaba.mghosteur.com\/en\/product\/mielle-rice-water-collection-hydrating-shampoo\/","url_meta":{"origin":34030,"position":0},"title":"MIELLE RICE WATER COLLECTION HYDRATING SHAMPOO","author":"admin","date":"August 11, 2024","format":false,"excerpt":"Description Des ingr\u00e9dients tels que l'eau de riz et le yuzu renforcent les cheveux, leur apportent de la brillance et aident \u00e0 r\u00e9duire les pointes fourchues. Ce shampooing sent non seulement bon, mais donnera \u00e9galement \u00e0 vos cheveux le coup de pouce dont ils ont besoin et qu'ils m\u00e9ritent. Principaux\u2026","rel":"","context":"Similar post","block_context":{"text":"Similar post","link":""},"img":{"alt_text":"","src":"","width":0,"height":0},"classes":[]},{"id":24019,"url":"https:\/\/sakaba.mghosteur.com\/en\/product\/neutrogena-deep-clean-purifying-cream-to-foam\/","url_meta":{"origin":34030,"position":1},"title":"NEUTROGENA DEEP CLEAN PURIFYING CREAM TO FOAM","author":"admin","date":"November 9, 2022","format":false,"excerpt":"D\u00e9couvrez le Deep Clean Purifying Cream to Foam Detox Cleanser de Neutrogena, une cr\u00e8me nettoyante qui purifie votre peau en une seule \u00e9tape facile. Ce nettoyant pour le visage \u00e0 base de cr\u00e8me nettoie efficacement en profondeur les pores pour \u00e9liminer la salet\u00e9, l'huile et autres impuret\u00e9s qui polluent votre\u2026","rel":"","context":"Similar post","block_context":{"text":"Similar post","link":""},"img":{"alt_text":"","src":"","width":0,"height":0},"classes":[]},{"id":24171,"url":"https:\/\/sakaba.mghosteur.com\/en\/product\/cerave-hydrating-cream-to-foam-cleanser\/","url_meta":{"origin":34030,"position":2},"title":"CERAVE HYDRATING CREAM TO FOAM CLEANSER 355ML","author":"admin","date":"November 9, 2022","format":false,"excerpt":"Le nettoyant cr\u00e8me-mousse hydratant de CeraVe est sp\u00e9cialement con\u00e7u pour les peaux normales \u00e0 s\u00e8ches. Ce nettoyant pour le visage est formul\u00e9 pour \u00e9liminer en douceur la salet\u00e9, le s\u00e9bum, le maquillage et la pollution sans enlever l'hydratation naturelle de la peau. Cette formule innovante commence comme une cr\u00e8me, puis\u2026","rel":"","context":"Similar post","block_context":{"text":"Similar post","link":""},"img":{"alt_text":"","src":"","width":0,"height":0},"classes":[]},{"id":28385,"url":"https:\/\/sakaba.mghosteur.com\/en\/product\/baby-johnsons-head-to-toe-baby-wash-and-shampoo\/","url_meta":{"origin":34030,"position":3},"title":"Baby Johnson&#8217;s Head-To-Toe Baby Wash and Shampoo","author":"admin","date":"November 30, 2022","format":false,"excerpt":"","rel":"","context":"Similar post","block_context":{"text":"Similar post","link":""},"img":{"alt_text":"","src":"","width":0,"height":0},"classes":[]},{"id":31491,"url":"https:\/\/sakaba.mghosteur.com\/en\/product\/madagascar-centella-ampoule-foam\/","url_meta":{"origin":34030,"position":4},"title":"MADAGASCAR CENTELLA AMPOULE FOAM","author":"admin","date":"May 10, 2024","format":false,"excerpt":"CENTELLA AMPOULE FOAM DESCRIPTION : Le Centella Ampoule Foam est un nettoyant riche et moussant, dot\u00e9 d'un pH id\u00e9al de 5. Il \u00e9limine efficacement le maquillage et les impuret\u00e9s sans d\u00e9caper la peau. INGR\u00c9DIENTS CL\u00c9S : Extrait de Centella Asiatica : Apaise et reconstitue le niveau d'hydratation de la peau.\u2026","rel":"","context":"Similar post","block_context":{"text":"Similar post","link":""},"img":{"alt_text":"","src":"","width":0,"height":0},"classes":[]},{"id":25591,"url":"https:\/\/sakaba.mghosteur.com\/en\/product\/good-design-aloe-facial-cleansing-foam\/","url_meta":{"origin":34030,"position":5},"title":"GOOD DESIGN ALOE FACIAL CLEANSING FOAM","author":"admin","date":"November 14, 2022","format":false,"excerpt":"","rel":"","context":"Similar post","block_context":{"text":"Similar post","link":""},"img":{"alt_text":"","src":"","width":0,"height":0},"classes":[]}],"_links":{"self":[{"href":"https:\/\/sakaba.mghosteur.com\/en\/wp-json\/wp\/v2\/product\/34030","targetHints":{"allow":["GET"]}}],"collection":[{"href":"https:\/\/sakaba.mghosteur.com\/en\/wp-json\/wp\/v2\/product"}],"about":[{"href":"https:\/\/sakaba.mghosteur.com\/en\/wp-json\/wp\/v2\/types\/product"}],"replies":[{"embeddable":true,"href":"https:\/\/sakaba.mghosteur.com\/en\/wp-json\/wp\/v2\/comments?post=34030"}],"version-history":[{"count":0,"href":"https:\/\/sakaba.mghosteur.com\/en\/wp-json\/wp\/v2\/product\/34030\/revisions"}],"wp:attachment":[{"href":"https:\/\/sakaba.mghosteur.com\/en\/wp-json\/wp\/v2\/media?parent=34030"}],"wp:term":[{"taxonomy":"product_brand","embeddable":true,"href":"https:\/\/sakaba.mghosteur.com\/en\/wp-json\/wp\/v2\/product_brand?post=34030"},{"taxonomy":"product_cat","embeddable":true,"href":"https:\/\/sakaba.mghosteur.com\/en\/wp-json\/wp\/v2\/product_cat?post=34030"},{"taxonomy":"product_tag","embeddable":true,"href":"https:\/\/sakaba.mghosteur.com\/en\/wp-json\/wp\/v2\/product_tag?post=34030"}],"curies":[{"name":"wp","href":"https:\/\/api.w.org\/{rel}","templated":true}]}}