{"id":34128,"date":"2024-05-27T15:41:58","date_gmt":"2024-05-27T15:41:58","guid":{"rendered":"https:\/\/sakaba.mghosteur.com\/?post_type=product&#038;p=34128"},"modified":"2024-05-28T16:27:04","modified_gmt":"2024-05-28T16:27:04","slug":"bougie-parfume-whipped-vanilla","status":"publish","type":"product","link":"https:\/\/sakaba.mghosteur.com\/en\/product\/bougie-parfume-whipped-vanilla\/","title":{"rendered":"BOUGIE PARFUME WHIPPED VANILLA"},"content":{"rendered":"","protected":false},"excerpt":{"rendered":"","protected":false},"featured_media":0,"comment_status":"open","ping_status":"closed","template":"","meta":[],"product_brand":[1008],"product_cat":[418,283,376],"product_tag":[],"class_list":{"0":"post-34128","1":"product","2":"type-product","3":"status-publish","5":"product_brand-victoria-secret","6":"product_cat-bougies-et-senteurs","7":"product_cat-aah-parfums","8":"product_cat-victoria-secret","10":"first","11":"instock","12":"shipping-taxable","13":"product-type-simple"},"jetpack-related-posts":[{"id":56238,"url":"https:\/\/sakaba.mghosteur.com\/en\/product\/tree-hut-vanilla-whipped-shea-body-butter\/","url_meta":{"origin":34128,"position":0},"title":"Tree Hut Vanilla Whipped Shea Body Butter","author":"Sope DIA","date":"January 3, 2026","format":false,"excerpt":"BEURRE CORPOREL \u00c0 LA VANILLE : Ce beurre corporel fouett\u00e9 hydrate durablement la peau et la laisse douce, lisse et \u00e9clatante. Son parfum chaud et onctueux m\u00eale des notes de vanille onctueuse, de bois de santal et de cr\u00e8me de coco. INGR\u00c9DIENTS BIENFAISANTS POUR LA PEAU\u00a0: Formul\u00e9 \u00e0 base de\u2026","rel":"","context":"Similar post","block_context":{"text":"Similar post","link":""},"img":{"alt_text":"","src":"","width":0,"height":0},"classes":[]},{"id":32432,"url":"https:\/\/sakaba.mghosteur.com\/en\/product\/sol-janeiro-brazilian-71-caramelized-vanilla-90ml\/","url_meta":{"origin":34128,"position":1},"title":"SOL JANEIRO BRAZILIAN 71 CARAMELIZED VANILLA 90ML","author":"admin","date":"May 14, 2024","format":false,"excerpt":"D\u00e9couvrez la Brume parfum\u00e9e pour cheveux et corps Cheirosa '71 de Sol de Janeiro Brazil Crush, une exp\u00e9rience olfactive exquise qui vous transportera directement sur les plages ensoleill\u00e9es du Br\u00e9sil. Impr\u00e9gnez-vous de cette fragrance enivrante, o\u00f9 la vanille caram\u00e9lis\u00e9e se m\u00eale harmonieusement \u00e0 la douceur de la noix de macadamia\u2026","rel":"","context":"Similar post","block_context":{"text":"Similar post","link":""},"img":{"alt_text":"","src":"","width":0,"height":0},"classes":[]},{"id":32143,"url":"https:\/\/sakaba.mghosteur.com\/en\/product\/tree-hut-candy-whipped-shea-body-butter\/","url_meta":{"origin":34128,"position":2},"title":"TREE HUT CANDY WHIPPED SHEA BODY BUTTER","author":"admin","date":"May 13, 2024","format":false,"excerpt":"Le beurre corporel fouett\u00e9 \u00e0 la canne en sucre de Tree Hut est le soin parfait pour la peau apr\u00e8s le bain ou comme rafra\u00eechisseur de peau. Le parfum classique des f\u00eates de Candy Cane laissera votre peau douce, hydrat\u00e9e et sentant incroyablement bon ! Les beurres corporels fouett\u00e9s Tree\u2026","rel":"","context":"Similar post","block_context":{"text":"Similar post","link":""},"img":{"alt_text":"","src":"","width":0,"height":0},"classes":[]},{"id":32647,"url":"https:\/\/sakaba.mghosteur.com\/en\/product\/white-barn-hello-sunshine\/","url_meta":{"origin":34128,"position":3},"title":"WHITE BARN HELLO SUNSHINE BOUGIE","author":"admin","date":"May 15, 2024","format":false,"excerpt":"Un citron vif, des notes d'\u00e9corce de citron vert et de douces notes de mandarine r\u00e9unies dans la bougie la plus joyeuse de tous les temps !","rel":"","context":"Similar post","block_context":{"text":"Similar post","link":""},"img":{"alt_text":"","src":"","width":0,"height":0},"classes":[]},{"id":33144,"url":"https:\/\/sakaba.mghosteur.com\/en\/product\/bath-body-warm-vanilla-sugar\/","url_meta":{"origin":34128,"position":4},"title":"BATH &amp; BODY WARM VANILLA SUGAR","author":"admin","date":"May 20, 2024","format":false,"excerpt":"","rel":"","context":"Similar post","block_context":{"text":"Similar post","link":""},"img":{"alt_text":"","src":"","width":0,"height":0},"classes":[]},{"id":32480,"url":"https:\/\/sakaba.mghosteur.com\/en\/product\/sol-janeiro-fragrance-cheiroisa-59-240ml\/","url_meta":{"origin":34128,"position":5},"title":"SOL JANEIRO FRAGRANCE CHEIROISA 59 240ML","author":"admin","date":"May 14, 2024","format":false,"excerpt":"D\u00e9couvrez le Brazilian Crush Cheirosa 59, une brume parfum\u00e9e captivante pour le corps et les cheveux. Transportez-vous vers les chaudes soir\u00e9es br\u00e9siliennes avec ses accords envo\u00fbtants d\u2019orchid\u00e9e vanille, de violette sucr\u00e9e et de bois de santal pur. Cette brume parfum\u00e9e vous offre une exp\u00e9rience sensorielle unique, \u00e9veillant vos sens avec\u2026","rel":"","context":"Similar post","block_context":{"text":"Similar post","link":""},"img":{"alt_text":"","src":"","width":0,"height":0},"classes":[]}],"_links":{"self":[{"href":"https:\/\/sakaba.mghosteur.com\/en\/wp-json\/wp\/v2\/product\/34128","targetHints":{"allow":["GET"]}}],"collection":[{"href":"https:\/\/sakaba.mghosteur.com\/en\/wp-json\/wp\/v2\/product"}],"about":[{"href":"https:\/\/sakaba.mghosteur.com\/en\/wp-json\/wp\/v2\/types\/product"}],"replies":[{"embeddable":true,"href":"https:\/\/sakaba.mghosteur.com\/en\/wp-json\/wp\/v2\/comments?post=34128"}],"version-history":[{"count":0,"href":"https:\/\/sakaba.mghosteur.com\/en\/wp-json\/wp\/v2\/product\/34128\/revisions"}],"wp:attachment":[{"href":"https:\/\/sakaba.mghosteur.com\/en\/wp-json\/wp\/v2\/media?parent=34128"}],"wp:term":[{"taxonomy":"product_brand","embeddable":true,"href":"https:\/\/sakaba.mghosteur.com\/en\/wp-json\/wp\/v2\/product_brand?post=34128"},{"taxonomy":"product_cat","embeddable":true,"href":"https:\/\/sakaba.mghosteur.com\/en\/wp-json\/wp\/v2\/product_cat?post=34128"},{"taxonomy":"product_tag","embeddable":true,"href":"https:\/\/sakaba.mghosteur.com\/en\/wp-json\/wp\/v2\/product_tag?post=34128"}],"curies":[{"name":"wp","href":"https:\/\/api.w.org\/{rel}","templated":true}]}}