{"id":34140,"date":"2024-05-27T15:46:08","date_gmt":"2024-05-27T15:46:08","guid":{"rendered":"https:\/\/sakaba.mghosteur.com\/?post_type=product&#038;p=34140"},"modified":"2024-05-28T14:58:43","modified_gmt":"2024-05-28T14:58:43","slug":"charlotte-tilbury-savage-rose-crayon-contour-des-l","status":"publish","type":"product","link":"https:\/\/sakaba.mghosteur.com\/en\/product\/charlotte-tilbury-savage-rose-crayon-contour-des-l\/","title":{"rendered":"CHARLOTTE TILBURY SAVAGE ROSE CRAYON CONTOUR DES L"},"content":{"rendered":"","protected":false},"excerpt":{"rendered":"","protected":false},"featured_media":0,"comment_status":"open","ping_status":"closed","template":"","meta":[],"product_brand":[818],"product_cat":[289,297],"product_tag":[],"class_list":{"0":"post-34140","1":"product","2":"type-product","3":"status-publish","5":"product_brand-charlotte-tilburry","6":"product_cat-aaa-maquillage","7":"product_cat-yeux","9":"first","10":"instock","11":"shipping-taxable","12":"product-type-simple"},"jetpack-related-posts":[{"id":34131,"url":"https:\/\/sakaba.mghosteur.com\/en\/product\/charlotte-tilbury-kiss-n-tell-crayon-contour-levre\/","url_meta":{"origin":34140,"position":0},"title":"CHARLOTTE TILBURY KISS N TELL CRAYON CONTOUR LEVRE","author":"admin","date":"May 27, 2024","format":false,"excerpt":"","rel":"","context":"Similar post","block_context":{"text":"Similar post","link":""},"img":{"alt_text":"","src":"","width":0,"height":0},"classes":[]},{"id":34134,"url":"https:\/\/sakaba.mghosteur.com\/en\/product\/charlotte-tilbury-magic-cream-15ml\/","url_meta":{"origin":34140,"position":1},"title":"CHARLOTTE TILBURY MAGIC CREAM 15ML","author":"admin","date":"May 27, 2024","format":false,"excerpt":"","rel":"","context":"Similar post","block_context":{"text":"Similar post","link":""},"img":{"alt_text":"","src":"","width":0,"height":0},"classes":[]},{"id":34137,"url":"https:\/\/sakaba.mghosteur.com\/en\/product\/charlotte-tilbury-magic-cream-30ml\/","url_meta":{"origin":34140,"position":2},"title":"CHARLOTTE TILBURY MAGIC CREAM 30ML","author":"admin","date":"May 27, 2024","format":false,"excerpt":"","rel":"","context":"Similar post","block_context":{"text":"Similar post","link":""},"img":{"alt_text":"","src":"","width":0,"height":0},"classes":[]},{"id":27622,"url":"https:\/\/sakaba.mghosteur.com\/en\/product\/age-correcting-eye-cream\/","url_meta":{"origin":34140,"position":3},"title":"AGE CORRECTING EYE CREAM","author":"admin","date":"November 29, 2022","format":false,"excerpt":"La marque HadaLabo vous pr\u00e9sente sa cr\u00e8me contour des yeux anti-\u00e2ge, une formule l\u00e9g\u00e8re et multifonctionnelle con\u00e7ue pour traiter les principaux signes de l'\u00e2ge et de la fatigue pour transformer visiblement toute la zone des yeux. Cette cr\u00e8me de 0,5 oz est id\u00e9ale pour restaurer l'humidit\u00e9, lisser les rides et\u2026","rel":"","context":"Similar post","block_context":{"text":"Similar post","link":""},"img":{"alt_text":"","src":"","width":0,"height":0},"classes":[]},{"id":32694,"url":"https:\/\/sakaba.mghosteur.com\/en\/product\/sephora-crayon-sourcils-retractable-marron\/","url_meta":{"origin":34140,"position":4},"title":"SEPHORA CRAYON SOURCILS RETRACTABLE MARRON","author":"admin","date":"May 15, 2024","format":false,"excerpt":"","rel":"","context":"Similar post","block_context":{"text":"Similar post","link":""},"img":{"alt_text":"","src":"","width":0,"height":0},"classes":[]},{"id":24761,"url":"https:\/\/sakaba.mghosteur.com\/en\/product\/mac-lip-pencil-crayon-a-levres\/","url_meta":{"origin":34140,"position":5},"title":"MAC LIP PENCIL CRAYON A LEVRES","author":"admin","date":"November 10, 2022","format":false,"excerpt":"","rel":"","context":"Similar post","block_context":{"text":"Similar post","link":""},"img":{"alt_text":"","src":"","width":0,"height":0},"classes":[]}],"_links":{"self":[{"href":"https:\/\/sakaba.mghosteur.com\/en\/wp-json\/wp\/v2\/product\/34140","targetHints":{"allow":["GET"]}}],"collection":[{"href":"https:\/\/sakaba.mghosteur.com\/en\/wp-json\/wp\/v2\/product"}],"about":[{"href":"https:\/\/sakaba.mghosteur.com\/en\/wp-json\/wp\/v2\/types\/product"}],"replies":[{"embeddable":true,"href":"https:\/\/sakaba.mghosteur.com\/en\/wp-json\/wp\/v2\/comments?post=34140"}],"version-history":[{"count":0,"href":"https:\/\/sakaba.mghosteur.com\/en\/wp-json\/wp\/v2\/product\/34140\/revisions"}],"wp:attachment":[{"href":"https:\/\/sakaba.mghosteur.com\/en\/wp-json\/wp\/v2\/media?parent=34140"}],"wp:term":[{"taxonomy":"product_brand","embeddable":true,"href":"https:\/\/sakaba.mghosteur.com\/en\/wp-json\/wp\/v2\/product_brand?post=34140"},{"taxonomy":"product_cat","embeddable":true,"href":"https:\/\/sakaba.mghosteur.com\/en\/wp-json\/wp\/v2\/product_cat?post=34140"},{"taxonomy":"product_tag","embeddable":true,"href":"https:\/\/sakaba.mghosteur.com\/en\/wp-json\/wp\/v2\/product_tag?post=34140"}],"curies":[{"name":"wp","href":"https:\/\/api.w.org\/{rel}","templated":true}]}}