{"id":34156,"date":"2024-05-27T15:54:16","date_gmt":"2024-05-27T15:54:16","guid":{"rendered":"https:\/\/sakaba.mghosteur.com\/?post_type=product&#038;p=34156"},"modified":"2024-05-28T14:50:15","modified_gmt":"2024-05-28T14:50:15","slug":"clear-skin-acne-detoxifying-charcoal-mud-mask","status":"publish","type":"product","link":"https:\/\/sakaba.mghosteur.com\/en\/product\/clear-skin-acne-detoxifying-charcoal-mud-mask\/","title":{"rendered":"CLEAR SKIN ACNE DETOXIFYING CHARCOAL MUD MASK"},"content":{"rendered":"","protected":false},"excerpt":{"rendered":"","protected":false},"featured_media":0,"comment_status":"open","ping_status":"closed","template":"","meta":[],"product_brand":[1078],"product_cat":[349],"product_tag":[],"class_list":{"0":"post-34156","1":"product","2":"type-product","3":"status-publish","5":"product_brand-yesto","6":"product_cat-masque","8":"first","9":"instock","10":"shipping-taxable","11":"product-type-simple"},"jetpack-related-posts":[{"id":27640,"url":"https:\/\/sakaba.mghosteur.com\/en\/product\/charcoal-detoxifying-peel-off-mask\/","url_meta":{"origin":34156,"position":0},"title":"Charcoal detoxifying peel off mask","author":"admin","date":"November 29, 2022","format":false,"excerpt":"","rel":"","context":"Similar post","block_context":{"text":"Similar post","link":""},"img":{"alt_text":"","src":"","width":0,"height":0},"classes":[]},{"id":27949,"url":"https:\/\/sakaba.mghosteur.com\/en\/product\/origins-clear-improvement-active-charcoal-mask\/","url_meta":{"origin":34156,"position":1},"title":"ORIGINS CLEAR IMPROVEMENT ACTIVE CHARCOAL MASK","author":"admin","date":"November 29, 2022","format":false,"excerpt":"","rel":"","context":"Similar post","block_context":{"text":"Similar post","link":""},"img":{"alt_text":"","src":"","width":0,"height":0},"classes":[]},{"id":34827,"url":"https:\/\/sakaba.mghosteur.com\/en\/product\/acure-incredibly-clear-charcoal-lemonade-mask\/","url_meta":{"origin":34156,"position":2},"title":"ACURE INCREDIBLY CLEAR CHARCOAL LEMONADE MASK","author":"admin","date":"June 3, 2024","format":false,"excerpt":"","rel":"","context":"Similar post","block_context":{"text":"Similar post","link":""},"img":{"alt_text":"","src":"","width":0,"height":0},"classes":[]},{"id":26787,"url":"https:\/\/sakaba.mghosteur.com\/en\/product\/olay-scrubs-detoxifying-vitamin-c-black-charcoal\/","url_meta":{"origin":34156,"position":3},"title":"Olay Scrubs Detoxifying Vitamin C + Black Charcoal","author":"admin","date":"November 28, 2022","format":false,"excerpt":"","rel":"","context":"Similar post","block_context":{"text":"Similar post","link":""},"img":{"alt_text":"","src":"","width":0,"height":0},"classes":[]},{"id":33370,"url":"https:\/\/sakaba.mghosteur.com\/en\/product\/biore-charcoal-facial-cleanser-normal-to-oily-skin-1-salicylic-acid\/","url_meta":{"origin":34156,"position":4},"title":"Bior\u00e9 Charcoal Facial Cleanser, Normal to Oily Skin, 1% Salicylic Acid","author":"admin","date":"May 21, 2024","format":false,"excerpt":"Le nettoyant anti-acn\u00e9 au charbon de bois Biore pour peaux grasses nettoie en profondeur, p\u00e9n\u00e8tre les pores et absorbe l'exc\u00e8s de s\u00e9bum. Avec du charbon naturel, connu pour ses propri\u00e9t\u00e9s d'absorption de s\u00e9bum, ce nettoyant pour peaux grasses fonctionne avec de l'acide salicylique anti-acn\u00e9 et une technologie de purification de\u2026","rel":"","context":"Similar post","block_context":{"text":"Similar post","link":""},"img":{"alt_text":"","src":"","width":0,"height":0},"classes":[]},{"id":34165,"url":"https:\/\/sakaba.mghosteur.com\/en\/product\/detoxifying-daily-cleanser-acne-treatment\/","url_meta":{"origin":34156,"position":5},"title":"DETOXIFYING DAILY CLEANSER acne treatment","author":"admin","date":"May 27, 2024","format":false,"excerpt":"","rel":"","context":"Similar post","block_context":{"text":"Similar post","link":""},"img":{"alt_text":"","src":"","width":0,"height":0},"classes":[]}],"_links":{"self":[{"href":"https:\/\/sakaba.mghosteur.com\/en\/wp-json\/wp\/v2\/product\/34156","targetHints":{"allow":["GET"]}}],"collection":[{"href":"https:\/\/sakaba.mghosteur.com\/en\/wp-json\/wp\/v2\/product"}],"about":[{"href":"https:\/\/sakaba.mghosteur.com\/en\/wp-json\/wp\/v2\/types\/product"}],"replies":[{"embeddable":true,"href":"https:\/\/sakaba.mghosteur.com\/en\/wp-json\/wp\/v2\/comments?post=34156"}],"version-history":[{"count":0,"href":"https:\/\/sakaba.mghosteur.com\/en\/wp-json\/wp\/v2\/product\/34156\/revisions"}],"wp:attachment":[{"href":"https:\/\/sakaba.mghosteur.com\/en\/wp-json\/wp\/v2\/media?parent=34156"}],"wp:term":[{"taxonomy":"product_brand","embeddable":true,"href":"https:\/\/sakaba.mghosteur.com\/en\/wp-json\/wp\/v2\/product_brand?post=34156"},{"taxonomy":"product_cat","embeddable":true,"href":"https:\/\/sakaba.mghosteur.com\/en\/wp-json\/wp\/v2\/product_cat?post=34156"},{"taxonomy":"product_tag","embeddable":true,"href":"https:\/\/sakaba.mghosteur.com\/en\/wp-json\/wp\/v2\/product_tag?post=34156"}],"curies":[{"name":"wp","href":"https:\/\/api.w.org\/{rel}","templated":true}]}}