{"id":34165,"date":"2024-05-27T15:57:51","date_gmt":"2024-05-27T15:57:51","guid":{"rendered":"https:\/\/sakaba.mghosteur.com\/?post_type=product&#038;p=34165"},"modified":"2024-05-28T13:40:53","modified_gmt":"2024-05-28T13:40:53","slug":"detoxifying-daily-cleanser-acne-treatment","status":"publish","type":"product","link":"https:\/\/sakaba.mghosteur.com\/en\/product\/detoxifying-daily-cleanser-acne-treatment\/","title":{"rendered":"DETOXIFYING DAILY CLEANSER acne treatment"},"content":{"rendered":"","protected":false},"excerpt":{"rendered":"","protected":false},"featured_media":0,"comment_status":"open","ping_status":"closed","template":"","meta":[],"product_brand":[1078],"product_cat":[446],"product_tag":[],"class_list":{"0":"post-34165","1":"product","2":"type-product","3":"status-publish","5":"product_brand-yesto","6":"product_cat-nettoyant","8":"first","9":"instock","10":"shipping-taxable","11":"product-type-simple"},"jetpack-related-posts":[{"id":34156,"url":"https:\/\/sakaba.mghosteur.com\/en\/product\/clear-skin-acne-detoxifying-charcoal-mud-mask\/","url_meta":{"origin":34165,"position":0},"title":"CLEAR SKIN ACNE DETOXIFYING CHARCOAL MUD MASK","author":"admin","date":"May 27, 2024","format":false,"excerpt":"","rel":"","context":"Similar post","block_context":{"text":"Similar post","link":""},"img":{"alt_text":"","src":"","width":0,"height":0},"classes":[]},{"id":29485,"url":"https:\/\/sakaba.mghosteur.com\/en\/product\/cosrx-salicylic-acid-daily-gentle-cleanser\/","url_meta":{"origin":34165,"position":1},"title":"COSRX SALICYLIC ACID DAILY GENTLE CLEANSER","author":"admin","date":"April 6, 2023","format":false,"excerpt":"Le Nettoyant doux quotidien \u00e0 l'acide salicylique est un produit qui nettoie en douceur la peau sans la dess\u00e9cher. Il utilise de l'acide salicylique pour \u00e9liminer les impuret\u00e9s et l'exc\u00e8s de s\u00e9bum tout en luttant contre l'acn\u00e9 et les imperfections. Ce nettoyant laisse la peau douce et lisse sans sensation\u2026","rel":"","context":"Similar post","block_context":{"text":"Similar post","link":""},"img":{"alt_text":"","src":"","width":0,"height":0},"classes":[]},{"id":24730,"url":"https:\/\/sakaba.mghosteur.com\/en\/product\/differin-cleanser-dailydeep\/","url_meta":{"origin":34165,"position":2},"title":"DIFFERIN CLEANSER DAILY DEEP","author":"admin","date":"November 10, 2022","format":false,"excerpt":"Le nettoyant quotidien en profondeur offre la puissance du peroxyde de benzoyle, mais avec moins d'irritation et de rougeurs. Contient 5 % de peroxyde de benzoyle qui p\u00e9n\u00e8tre profond\u00e9ment dans les pores pour traiter et pr\u00e9venir l'acn\u00e9 Formule micronis\u00e9e \u00e0 double action qui s'est av\u00e9r\u00e9e moins irritante que les formules\u2026","rel":"","context":"Similar post","block_context":{"text":"Similar post","link":""},"img":{"alt_text":"","src":"","width":0,"height":0},"classes":[]},{"id":26353,"url":"https:\/\/sakaba.mghosteur.com\/en\/product\/paula-choice-daily-skin-clearing-treatment\/","url_meta":{"origin":34165,"position":3},"title":"PAULA CHOICE Extra Strength Daily Skin Clearing Treatment with 5% Benzoyl Peroxide","author":"admin","date":"November 25, 2022","format":false,"excerpt":"Ce traitement quotidien pour le nettoyage de la peau est extra-puissant gr\u00e2ce \u00e0 sa formule contenant 5% de peroxyde de benzoyle. Il est sp\u00e9cialement con\u00e7u pour combattre l'acn\u00e9 tenace, pr\u00e9venir les \u00e9ruptions futures et r\u00e9duire les marques rouges. Contrairement \u00e0 d'autres produits similaires, celui-ci ne contient pas d'ingr\u00e9dients agressifs qui\u2026","rel":"","context":"Similar post","block_context":{"text":"Similar post","link":""},"img":{"alt_text":"","src":"","width":0,"height":0},"classes":[]},{"id":27749,"url":"https:\/\/sakaba.mghosteur.com\/en\/product\/murad-acne-control-acne-clarifying-treatment\/","url_meta":{"origin":34165,"position":4},"title":"MURAD ACNE CONTROL ACNE CLARIFYING TREATMENT","author":"admin","date":"November 29, 2022","format":false,"excerpt":"","rel":"","context":"Similar post","block_context":{"text":"Similar post","link":""},"img":{"alt_text":"","src":"","width":0,"height":0},"classes":[]},{"id":27564,"url":"https:\/\/sakaba.mghosteur.com\/en\/product\/acne-treatment-gel\/","url_meta":{"origin":34165,"position":5},"title":"ACNE TREATMENT GEL","author":"admin","date":"November 29, 2022","format":false,"excerpt":"","rel":"","context":"Similar post","block_context":{"text":"Similar post","link":""},"img":{"alt_text":"","src":"","width":0,"height":0},"classes":[]}],"_links":{"self":[{"href":"https:\/\/sakaba.mghosteur.com\/en\/wp-json\/wp\/v2\/product\/34165","targetHints":{"allow":["GET"]}}],"collection":[{"href":"https:\/\/sakaba.mghosteur.com\/en\/wp-json\/wp\/v2\/product"}],"about":[{"href":"https:\/\/sakaba.mghosteur.com\/en\/wp-json\/wp\/v2\/types\/product"}],"replies":[{"embeddable":true,"href":"https:\/\/sakaba.mghosteur.com\/en\/wp-json\/wp\/v2\/comments?post=34165"}],"version-history":[{"count":0,"href":"https:\/\/sakaba.mghosteur.com\/en\/wp-json\/wp\/v2\/product\/34165\/revisions"}],"wp:attachment":[{"href":"https:\/\/sakaba.mghosteur.com\/en\/wp-json\/wp\/v2\/media?parent=34165"}],"wp:term":[{"taxonomy":"product_brand","embeddable":true,"href":"https:\/\/sakaba.mghosteur.com\/en\/wp-json\/wp\/v2\/product_brand?post=34165"},{"taxonomy":"product_cat","embeddable":true,"href":"https:\/\/sakaba.mghosteur.com\/en\/wp-json\/wp\/v2\/product_cat?post=34165"},{"taxonomy":"product_tag","embeddable":true,"href":"https:\/\/sakaba.mghosteur.com\/en\/wp-json\/wp\/v2\/product_tag?post=34165"}],"curies":[{"name":"wp","href":"https:\/\/api.w.org\/{rel}","templated":true}]}}