{"id":34174,"date":"2024-05-27T16:03:00","date_gmt":"2024-05-27T16:03:00","guid":{"rendered":"https:\/\/sakaba.mghosteur.com\/?post_type=product&#038;p=34174"},"modified":"2024-09-01T16:50:00","modified_gmt":"2024-09-01T16:50:00","slug":"first-aid-beauty-anti-chafe-stick","status":"publish","type":"product","link":"https:\/\/sakaba.mghosteur.com\/en\/product\/first-aid-beauty-anti-chafe-stick\/","title":{"rendered":"FIRST AID BEAUTY ANTI CHAFE STICK"},"content":{"rendered":"<p>Pour faire des courses ou participer \u00e0 une course, prenez la journ\u00e9e \u00e0 la l\u00e9g\u00e8re et remplacez les frottements inconfortables par une glisse douce et non grasse, id\u00e9ale pour 10 000 pas.<\/p>\n<p>Glissez facilement avec moins de frottements et d&#8217;inconfort gr\u00e2ce \u00e0 cette formule non collante et sans d\u00e9g\u00e2ts<\/p>\n<p>qui cr\u00e9e un bouclier r\u00e9sistant \u00e0 la transpiration sur la peau d\u00e9licate de l&#8217;int\u00e9rieur des cuisses, des aisselles ou partout o\u00f9 vous ressentez des frottements<\/p>\n<p>Avec du beurre de karit\u00e9 + de l&#8217;avoine collo\u00efdale, il est sans parfum, sans alcool + sans danger pour les peaux sensibles<\/p>\n<p>Sans allerg\u00e8ne, v\u00e9g\u00e9talien, sans gluten, sans soja, sans noix, sans nano, sans parth\u00e9nolide<\/p>","protected":false},"excerpt":{"rendered":"<p>Pour faire des courses ou participer \u00e0 une course, prenez la journ\u00e9e \u00e0 la l\u00e9g\u00e8re et remplacez les frottements inconfortables par une glisse douce et non grasse, id\u00e9ale pour 10 000 pas. Glissez facilement avec moins de frottements et d&#8217;inconfort gr\u00e2ce \u00e0 cette formule non collante et sans d\u00e9g\u00e2ts qui cr\u00e9e un bouclier r\u00e9sistant \u00e0<span class=\"read-more-faq\"><a href=\"https:\/\/sakaba.mghosteur.com\/en\/product\/first-aid-beauty-anti-chafe-stick\/\">Read More<\/a><\/span><\/p>","protected":false},"featured_media":0,"comment_status":"open","ping_status":"closed","template":"","meta":[],"product_brand":[1079],"product_cat":[391,447,450],"product_tag":[],"class_list":{"0":"post-34174","1":"product","2":"type-product","3":"status-publish","5":"product_brand-first-aid-beauty","6":"product_cat-aae-bien-etre","7":"product_cat-aac-bain-et-corps","8":"product_cat-soin-de-la-peau","10":"first","11":"instock","12":"shipping-taxable","13":"product-type-simple"},"jetpack-related-posts":[],"_links":{"self":[{"href":"https:\/\/sakaba.mghosteur.com\/en\/wp-json\/wp\/v2\/product\/34174","targetHints":{"allow":["GET"]}}],"collection":[{"href":"https:\/\/sakaba.mghosteur.com\/en\/wp-json\/wp\/v2\/product"}],"about":[{"href":"https:\/\/sakaba.mghosteur.com\/en\/wp-json\/wp\/v2\/types\/product"}],"replies":[{"embeddable":true,"href":"https:\/\/sakaba.mghosteur.com\/en\/wp-json\/wp\/v2\/comments?post=34174"}],"version-history":[{"count":0,"href":"https:\/\/sakaba.mghosteur.com\/en\/wp-json\/wp\/v2\/product\/34174\/revisions"}],"wp:attachment":[{"href":"https:\/\/sakaba.mghosteur.com\/en\/wp-json\/wp\/v2\/media?parent=34174"}],"wp:term":[{"taxonomy":"product_brand","embeddable":true,"href":"https:\/\/sakaba.mghosteur.com\/en\/wp-json\/wp\/v2\/product_brand?post=34174"},{"taxonomy":"product_cat","embeddable":true,"href":"https:\/\/sakaba.mghosteur.com\/en\/wp-json\/wp\/v2\/product_cat?post=34174"},{"taxonomy":"product_tag","embeddable":true,"href":"https:\/\/sakaba.mghosteur.com\/en\/wp-json\/wp\/v2\/product_tag?post=34174"}],"curies":[{"name":"wp","href":"https:\/\/api.w.org\/{rel}","templated":true}]}}