{"id":34177,"date":"2024-05-27T16:04:00","date_gmt":"2024-05-27T16:04:00","guid":{"rendered":"https:\/\/sakaba.mghosteur.com\/?post_type=product&#038;p=34177"},"modified":"2024-09-01T16:54:10","modified_gmt":"2024-09-01T16:54:10","slug":"first-aid-beauty-anti-dandruff-scalp-serum-2-sali","status":"publish","type":"product","link":"https:\/\/sakaba.mghosteur.com\/en\/product\/first-aid-beauty-anti-dandruff-scalp-serum-2-sali\/","title":{"rendered":"FIRST AID BEAUTY Anti-Dandruff Scalp Serum with 2% Salicylic Acid"},"content":{"rendered":"<p>traitement l\u00e9ger sans rin\u00e7age avec 2 % d&#8217;acide salicylique qui combat les pellicules et soulage la d\u00e9tresse et l&#8217;inconfort du cuir chevelu sec.<\/p>","protected":false},"excerpt":{"rendered":"<p>traitement l\u00e9ger sans rin\u00e7age avec 2 % d&#8217;acide salicylique qui combat les pellicules et soulage la d\u00e9tresse et l&#8217;inconfort du cuir chevelu sec.<\/p>","protected":false},"featured_media":0,"comment_status":"open","ping_status":"closed","template":"","meta":[],"product_brand":[861],"product_cat":[284,1063],"product_tag":[],"class_list":{"0":"post-34177","1":"product","2":"type-product","3":"status-publish","5":"product_brand-first-aid","6":"product_cat-aad-cheveux","7":"product_cat-traitement-capilaire","9":"first","10":"instock","11":"shipping-taxable","12":"product-type-simple"},"jetpack-related-posts":[{"id":26271,"url":"https:\/\/sakaba.mghosteur.com\/en\/product\/belo-kojic-acid-tranexamic-acid-2\/","url_meta":{"origin":34177,"position":0},"title":"BELO KOJIC ACID +TRANEXAMIC ACID","author":"admin","date":"November 24, 2022","format":false,"excerpt":"","rel":"","context":"Similar post","block_context":{"text":"Similar post","link":""},"img":{"alt_text":"","src":"","width":0,"height":0},"classes":[]},{"id":31346,"url":"https:\/\/sakaba.mghosteur.com\/en\/product\/paula-choice-skin-perfecting-6-mandelic-acid-2-lactic-acid-88ml\/","url_meta":{"origin":34177,"position":1},"title":"PAULA CHOICE SKIN PERFECTING 6% MANDELIC ACID + 2%  LACTIC ACID 88ml","author":"admin","date":"May 10, 2024","format":false,"excerpt":"D\u00e9couvrez un produit innovant pour votre routine de soins de la peau : le m\u00e9lange d'acide mand\u00e9lique \u00e0 6 % et d'exfoliant liquide \u00e0 l'acide lactique \u00e0 2 %. Ce puissant m\u00e9lange d'exfoliants AHA offre une solution douce mais efficace pour raviver votre peau. Il aide \u00e0 \u00e9liminer les cellules\u2026","rel":"","context":"Similar post","block_context":{"text":"Similar post","link":""},"img":{"alt_text":"","src":"","width":0,"height":0},"classes":[]},{"id":24559,"url":"https:\/\/sakaba.mghosteur.com\/en\/product\/clean-clear-blackhead-eraser-facial-scrub-with-2-salicylic-acid-acne-medication\/","url_meta":{"origin":34177,"position":2},"title":"Clean &#038; Clear Blackhead Eraser Facial Scrub with 2% Salicylic Acid Acne Medication","author":"admin","date":"November 10, 2022","format":false,"excerpt":"","rel":"","context":"Similar post","block_context":{"text":"Similar post","link":""},"img":{"alt_text":"","src":"","width":0,"height":0},"classes":[]},{"id":33697,"url":"https:\/\/sakaba.mghosteur.com\/en\/product\/farmacy-filling-good-hyaluronic-acid-plumping-serum-2\/","url_meta":{"origin":34177,"position":3},"title":"FARMACY FILLING GOOD HYALURONIC ACID PLUMPING SERUM","author":"admin","date":"May 22, 2024","format":false,"excerpt":"","rel":"","context":"Similar post","block_context":{"text":"Similar post","link":""},"img":{"alt_text":"","src":"","width":0,"height":0},"classes":[]},{"id":27487,"url":"https:\/\/sakaba.mghosteur.com\/en\/product\/the-ordinary-salicylic-acid-2-anhydrous-solution-2\/","url_meta":{"origin":34177,"position":4},"title":"THE ORDINARY SALICYLIC ACID 2% ANHYDROUS SOLUTION","author":"admin","date":"November 29, 2022","format":false,"excerpt":"La solution anhydre d'acide salicylique \u00e0 2 % de la marque The Ordinary est une formule douce con\u00e7ue pour exfolier en douceur la peau, d\u00e9congestionner les pores, lisser les irr\u00e9gularit\u00e9s de texture et r\u00e9duire les rougeurs et le teint irr\u00e9gulier. Cette formule se distingue des autres offres d'acide salicylique gr\u00e2ce\u2026","rel":"","context":"Similar post","block_context":{"text":"Similar post","link":""},"img":{"alt_text":"","src":"","width":0,"height":0},"classes":[]},{"id":27377,"url":"https:\/\/sakaba.mghosteur.com\/en\/product\/the-inkey-salicylic-acid-cleanser\/","url_meta":{"origin":34177,"position":5},"title":"THE INKEY SALICYLIC ACID CLEANSER","author":"admin","date":"November 29, 2022","format":false,"excerpt":"Le nettoyant \u00e0 l'acide salicylique \u00e9limine le maquillage et la salet\u00e9 tout en r\u00e9duisant les points noirs et les \u00e9ruptions cutan\u00e9es. Contenant 2% d'acide salicylique et du zinc, il aide \u00e9galement \u00e0 contr\u00f4ler le s\u00e9bum et \u00e0 uniformiser le teint.","rel":"","context":"Similar post","block_context":{"text":"Similar post","link":""},"img":{"alt_text":"","src":"","width":0,"height":0},"classes":[]}],"_links":{"self":[{"href":"https:\/\/sakaba.mghosteur.com\/en\/wp-json\/wp\/v2\/product\/34177","targetHints":{"allow":["GET"]}}],"collection":[{"href":"https:\/\/sakaba.mghosteur.com\/en\/wp-json\/wp\/v2\/product"}],"about":[{"href":"https:\/\/sakaba.mghosteur.com\/en\/wp-json\/wp\/v2\/types\/product"}],"replies":[{"embeddable":true,"href":"https:\/\/sakaba.mghosteur.com\/en\/wp-json\/wp\/v2\/comments?post=34177"}],"version-history":[{"count":0,"href":"https:\/\/sakaba.mghosteur.com\/en\/wp-json\/wp\/v2\/product\/34177\/revisions"}],"wp:attachment":[{"href":"https:\/\/sakaba.mghosteur.com\/en\/wp-json\/wp\/v2\/media?parent=34177"}],"wp:term":[{"taxonomy":"product_brand","embeddable":true,"href":"https:\/\/sakaba.mghosteur.com\/en\/wp-json\/wp\/v2\/product_brand?post=34177"},{"taxonomy":"product_cat","embeddable":true,"href":"https:\/\/sakaba.mghosteur.com\/en\/wp-json\/wp\/v2\/product_cat?post=34177"},{"taxonomy":"product_tag","embeddable":true,"href":"https:\/\/sakaba.mghosteur.com\/en\/wp-json\/wp\/v2\/product_tag?post=34177"}],"curies":[{"name":"wp","href":"https:\/\/api.w.org\/{rel}","templated":true}]}}