{"id":34180,"date":"2024-05-27T16:05:07","date_gmt":"2024-05-27T16:05:07","guid":{"rendered":"https:\/\/sakaba.mghosteur.com\/?post_type=product&#038;p=34180"},"modified":"2024-09-01T16:52:53","modified_gmt":"2024-09-01T16:52:53","slug":"first-aid-beauty-anti-dandruff-shampoo","status":"publish","type":"product","link":"https:\/\/sakaba.mghosteur.com\/en\/product\/first-aid-beauty-anti-dandruff-shampoo\/","title":{"rendered":"FIRST AID BEAUTY ANTI DANDRUFF SHAMPOO"},"content":{"rendered":"<p>Le shampooing antipelliculaire First Aid Beauty est un shampooing sans sulfate qui contient 1 % de pyrithione de zinc (ZPT) pour aider \u00e0 lutter contre les pellicules. Il contient \u00e9galement du calendula et de la vitamine E pour apaiser et calmer le cuir chevelu. Certains disent que le shampooing est doux mais puissant et peut aider \u00e0 \u00e9liminer les pellicules, les d\u00e9mangeaisons et les irritations<\/p>","protected":false},"excerpt":{"rendered":"<p>Le shampooing antipelliculaire First Aid Beauty est un shampooing sans sulfate qui contient 1 % de pyrithione de zinc (ZPT) pour aider \u00e0 lutter contre les pellicules. Il contient \u00e9galement du calendula et de la vitamine E pour apaiser et calmer le cuir chevelu. Certains disent que le shampooing est doux mais puissant et peut<span class=\"read-more-faq\"><a href=\"https:\/\/sakaba.mghosteur.com\/en\/product\/first-aid-beauty-anti-dandruff-shampoo\/\">Read More<\/a><\/span><\/p>","protected":false},"featured_media":0,"comment_status":"open","ping_status":"closed","template":"","meta":[],"product_brand":[1079],"product_cat":[284,368,1063],"product_tag":[],"class_list":{"0":"post-34180","1":"product","2":"type-product","3":"status-publish","5":"product_brand-first-aid-beauty","6":"product_cat-aad-cheveux","7":"product_cat-shampoing-et-apres-shampoing","8":"product_cat-traitement-capilaire","10":"first","11":"instock","12":"shipping-taxable","13":"product-type-simple"},"jetpack-related-posts":[{"id":33826,"url":"https:\/\/sakaba.mghosteur.com\/en\/product\/shampoo-and-conditioner-fresh-citrus\/","url_meta":{"origin":34180,"position":0},"title":"HEAD &amp; SHOULDERS SHAMPOO AND CONDITIONER FRESH CITRUS","author":"admin","date":"May 23, 2024","format":false,"excerpt":"Shampooing antipelliculaire 2 en 1 Head & Shoulders Citrus Fresh pour cheveux gras qui agit m\u00eame contre les pellicules persistantes. Un shampooing \u00e0 usage quotidien pour hommes et femmes, avec une formule Microbiome Balance qui cible la cause profonde des pellicules, maintenant un microbiome du cuir chevelu \u00e9quilibr\u00e9. Agit \u00e0\u2026","rel":"","context":"Similar post","block_context":{"text":"Similar post","link":""},"img":{"alt_text":"","src":"","width":0,"height":0},"classes":[]},{"id":31675,"url":"https:\/\/sakaba.mghosteur.com\/en\/product\/sulfur8-medicated-deep-cleaning-shampoo-222ml\/","url_meta":{"origin":34180,"position":1},"title":"SULFUR8 MEDICATED DEEP CLEANING SHAMPOO 222ML","author":"admin","date":"May 10, 2024","format":false,"excerpt":"D\u00e9couvrez Sulfur 8, un shampooing efficace con\u00e7u pour \u00e9liminer les pellicules des cheveux et du cuir chevelu. Sa formule sp\u00e9ciale aide \u00e0 restaurer l'\u00e9quilibre naturel du cuir chevelu tout en laissant les cheveux doux et facilement coiffables. Les points forts de Sulfur 8 : - \u00c9limine efficacement les pellicules -\u2026","rel":"","context":"Similar post","block_context":{"text":"Similar post","link":""},"img":{"alt_text":"","src":"","width":0,"height":0},"classes":[]},{"id":31680,"url":"https:\/\/sakaba.mghosteur.com\/en\/product\/sulfur8-medicated-deep-cleaning-shampoo-340ml\/","url_meta":{"origin":34180,"position":2},"title":"SULFUR8 MEDICATED DEEP CLEANING SHAMPOO 340ML","author":"admin","date":"May 10, 2024","format":false,"excerpt":"D\u00e9couvrez Sulfur 8, un shampooing efficace con\u00e7u pour \u00e9liminer les pellicules des cheveux et du cuir chevelu. Sa formule sp\u00e9ciale aide \u00e0 restaurer l'\u00e9quilibre naturel du cuir chevelu tout en laissant les cheveux doux et facilement coiffables. Les points forts de Sulfur 8 : - \u00c9limine efficacement les pellicules -\u2026","rel":"","context":"Similar post","block_context":{"text":"Similar post","link":""},"img":{"alt_text":"","src":"","width":0,"height":0},"classes":[]},{"id":27038,"url":"https:\/\/sakaba.mghosteur.com\/en\/product\/selsun-blue\/","url_meta":{"origin":34180,"position":3},"title":"Selsun Blue Shampoo","author":"admin","date":"November 28, 2022","format":false,"excerpt":"Ce shampooing antipelliculaire m\u00e9dicamenteux contient du menthol rafra\u00eechissant pour procurer une sensation apaisante et revigorante \u00e0 votre cuir chevelu et 1 % de sulfure de s\u00e9l\u00e9nium pour un contr\u00f4le maximal des pellicules.","rel":"","context":"Similar post","block_context":{"text":"Similar post","link":""},"img":{"alt_text":"","src":"","width":0,"height":0},"classes":[]},{"id":33982,"url":"https:\/\/sakaba.mghosteur.com\/en\/product\/carol-s-daughter-wash-day-delight\/","url_meta":{"origin":34180,"position":4},"title":"CAROL\u2019S DAUGHTER WASH DAY DELIGHT","author":"admin","date":"May 24, 2024","format":false,"excerpt":"Le shampooing micellaire d\u00e9lice du jour de lavage de Carol's daughter \u00e0 l'eau de rose se transforme d'une eau en une mousse douce pour un nettoyage en profondeur sans d\u00e9capage ni frottement agressif pour aider \u00e0 r\u00e9duire le temps le jour du lavage Nettoie les cheveux rapidement - parfait pour\u2026","rel":"","context":"Similar post","block_context":{"text":"Similar post","link":""},"img":{"alt_text":"","src":"","width":0,"height":0},"classes":[]},{"id":34177,"url":"https:\/\/sakaba.mghosteur.com\/en\/product\/first-aid-beauty-anti-dandruff-scalp-serum-2-sali\/","url_meta":{"origin":34180,"position":5},"title":"FIRST AID BEAUTY Anti-Dandruff Scalp Serum with 2% Salicylic Acid","author":"admin","date":"May 27, 2024","format":false,"excerpt":"traitement l\u00e9ger sans rin\u00e7age avec 2 % d'acide salicylique qui combat les pellicules et soulage la d\u00e9tresse et l'inconfort du cuir chevelu sec.","rel":"","context":"Similar post","block_context":{"text":"Similar post","link":""},"img":{"alt_text":"","src":"","width":0,"height":0},"classes":[]}],"_links":{"self":[{"href":"https:\/\/sakaba.mghosteur.com\/en\/wp-json\/wp\/v2\/product\/34180","targetHints":{"allow":["GET"]}}],"collection":[{"href":"https:\/\/sakaba.mghosteur.com\/en\/wp-json\/wp\/v2\/product"}],"about":[{"href":"https:\/\/sakaba.mghosteur.com\/en\/wp-json\/wp\/v2\/types\/product"}],"replies":[{"embeddable":true,"href":"https:\/\/sakaba.mghosteur.com\/en\/wp-json\/wp\/v2\/comments?post=34180"}],"version-history":[{"count":0,"href":"https:\/\/sakaba.mghosteur.com\/en\/wp-json\/wp\/v2\/product\/34180\/revisions"}],"wp:attachment":[{"href":"https:\/\/sakaba.mghosteur.com\/en\/wp-json\/wp\/v2\/media?parent=34180"}],"wp:term":[{"taxonomy":"product_brand","embeddable":true,"href":"https:\/\/sakaba.mghosteur.com\/en\/wp-json\/wp\/v2\/product_brand?post=34180"},{"taxonomy":"product_cat","embeddable":true,"href":"https:\/\/sakaba.mghosteur.com\/en\/wp-json\/wp\/v2\/product_cat?post=34180"},{"taxonomy":"product_tag","embeddable":true,"href":"https:\/\/sakaba.mghosteur.com\/en\/wp-json\/wp\/v2\/product_tag?post=34180"}],"curies":[{"name":"wp","href":"https:\/\/api.w.org\/{rel}","templated":true}]}}