{"id":34183,"date":"2024-05-27T16:06:06","date_gmt":"2024-05-27T16:06:06","guid":{"rendered":"https:\/\/sakaba.mghosteur.com\/?post_type=product&#038;p=34183"},"modified":"2024-09-01T17:02:45","modified_gmt":"2024-09-01T17:02:45","slug":"first-aid-beauty-bump-eraser-body-scrub-with-10-a","status":"publish","type":"product","link":"https:\/\/sakaba.mghosteur.com\/en\/product\/first-aid-beauty-bump-eraser-body-scrub-with-10-a\/","title":{"rendered":"FIRST AID BEAUTY KP BUMP ERASER BODY SCRUB WITH 10% AHA &#8211; 226g"},"content":{"rendered":"<p>D\u00e9couvrez une peau lisse sans effort avec le gommage corporel Beauty KP Bump Eraser de First Aid Beauty. Le gommage corporel contient 10 % d&#8217;acide alpha-hydroxy, un exfoliant chimique qui \u00e9limine les cellules mortes de la peau et les bosses visibles. Adapt\u00e9 \u00e0 tous les types de peau, m\u00eame sensibles, le gommage offre une exfoliation naturelle pour r\u00e9v\u00e9ler une surface douce et soyeuse.<\/p>","protected":false},"excerpt":{"rendered":"<p>D\u00e9couvrez une peau lisse sans effort avec le gommage corporel Beauty KP Bump Eraser de First Aid Beauty. Le gommage corporel contient 10 % d&#8217;acide alpha-hydroxy, un exfoliant chimique qui \u00e9limine les cellules mortes de la peau et les bosses visibles. Adapt\u00e9 \u00e0 tous les types de peau, m\u00eame sensibles, le gommage offre une exfoliation<span class=\"read-more-faq\"><a href=\"https:\/\/sakaba.mghosteur.com\/en\/product\/first-aid-beauty-bump-eraser-body-scrub-with-10-a\/\">Read More<\/a><\/span><\/p>","protected":false},"featured_media":0,"comment_status":"open","ping_status":"closed","template":"","meta":[],"product_brand":[1079],"product_cat":[358,447,291],"product_tag":[],"class_list":{"0":"post-34183","1":"product","2":"type-product","3":"status-publish","5":"product_brand-first-aid-beauty","6":"product_cat-bain-douche","7":"product_cat-aac-bain-et-corps","8":"product_cat-eclaircissant","10":"first","11":"instock","12":"shipping-taxable","13":"product-type-simple"},"jetpack-related-posts":[{"id":27834,"url":"https:\/\/sakaba.mghosteur.com\/en\/product\/kp-bump-eraser-body-scrub-whit-10-aha\/","url_meta":{"origin":34183,"position":0},"title":"KP BUMP ERASER BODY SCRUB WHIT 10% AHA","author":"admin","date":"November 29, 2022","format":false,"excerpt":"","rel":"","context":"Similar post","block_context":{"text":"Similar post","link":""},"img":{"alt_text":"","src":"","width":0,"height":0},"classes":[]},{"id":33045,"url":"https:\/\/sakaba.mghosteur.com\/en\/product\/dove-exfoliant-body-polish-rice-milk\/","url_meta":{"origin":34183,"position":1},"title":"DOVE EXFOLIANT BODY POLISH RICE MILK","author":"admin","date":"May 17, 2024","format":false,"excerpt":"Un gommage corporel cr\u00e9meux enrichi au lait de riz et \u00e0 la macadamia qui utilise une exfoliation mod\u00e9r\u00e9e pour r\u00e9v\u00e9ler une peau douce et soyeuse. Le gommage corporel exfoliant utilise une exfoliation mod\u00e9r\u00e9e pour \u00e9liminer les peaux mortes \u2022 Formule avec des nettoyants sans sulfate SLES d'origine naturelle \u2022 Formul\u00e9\u2026","rel":"","context":"Similar post","block_context":{"text":"Similar post","link":""},"img":{"alt_text":"","src":"","width":0,"height":0},"classes":[]},{"id":33036,"url":"https:\/\/sakaba.mghosteur.com\/en\/product\/dove-exfoliant-body-polish-brown-sugar-coconut\/","url_meta":{"origin":34183,"position":2},"title":"DOVE EXFOLIANT BODY POLISH BROWN SUGAR &amp; COCONUT","author":"admin","date":"May 17, 2024","format":false,"excerpt":"Un gommage corporel au doux parfum de noix de coco qui r\u00e9v\u00e8le votre \u00e9clat naturel en exfoliant la peau en profondeur. Le gommage corporel exfoliant \u00e9limine la peau terne et s\u00e8che \u2022 Fabriqu\u00e9 \u00e0 partir de nettoyants naturels sans sulfate \u2022 Enrichi avec \u00bc de cr\u00e8me hydratante pour prendre soin\u2026","rel":"","context":"Similar post","block_context":{"text":"Similar post","link":""},"img":{"alt_text":"","src":"","width":0,"height":0},"classes":[]},{"id":27831,"url":"https:\/\/sakaba.mghosteur.com\/en\/product\/first-aid-beauty-smoothing-body-lotion-mini\/","url_meta":{"origin":34183,"position":3},"title":"FIRST AID BEAUTY SMOOTHING BODY LOTION MINI","author":"admin","date":"November 29, 2022","format":false,"excerpt":"Une lotion corporelle multit\u00e2che avec 10 % d'AHA qui combine les bienfaits d'un exfoliant chimique et d'un hydratant pour \u00e9liminer les bosses et hydrater la peau. Contient 10 % d'acide lactique (AHA) pour resurfacer la couche sup\u00e9rieure de la peau, aidant \u00e0 r\u00e9duire l'apparence des bosses dures et rugueuses souvent\u2026","rel":"","context":"Similar post","block_context":{"text":"Similar post","link":""},"img":{"alt_text":"","src":"","width":0,"height":0},"classes":[]},{"id":27811,"url":"https:\/\/sakaba.mghosteur.com\/en\/product\/first-aid-beauty-smoothing-body-lotion-with-10-aha\/","url_meta":{"origin":34183,"position":4},"title":"FIRST AID BEAUTY SMOOTHING BODY LOTION WITH 10% AHA","author":"admin","date":"November 29, 2022","format":false,"excerpt":"Une lotion corporelle multit\u00e2che avec 10 % d'AHA qui combine les bienfaits d'un exfoliant chimique et d'un hydratant pour \u00e9liminer les bosses et hydrater la peau. Contient 10 % d'acide lactique (AHA) pour resurfacer la couche sup\u00e9rieure de la peau, aidant \u00e0 r\u00e9duire l'apparence des bosses dures et rugueuses souvent\u2026","rel":"","context":"Similar post","block_context":{"text":"Similar post","link":""},"img":{"alt_text":"","src":"","width":0,"height":0},"classes":[]},{"id":34658,"url":"https:\/\/sakaba.mghosteur.com\/en\/product\/fenty-skin-the-body-duo\/","url_meta":{"origin":34183,"position":5},"title":"Fenty Beauty by Rihanna Fenty Skin The Body Duo Set Buff Ryder Exfoliating Body Scrub 57g + Butta Drop Whipped Oil","author":"admin","date":"May 30, 2024","format":false,"excerpt":"Fenty Skin - Duo Mini Gommage Corps + Cr\u00e8me Hydratante Essentiels Un ensemble comprenant un gommage corporel de format voyage et une cr\u00e8me corporelle \u00e0 l'huile fouett\u00e9e de format voyage pour vous donner une peau lisse, douce et souple. Cet ensemble vous aidera \u00e0 obtenir un \u00e9clat inspir\u00e9 des Cara\u00efbes\u2026","rel":"","context":"Similar post","block_context":{"text":"Similar post","link":""},"img":{"alt_text":"","src":"","width":0,"height":0},"classes":[]}],"_links":{"self":[{"href":"https:\/\/sakaba.mghosteur.com\/en\/wp-json\/wp\/v2\/product\/34183","targetHints":{"allow":["GET"]}}],"collection":[{"href":"https:\/\/sakaba.mghosteur.com\/en\/wp-json\/wp\/v2\/product"}],"about":[{"href":"https:\/\/sakaba.mghosteur.com\/en\/wp-json\/wp\/v2\/types\/product"}],"replies":[{"embeddable":true,"href":"https:\/\/sakaba.mghosteur.com\/en\/wp-json\/wp\/v2\/comments?post=34183"}],"version-history":[{"count":0,"href":"https:\/\/sakaba.mghosteur.com\/en\/wp-json\/wp\/v2\/product\/34183\/revisions"}],"wp:attachment":[{"href":"https:\/\/sakaba.mghosteur.com\/en\/wp-json\/wp\/v2\/media?parent=34183"}],"wp:term":[{"taxonomy":"product_brand","embeddable":true,"href":"https:\/\/sakaba.mghosteur.com\/en\/wp-json\/wp\/v2\/product_brand?post=34183"},{"taxonomy":"product_cat","embeddable":true,"href":"https:\/\/sakaba.mghosteur.com\/en\/wp-json\/wp\/v2\/product_cat?post=34183"},{"taxonomy":"product_tag","embeddable":true,"href":"https:\/\/sakaba.mghosteur.com\/en\/wp-json\/wp\/v2\/product_tag?post=34183"}],"curies":[{"name":"wp","href":"https:\/\/api.w.org\/{rel}","templated":true}]}}