{"id":34189,"date":"2024-05-27T16:08:08","date_gmt":"2024-05-27T16:08:08","guid":{"rendered":"https:\/\/sakaba.mghosteur.com\/?post_type=product&#038;p=34189"},"modified":"2024-09-01T16:41:51","modified_gmt":"2024-09-01T16:41:51","slug":"first-aid-beauty-face-cleanser-142g","status":"publish","type":"product","link":"https:\/\/sakaba.mghosteur.com\/en\/product\/first-aid-beauty-face-cleanser-142g\/","title":{"rendered":"FIRST AID BEAUTY FACE CLEANSER 142G"},"content":{"rendered":"<p>Un nettoyant doux sans parfum qui convient aux peaux sensibles et \u00e9limine efficacement le maquillage, la salet\u00e9 et les impuret\u00e9s, laissant la peau douce et souple.<\/p>\n<p>Le nettoyant quotidien pour le visage non d\u00e9capant au pH \u00e9quilibr\u00e9 aide \u00e0 maintenir l&#8217;acidit\u00e9 naturelle de la peau pour garder les peaux sensibles heureuses<\/p>\n<p>Avec sa texture somptueuse et cr\u00e9meuse, ce nettoyant FAB ne laissera pas la peau tiraill\u00e9e ou s\u00e8che<\/p>\n<p>Sans allerg\u00e8ne, v\u00e9g\u00e9talien, sans gluten, sans soja, sans noix, sans nano, sans parth\u00e9nolide, sans silicone<\/p>","protected":false},"excerpt":{"rendered":"<p>Un nettoyant doux sans parfum qui convient aux peaux sensibles et \u00e9limine efficacement le maquillage, la salet\u00e9 et les impuret\u00e9s, laissant la peau douce et souple. Le nettoyant quotidien pour le visage non d\u00e9capant au pH \u00e9quilibr\u00e9 aide \u00e0 maintenir l&#8217;acidit\u00e9 naturelle de la peau pour garder les peaux sensibles heureuses Avec sa texture somptueuse<span class=\"read-more-faq\"><a href=\"https:\/\/sakaba.mghosteur.com\/en\/product\/first-aid-beauty-face-cleanser-142g\/\">Read More<\/a><\/span><\/p>","protected":false},"featured_media":0,"comment_status":"open","ping_status":"closed","template":"","meta":[],"product_brand":[1079],"product_cat":[324,292,451],"product_tag":[],"class_list":{"0":"post-34189","1":"product","2":"type-product","3":"status-publish","5":"product_brand-first-aid-beauty","6":"product_cat-demaquillant-nettoyant","7":"product_cat-peaux-sensibles","8":"product_cat-aab-soin-du-visage","10":"first","11":"instock","12":"shipping-taxable","13":"product-type-simple"},"jetpack-related-posts":[{"id":34186,"url":"https:\/\/sakaba.mghosteur.com\/en\/product\/first-aid-beauty-face-cleanser-56-5-g\/","url_meta":{"origin":34189,"position":0},"title":"FIRST AID BEAUTY FACE CLEANSER 56.5 G","author":"admin","date":"May 27, 2024","format":false,"excerpt":"Un nettoyant doux sans parfum qui convient aux peaux sensibles et \u00e9limine efficacement le maquillage, la salet\u00e9 et les impuret\u00e9s, laissant la peau douce et souple. Le nettoyant quotidien pour le visage non d\u00e9capant au pH \u00e9quilibr\u00e9 aide \u00e0 maintenir l'acidit\u00e9 naturelle de la peau pour garder les peaux sensibles\u2026","rel":"","context":"Similar post","block_context":{"text":"Similar post","link":""},"img":{"alt_text":"","src":"","width":0,"height":0},"classes":[]},{"id":24662,"url":"https:\/\/sakaba.mghosteur.com\/en\/product\/aveeno-daily-moisturizing-body-wash\/","url_meta":{"origin":34189,"position":1},"title":"AVEENO DAILY MOISTURIZING BODY WASH","author":"admin","date":"November 10, 2022","format":false,"excerpt":"Le nettoyant corporel hydratant quotidien Aveeno\u00a0\u00ae\u00a0avec de l'avoine pr\u00e9biotique apaisante et un l\u00e9ger parfum nourrit la peau s\u00e8che. Ce gel douche cr\u00e9meux nettoie en douceur et aide \u00e0 pr\u00e9server la barri\u00e8re d'hydratation naturelle de la peau. 92 % ont convenu que ce nettoyant laissait leur peau nourrie pendant la douche.\u2026","rel":"","context":"Similar post","block_context":{"text":"Similar post","link":""},"img":{"alt_text":"","src":"","width":0,"height":0},"classes":[]},{"id":24589,"url":"https:\/\/sakaba.mghosteur.com\/en\/product\/aveeno-calmrestore-for-sensitive-skin\/","url_meta":{"origin":34189,"position":2},"title":"AVEENO NOURISHING OAT CLEANSER","author":"admin","date":"November 10, 2022","format":false,"excerpt":"Le nettoyant visage nourrissant \u00e0 l'avoine Aveeno Calm + Restore nettoie et hydrate la peau. Id\u00e9al pour les peaux irrit\u00e9es et sensibles, ce gel nettoyant d'une marque de soins de la peau recommand\u00e9e par les dermatologues nettoie et purifie la peau tout en aidant \u00e0 pr\u00e9server sa barri\u00e8re d'hydratation. Ce\u2026","rel":"","context":"Similar post","block_context":{"text":"Similar post","link":""},"img":{"alt_text":"","src":"","width":0,"height":0},"classes":[]},{"id":23930,"url":"https:\/\/sakaba.mghosteur.com\/en\/product\/cerave-hydrating-body-wash\/","url_meta":{"origin":34189,"position":3},"title":"CERAVE HYDRATING BODY WASH","author":"admin","date":"November 9, 2022","format":false,"excerpt":"Le gel douche hydratant CeraVe est parfait pour ceux qui recherchent un nettoyant pour le corps doux et hydratant. Cette formule nettoyante moussante est con\u00e7ue pour les peaux normales \u00e0 s\u00e8ches et aide \u00e0 \u00e9liminer la salet\u00e9 et les impuret\u00e9s sans dess\u00e9cher la peau. Au lieu de cela, il contient\u2026","rel":"","context":"Similar post","block_context":{"text":"Similar post","link":""},"img":{"alt_text":"","src":"","width":0,"height":0},"classes":[]},{"id":32016,"url":"https:\/\/sakaba.mghosteur.com\/en\/product\/cerave-makeup-removing-cleanser-balm-2\/","url_meta":{"origin":34189,"position":4},"title":"CERAVE  MAKEUP REMOVING CLEANSER BALM","author":"admin","date":"May 13, 2024","format":false,"excerpt":"Les baumes nettoyants d\u00e9maquillants offrent le meilleur des deux mondes : l'efficacit\u00e9 nettoyante d'un baume, avec le confort et la commodit\u00e9 d'une cr\u00e8me nettoyante. Notre baume nettoyant d\u00e9maquillant aide \u00e0 \u00e9liminer efficacement le maquillage longue tenue, la salet\u00e9 et l'exc\u00e8s de s\u00e9bum (huile) de votre peau, pour un teint propre\u2026","rel":"","context":"Similar post","block_context":{"text":"Similar post","link":""},"img":{"alt_text":"","src":"","width":0,"height":0},"classes":[]},{"id":23932,"url":"https:\/\/sakaba.mghosteur.com\/en\/product\/cerave-makeup-removing-cleanser-balm\/","url_meta":{"origin":34189,"position":5},"title":"CERAVE  MAKEUP REMOVING CLEANSER BALM","author":"admin","date":"November 9, 2022","format":false,"excerpt":"Le baume nettoyant d\u00e9maquillant CeraVe est le produit parfait pour tous les types de peau. Il est sans alcool, sans parfum, sans savon et sans paraben, ce qui en fait un choix id\u00e9al pour les peaux sensibles. Ce baume nettoyant est con\u00e7u pour \u00e9liminer efficacement le maquillage, la salet\u00e9 et\u2026","rel":"","context":"Similar post","block_context":{"text":"Similar post","link":""},"img":{"alt_text":"","src":"","width":0,"height":0},"classes":[]}],"_links":{"self":[{"href":"https:\/\/sakaba.mghosteur.com\/en\/wp-json\/wp\/v2\/product\/34189","targetHints":{"allow":["GET"]}}],"collection":[{"href":"https:\/\/sakaba.mghosteur.com\/en\/wp-json\/wp\/v2\/product"}],"about":[{"href":"https:\/\/sakaba.mghosteur.com\/en\/wp-json\/wp\/v2\/types\/product"}],"replies":[{"embeddable":true,"href":"https:\/\/sakaba.mghosteur.com\/en\/wp-json\/wp\/v2\/comments?post=34189"}],"version-history":[{"count":0,"href":"https:\/\/sakaba.mghosteur.com\/en\/wp-json\/wp\/v2\/product\/34189\/revisions"}],"wp:attachment":[{"href":"https:\/\/sakaba.mghosteur.com\/en\/wp-json\/wp\/v2\/media?parent=34189"}],"wp:term":[{"taxonomy":"product_brand","embeddable":true,"href":"https:\/\/sakaba.mghosteur.com\/en\/wp-json\/wp\/v2\/product_brand?post=34189"},{"taxonomy":"product_cat","embeddable":true,"href":"https:\/\/sakaba.mghosteur.com\/en\/wp-json\/wp\/v2\/product_cat?post=34189"},{"taxonomy":"product_tag","embeddable":true,"href":"https:\/\/sakaba.mghosteur.com\/en\/wp-json\/wp\/v2\/product_tag?post=34189"}],"curies":[{"name":"wp","href":"https:\/\/api.w.org\/{rel}","templated":true}]}}