{"id":34192,"date":"2024-05-27T16:08:55","date_gmt":"2024-05-27T16:08:55","guid":{"rendered":"https:\/\/sakaba.mghosteur.com\/?post_type=product&#038;p=34192"},"modified":"2024-09-01T17:00:26","modified_gmt":"2024-09-01T17:00:26","slug":"first-aid-beauty-facial-radiance-pads","status":"publish","type":"product","link":"https:\/\/sakaba.mghosteur.com\/en\/product\/first-aid-beauty-facial-radiance-pads\/","title":{"rendered":"FIRST AID BEAUTY FACIAL RADIANCE PADS"},"content":{"rendered":"<p>Les tampons \u00e9clat du visage First Aid Beauty sont des tampons pr\u00e9-imbib\u00e9s qui \u00e9claircissent, tonifient et exfolient la peau en une seule lingette. Ils sont con\u00e7us pour un usage quotidien et sont sans danger pour les peaux sensibles. Les tampons contiennent de l&#8217;acide glycolique, de l&#8217;acide lactique, de l&#8217;acide alpha-hydroxy et de l&#8217;acide hydroxy.<\/p>\n<p>Mode d&#8217;emploi<\/p>\n<p>Commencez avec une peau propre et s\u00e8che<\/p>\n<p>Essuyez le tampon sur le visage, le cou et le d\u00e9collet\u00e9 une ou deux fois par jour.<\/p>\n<p>Appliquez ensuite une cr\u00e8me hydratante et un FPS.<\/p>\n<p>Jetez-le \u00e0 la poubelle ou au compost apr\u00e8s utilisation.<\/p>\n<p>Pr\u00e9cautions<\/p>\n<p>\u00c9vitez tout contact avec les yeux. En cas de contact, rincez abondamment \u00e0 l&#8217;eau. Si l&#8217;irritation persiste, arr\u00eatez l&#8217;utilisation et consultez un m\u00e9decin. Tenir hors de port\u00e9e des enfants.<\/p>\n<p>Tout le monde peut utiliser ce produit. Un test cutan\u00e9 est recommand\u00e9 pour les personnes ayant la peau sensible.<\/p>\n<p>Alerte aux coups de soleil : ce produit contient des acides glycolique et lactique qui peuvent augmenter la sensibilit\u00e9 de votre peau au soleil et en particulier le risque de coup de soleil. Utilisez un \u00e9cran solaire, portez des v\u00eatements de protection et limitez l&#8217;exposition au soleil pendant l&#8217;utilisation de ce produit et pendant une semaine apr\u00e8s.<\/p>","protected":false},"excerpt":{"rendered":"<p>Les tampons \u00e9clat du visage First Aid Beauty sont des tampons pr\u00e9-imbib\u00e9s qui \u00e9claircissent, tonifient et exfolient la peau en une seule lingette. Ils sont con\u00e7us pour un usage quotidien et sont sans danger pour les peaux sensibles. Les tampons contiennent de l&#8217;acide glycolique, de l&#8217;acide lactique, de l&#8217;acide alpha-hydroxy et de l&#8217;acide hydroxy. Mode<span class=\"read-more-faq\"><a href=\"https:\/\/sakaba.mghosteur.com\/en\/product\/first-aid-beauty-facial-radiance-pads\/\">Read More<\/a><\/span><\/p>","protected":false},"featured_media":0,"comment_status":"open","ping_status":"closed","template":"","meta":[],"product_brand":[1079],"product_cat":[324,451],"product_tag":[],"class_list":{"0":"post-34192","1":"product","2":"type-product","3":"status-publish","5":"product_brand-first-aid-beauty","6":"product_cat-demaquillant-nettoyant","7":"product_cat-aab-soin-du-visage","9":"first","10":"instock","11":"shipping-taxable","12":"product-type-simple"},"jetpack-related-posts":[{"id":27864,"url":"https:\/\/sakaba.mghosteur.com\/en\/product\/first-aid-beauty-ingrown-hair-pads\/","url_meta":{"origin":34192,"position":0},"title":"FIRST AID BEAUTY INGROWN HAIR PADS","author":"admin","date":"November 29, 2022","format":false,"excerpt":"Les tampons pour poils incarn\u00e9s First Aid Beauty sont des tampons \u00e0 usage unique qui exfolient la peau pour pr\u00e9venir les bosses de rasoir et les poils incarn\u00e9s douloureux. Ils contiennent des acides glycolique et salicylique et sont con\u00e7us pour \u00eatre utilis\u00e9s 24 heures apr\u00e8s l'\u00e9pilation. Les tampons sont formul\u00e9s\u2026","rel":"","context":"Similar post","block_context":{"text":"Similar post","link":""},"img":{"alt_text":"","src":"","width":0,"height":0},"classes":[]},{"id":26948,"url":"https:\/\/sakaba.mghosteur.com\/en\/product\/facetheory-glycolacsal-solution\/","url_meta":{"origin":34192,"position":1},"title":"FACETHEORY Glycolacsal Solution T4","author":"admin","date":"November 28, 2022","format":false,"excerpt":"Produit: Solution T4 Glycolacsal de la marque Facetheory La Solution T4 Glycolacsal de Facetheory est un toner exfoliant formul\u00e9 avec un trio d'acides: l'acide glycolique (8,5%), l'acide salicylique (1%) et l'acide lactique (0,5%) pour clarifier, \u00e9claircir et unifier le teint. Ces actifs acc\u00e9l\u00e8rent le renouvellement cellulaire, r\u00e9duisent les ridules, les\u2026","rel":"","context":"Similar post","block_context":{"text":"Similar post","link":""},"img":{"alt_text":"","src":"","width":0,"height":0},"classes":[]},{"id":31600,"url":"https:\/\/sakaba.mghosteur.com\/en\/product\/cosrx-original-clear-pad-salix-alba-bark-water-bha\/","url_meta":{"origin":34192,"position":2},"title":"ONE STEP ORIGINAL CLEAR PAD","author":"admin","date":"May 10, 2024","format":false,"excerpt":"Les Tampons Exfoliants Clear Pad One Step Original sont votre alli\u00e9 pour une peau claire et sans imperfections. Chaque bo\u00eete contient 70 tampons, impr\u00e9gn\u00e9s d'une essence douce qui \u00e9limine les impuret\u00e9s et l'exc\u00e8s de s\u00e9bum en un seul geste. Gr\u00e2ce \u00e0 leur texture gaufr\u00e9e, ces tampons p\u00e9n\u00e8trent en profondeur dans\u2026","rel":"","context":"Similar post","block_context":{"text":"Similar post","link":""},"img":{"alt_text":"","src":"","width":0,"height":0},"classes":[]},{"id":31813,"url":"https:\/\/sakaba.mghosteur.com\/en\/product\/anua-heartleaf-77-clear-pad-160ml\/","url_meta":{"origin":34192,"position":3},"title":"ANUA HEARTLEAF 77% CLEAR PAD 160ml","author":"admin","date":"May 10, 2024","format":false,"excerpt":"Anua Heartleaf 77% Clear Pad est un tampon nettoyant hydratant de 70 feuilles imbib\u00e9 d'extrait de heartleaf \u00e0 77 %. Il est con\u00e7u pour \u00e9liminer les impuret\u00e9s tout en apaisant la peau et convient \u00e0 tous les types de peau, en particulier les peaux sensibles. Le tampon utilise \u00e0 la\u2026","rel":"","context":"Similar post","block_context":{"text":"Similar post","link":""},"img":{"alt_text":"","src":"","width":0,"height":0},"classes":[]},{"id":27477,"url":"https:\/\/sakaba.mghosteur.com\/en\/product\/the-ordinary-mandelic-acid-10-ha\/","url_meta":{"origin":34192,"position":4},"title":"The Ordinary MANDELIC ACID 10% +HA","author":"admin","date":"November 29, 2022","format":false,"excerpt":"Le s\u00e9rum Acide Mand\u00e9lique 10% + HA de la marque The Ordinary est un produit de soin de la peau tr\u00e8s efficace pour am\u00e9liorer la clart\u00e9 et l'\u00e9clat de votre teint. Ce s\u00e9rum contient un acide alpha-hydroxy de poids mol\u00e9culaire \u00e9lev\u00e9 qui aide \u00e0 \u00e9quilibrer le teint et \u00e0 corriger\u2026","rel":"","context":"Similar post","block_context":{"text":"Similar post","link":""},"img":{"alt_text":"","src":"","width":0,"height":0},"classes":[]},{"id":27417,"url":"https:\/\/sakaba.mghosteur.com\/en\/product\/the-inkey-list-beta-hydroxy-acid\/","url_meta":{"origin":34192,"position":5},"title":"THE INKEY LIST BETA HYDROXY ACID","author":"admin","date":"November 29, 2022","format":false,"excerpt":"Ce s\u00e9rum d'acide b\u00eata-hydroxyl\u00e9 (BHA) de la marque The Inkey List est un must-have pour tous ceux qui cherchent \u00e0 am\u00e9liorer leur routine de soin de la peau. Avec une concentration de 2 % d'acide salicylique, il est capable de p\u00e9n\u00e9trer profond\u00e9ment dans les pores de votre peau, aidant \u00e0\u2026","rel":"","context":"Similar post","block_context":{"text":"Similar post","link":""},"img":{"alt_text":"","src":"","width":0,"height":0},"classes":[]}],"_links":{"self":[{"href":"https:\/\/sakaba.mghosteur.com\/en\/wp-json\/wp\/v2\/product\/34192","targetHints":{"allow":["GET"]}}],"collection":[{"href":"https:\/\/sakaba.mghosteur.com\/en\/wp-json\/wp\/v2\/product"}],"about":[{"href":"https:\/\/sakaba.mghosteur.com\/en\/wp-json\/wp\/v2\/types\/product"}],"replies":[{"embeddable":true,"href":"https:\/\/sakaba.mghosteur.com\/en\/wp-json\/wp\/v2\/comments?post=34192"}],"version-history":[{"count":0,"href":"https:\/\/sakaba.mghosteur.com\/en\/wp-json\/wp\/v2\/product\/34192\/revisions"}],"wp:attachment":[{"href":"https:\/\/sakaba.mghosteur.com\/en\/wp-json\/wp\/v2\/media?parent=34192"}],"wp:term":[{"taxonomy":"product_brand","embeddable":true,"href":"https:\/\/sakaba.mghosteur.com\/en\/wp-json\/wp\/v2\/product_brand?post=34192"},{"taxonomy":"product_cat","embeddable":true,"href":"https:\/\/sakaba.mghosteur.com\/en\/wp-json\/wp\/v2\/product_cat?post=34192"},{"taxonomy":"product_tag","embeddable":true,"href":"https:\/\/sakaba.mghosteur.com\/en\/wp-json\/wp\/v2\/product_tag?post=34192"}],"curies":[{"name":"wp","href":"https:\/\/api.w.org\/{rel}","templated":true}]}}