{"id":34195,"date":"2024-05-27T16:10:01","date_gmt":"2024-05-27T16:10:01","guid":{"rendered":"https:\/\/sakaba.mghosteur.com\/?post_type=product&#038;p=34195"},"modified":"2024-09-01T17:07:53","modified_gmt":"2024-09-01T17:07:53","slug":"first-aid-beauty-ultra-repair-cream-intense-6oz","status":"publish","type":"product","link":"https:\/\/sakaba.mghosteur.com\/en\/product\/first-aid-beauty-ultra-repair-cream-intense-6oz\/","title":{"rendered":"FIRST AID BEAUTY ULTRA REPAIR CREAM INTENSE 6OZ"},"content":{"rendered":"<p>La cr\u00e8me Ultra Repair Intense Hydration est un hydratant prim\u00e9 qui soulage instantan\u00e9ment la peau s\u00e8che et en d\u00e9tresse et l&#8217;ecz\u00e9ma. Renforce la barri\u00e8re cutan\u00e9e en seulement 7 jours pour une peau calme et confortable.<\/p>\n<p>Formule de cr\u00e8me hydratante riche \u00e0 absorption rapide con\u00e7ue pour le visage et le corps<\/p>\n<p>Fabriqu\u00e9e avec de l&#8217;avoine collo\u00efdale, un ingr\u00e9dient protecteur de la peau et cr\u00e9ant une barri\u00e8re qui traite l&#8217;ecz\u00e9ma et acc\u00e9l\u00e8re le renouvellement de la peau<\/p>\n<p>24 heures d&#8217;hydratation apaisante<\/p>\n<p>Accept\u00e9 par la National Eczema Association<\/p>\n<p>La peau est confortable apr\u00e8s une seule utilisation<\/p>\n<p>Sans danger pour les peaux sensibles<\/p>\n<p>Sans allerg\u00e8ne, v\u00e9g\u00e9talien, non com\u00e9dog\u00e8ne, sans gluten, sans soja, sans noix, sans nano, sans parth\u00e9nolide<\/p>","protected":false},"excerpt":{"rendered":"<p>La cr\u00e8me Ultra Repair Intense Hydration est un hydratant prim\u00e9 qui soulage instantan\u00e9ment la peau s\u00e8che et en d\u00e9tresse et l&#8217;ecz\u00e9ma. Renforce la barri\u00e8re cutan\u00e9e en seulement 7 jours pour une peau calme et confortable. Formule de cr\u00e8me hydratante riche \u00e0 absorption rapide con\u00e7ue pour le visage et le corps Fabriqu\u00e9e avec de l&#8217;avoine collo\u00efdale,<span class=\"read-more-faq\"><a href=\"https:\/\/sakaba.mghosteur.com\/en\/product\/first-aid-beauty-ultra-repair-cream-intense-6oz\/\">Read More<\/a><\/span><\/p>","protected":false},"featured_media":0,"comment_status":"open","ping_status":"closed","template":"","meta":[],"product_brand":[1079],"product_cat":[331,388,292,451],"product_tag":[],"class_list":{"0":"post-34195","1":"product","2":"type-product","3":"status-publish","5":"product_brand-first-aid-beauty","6":"product_cat-hydratant-visage","7":"product_cat-peaux-seches","8":"product_cat-peaux-sensibles","9":"product_cat-aab-soin-du-visage","11":"first","12":"instock","13":"shipping-taxable","14":"product-type-simple"},"jetpack-related-posts":[{"id":34198,"url":"https:\/\/sakaba.mghosteur.com\/en\/product\/first-aid-beauty-ultra-repair-cream-intense-hydrat\/","url_meta":{"origin":34195,"position":0},"title":"FIRST AID BEAUTY ULTRA REPAIR CREAM INTENSE HYDRATION","author":"admin","date":"May 27, 2024","format":false,"excerpt":"Cette cr\u00e8me hydratante prim\u00e9e soulage instantan\u00e9ment la peau s\u00e8che et irrit\u00e9e ainsi que l'ecz\u00e9ma, et renforce la barri\u00e8re cutan\u00e9e en 7 jours pour une peau calme et confortable. La formule hydratante riche \u00e0 absorption rapide est compos\u00e9e d'avoine collo\u00efdale, un ingr\u00e9dient protecteur de la peau et barri\u00e8re qui traite l'ecz\u00e9ma\u2026","rel":"","context":"Similar post","block_context":{"text":"Similar post","link":""},"img":{"alt_text":"","src":"","width":0,"height":0},"classes":[]},{"id":28041,"url":"https:\/\/sakaba.mghosteur.com\/en\/product\/biossance-squalane-omega-repair-cream\/","url_meta":{"origin":34195,"position":1},"title":"BIOSSANCE SQUALANE + OMEGA REPAIR CREAM","author":"admin","date":"November 29, 2022","format":false,"excerpt":"Cr\u00e8me visage ultra-hydratante, num\u00e9ro 1 des ventes aux USA, avec des c\u00e9ramides et des lipides biomim\u00e9tiques pour hydrater instantan\u00e9ment et am\u00e9liorer la r\u00e9tention d'humidit\u00e9 de la barri\u00e8re cutan\u00e9e en 1 semaine. Sa texture fouett\u00e9e luxueuse s'absorbe instantan\u00e9ment pour une peau visiblement lisse, douce et \u00e9clatante avec une am\u00e9lioration visible des\u2026","rel":"","context":"Similar post","block_context":{"text":"Similar post","link":""},"img":{"alt_text":"","src":"","width":0,"height":0},"classes":[]},{"id":27520,"url":"https:\/\/sakaba.mghosteur.com\/en\/product\/topicals-hydrating-mask-like-butter\/","url_meta":{"origin":34195,"position":2},"title":"TOPICALS HYDRATING MASK LIKE BUTTER","author":"admin","date":"November 29, 2022","format":false,"excerpt":"D\u00e9couvrez le produit Comme le beurre hydratant de la marque TOPICALS, un hydratant quotidien suraliment\u00e9 avec 1 % d'avoine collo\u00efdale. Il est cliniquement prouv\u00e9 pour cibler la s\u00e9cheresse extr\u00eame et les peaux sujettes \u00e0 l'ecz\u00e9ma. Utilisez ce produit pour renforcer la barri\u00e8re cutan\u00e9e et augmenter le TLC pour les peaux\u2026","rel":"","context":"Similar post","block_context":{"text":"Similar post","link":""},"img":{"alt_text":"","src":"","width":0,"height":0},"classes":[]},{"id":23897,"url":"https:\/\/sakaba.mghosteur.com\/en\/product\/cerave-itch-relief-moisturizing-lotion\/","url_meta":{"origin":34195,"position":3},"title":"CERAVE  ITCH RELIEF MOISTURIZING LOTION","author":"admin","date":"November 9, 2022","format":false,"excerpt":"La lotion hydratante anti-d\u00e9mangeaisons de la marque CeraVe est la solution id\u00e9ale pour soulager rapidement et efficacement les d\u00e9mangeaisons associ\u00e9es \u00e0 la peau s\u00e8che, les irritations cutan\u00e9es mineures, les piq\u00fbres d'insectes et les coups de soleil. Formul\u00e9e avec 1 % de chlorhydrate de pramoxine, cette lotion procure un soulagement temporaire,\u2026","rel":"","context":"Similar post","block_context":{"text":"Similar post","link":""},"img":{"alt_text":"","src":"","width":0,"height":0},"classes":[]},{"id":25552,"url":"https:\/\/sakaba.mghosteur.com\/en\/product\/eucerin-eczema-relief-body-cream\/","url_meta":{"origin":34195,"position":4},"title":"EUCERIN ECZEMA RELIEF BODY CREAM","author":"admin","date":"November 14, 2022","format":false,"excerpt":"Cette cr\u00e8me est rapidement absorb\u00e9e et formul\u00e9e uniquement avec les meilleurs ingr\u00e9dients. Enrichie en flocons d'avoine collo\u00efdaux, un protecteur cutan\u00e9 qui soulage les d\u00e9mangeaisons. Enrichie en c\u00e9ramide-3 pour renforcer la barri\u00e8re d'hydratation de la peau afin de garder l'humidit\u00e9 \u00e0 l'int\u00e9rieur et les irritants \u00e0 l'ext\u00e9rieur, et en extrait de\u2026","rel":"","context":"Similar post","block_context":{"text":"Similar post","link":""},"img":{"alt_text":"","src":"","width":0,"height":0},"classes":[]},{"id":29074,"url":"https:\/\/sakaba.mghosteur.com\/en\/product\/cerave-hydrating-sunscreen-50face-spf-50\/","url_meta":{"origin":34195,"position":5},"title":"CERAVE HYDRATING SUNSCREEN 50face spf 50","author":"admin","date":"March 13, 2023","format":false,"excerpt":"La Cr\u00e8me Solaire Hydratante Min\u00e9rale SPF 50 Lotion Visage de la marque CeraVe est la solution parfaite pour prot\u00e9ger votre peau du soleil tout en la nourrissant et l'hydratant en profondeur. Cette cr\u00e8me solaire min\u00e9rale douce mais efficace est sp\u00e9cialement con\u00e7ue pour le visage et offre une protection \u00e0 large\u2026","rel":"","context":"Similar post","block_context":{"text":"Similar post","link":""},"img":{"alt_text":"","src":"","width":0,"height":0},"classes":[]}],"_links":{"self":[{"href":"https:\/\/sakaba.mghosteur.com\/en\/wp-json\/wp\/v2\/product\/34195","targetHints":{"allow":["GET"]}}],"collection":[{"href":"https:\/\/sakaba.mghosteur.com\/en\/wp-json\/wp\/v2\/product"}],"about":[{"href":"https:\/\/sakaba.mghosteur.com\/en\/wp-json\/wp\/v2\/types\/product"}],"replies":[{"embeddable":true,"href":"https:\/\/sakaba.mghosteur.com\/en\/wp-json\/wp\/v2\/comments?post=34195"}],"version-history":[{"count":0,"href":"https:\/\/sakaba.mghosteur.com\/en\/wp-json\/wp\/v2\/product\/34195\/revisions"}],"wp:attachment":[{"href":"https:\/\/sakaba.mghosteur.com\/en\/wp-json\/wp\/v2\/media?parent=34195"}],"wp:term":[{"taxonomy":"product_brand","embeddable":true,"href":"https:\/\/sakaba.mghosteur.com\/en\/wp-json\/wp\/v2\/product_brand?post=34195"},{"taxonomy":"product_cat","embeddable":true,"href":"https:\/\/sakaba.mghosteur.com\/en\/wp-json\/wp\/v2\/product_cat?post=34195"},{"taxonomy":"product_tag","embeddable":true,"href":"https:\/\/sakaba.mghosteur.com\/en\/wp-json\/wp\/v2\/product_tag?post=34195"}],"curies":[{"name":"wp","href":"https:\/\/api.w.org\/{rel}","templated":true}]}}