{"id":34198,"date":"2024-05-27T16:10:54","date_gmt":"2024-05-27T16:10:54","guid":{"rendered":"https:\/\/sakaba.mghosteur.com\/?post_type=product&#038;p=34198"},"modified":"2024-09-01T17:09:48","modified_gmt":"2024-09-01T17:09:48","slug":"first-aid-beauty-ultra-repair-cream-intense-hydrat","status":"publish","type":"product","link":"https:\/\/sakaba.mghosteur.com\/en\/product\/first-aid-beauty-ultra-repair-cream-intense-hydrat\/","title":{"rendered":"FIRST AID BEAUTY ULTRA REPAIR CREAM INTENSE HYDRATION"},"content":{"rendered":"<p>Cette cr\u00e8me hydratante prim\u00e9e soulage instantan\u00e9ment la peau s\u00e8che et irrit\u00e9e ainsi que l&#8217;ecz\u00e9ma, et renforce la barri\u00e8re cutan\u00e9e en 7 jours pour une peau calme et confortable. La formule hydratante riche \u00e0 absorption rapide est compos\u00e9e d&#8217;avoine collo\u00efdale, un ingr\u00e9dient protecteur de la peau et barri\u00e8re qui traite l&#8217;ecz\u00e9ma et acc\u00e9l\u00e8re le renouvellement cutan\u00e9. Avec 24 heures d&#8217;hydratation apaisante, la peau est confortable apr\u00e8s une seule utilisation. Sans danger pour les peaux sensibles et bon pour le visage et le corps<\/p>","protected":false},"excerpt":{"rendered":"<p>Cette cr\u00e8me hydratante prim\u00e9e soulage instantan\u00e9ment la peau s\u00e8che et irrit\u00e9e ainsi que l&#8217;ecz\u00e9ma, et renforce la barri\u00e8re cutan\u00e9e en 7 jours pour une peau calme et confortable. La formule hydratante riche \u00e0 absorption rapide est compos\u00e9e d&#8217;avoine collo\u00efdale, un ingr\u00e9dient protecteur de la peau et barri\u00e8re qui traite l&#8217;ecz\u00e9ma et acc\u00e9l\u00e8re le renouvellement cutan\u00e9.<span class=\"read-more-faq\"><a href=\"https:\/\/sakaba.mghosteur.com\/en\/product\/first-aid-beauty-ultra-repair-cream-intense-hydrat\/\">Read More<\/a><\/span><\/p>","protected":false},"featured_media":0,"comment_status":"open","ping_status":"closed","template":"","meta":[],"product_brand":[1079],"product_cat":[447,331,1061,388,292,451],"product_tag":[],"class_list":{"0":"post-34198","1":"product","2":"type-product","3":"status-publish","5":"product_brand-first-aid-beauty","6":"product_cat-aac-bain-et-corps","7":"product_cat-hydratant-visage","8":"product_cat-lait-huile_corporelle","9":"product_cat-peaux-seches","10":"product_cat-peaux-sensibles","11":"product_cat-aab-soin-du-visage","13":"first","14":"instock","15":"shipping-taxable","16":"product-type-simple"},"jetpack-related-posts":[{"id":34195,"url":"https:\/\/sakaba.mghosteur.com\/en\/product\/first-aid-beauty-ultra-repair-cream-intense-6oz\/","url_meta":{"origin":34198,"position":0},"title":"FIRST AID BEAUTY ULTRA REPAIR CREAM INTENSE 6OZ","author":"admin","date":"May 27, 2024","format":false,"excerpt":"La cr\u00e8me Ultra Repair Intense Hydration est un hydratant prim\u00e9 qui soulage instantan\u00e9ment la peau s\u00e8che et en d\u00e9tresse et l'ecz\u00e9ma. Renforce la barri\u00e8re cutan\u00e9e en seulement 7 jours pour une peau calme et confortable. Formule de cr\u00e8me hydratante riche \u00e0 absorption rapide con\u00e7ue pour le visage et le corps\u2026","rel":"","context":"Similar post","block_context":{"text":"Similar post","link":""},"img":{"alt_text":"","src":"","width":0,"height":0},"classes":[]},{"id":23897,"url":"https:\/\/sakaba.mghosteur.com\/en\/product\/cerave-itch-relief-moisturizing-lotion\/","url_meta":{"origin":34198,"position":1},"title":"CERAVE  ITCH RELIEF MOISTURIZING LOTION","author":"admin","date":"November 9, 2022","format":false,"excerpt":"La lotion hydratante anti-d\u00e9mangeaisons de la marque CeraVe est la solution id\u00e9ale pour soulager rapidement et efficacement les d\u00e9mangeaisons associ\u00e9es \u00e0 la peau s\u00e8che, les irritations cutan\u00e9es mineures, les piq\u00fbres d'insectes et les coups de soleil. Formul\u00e9e avec 1 % de chlorhydrate de pramoxine, cette lotion procure un soulagement temporaire,\u2026","rel":"","context":"Similar post","block_context":{"text":"Similar post","link":""},"img":{"alt_text":"","src":"","width":0,"height":0},"classes":[]},{"id":28103,"url":"https:\/\/sakaba.mghosteur.com\/en\/product\/cerave-baby-moisturizing-lotion\/","url_meta":{"origin":34198,"position":2},"title":"CERAVE BABY MOISTURIZING LOTION","author":"admin","date":"November 30, 2022","format":false,"excerpt":"La lotion hydratante pour b\u00e9b\u00e9 de la marque CeraVe est un choix id\u00e9al pour les parents \u00e0 la recherche d'une formule douce et efficace pour hydrater la peau de leur b\u00e9b\u00e9 tout en prot\u00e9geant sa barri\u00e8re cutan\u00e9e d\u00e9licate. D\u00e9velopp\u00e9e avec des dermatologues p\u00e9diatriques, cette lotion pour b\u00e9b\u00e9 est exempte de\u2026","rel":"","context":"Similar post","block_context":{"text":"Similar post","link":""},"img":{"alt_text":"","src":"","width":0,"height":0},"classes":[]},{"id":27520,"url":"https:\/\/sakaba.mghosteur.com\/en\/product\/topicals-hydrating-mask-like-butter\/","url_meta":{"origin":34198,"position":3},"title":"TOPICALS HYDRATING MASK LIKE BUTTER","author":"admin","date":"November 29, 2022","format":false,"excerpt":"D\u00e9couvrez le produit Comme le beurre hydratant de la marque TOPICALS, un hydratant quotidien suraliment\u00e9 avec 1 % d'avoine collo\u00efdale. Il est cliniquement prouv\u00e9 pour cibler la s\u00e9cheresse extr\u00eame et les peaux sujettes \u00e0 l'ecz\u00e9ma. Utilisez ce produit pour renforcer la barri\u00e8re cutan\u00e9e et augmenter le TLC pour les peaux\u2026","rel":"","context":"Similar post","block_context":{"text":"Similar post","link":""},"img":{"alt_text":"","src":"","width":0,"height":0},"classes":[]},{"id":28119,"url":"https:\/\/sakaba.mghosteur.com\/en\/product\/cerave-baby-wash-shampoo\/","url_meta":{"origin":34198,"position":4},"title":"CERAVE BABY WASH &#038; shampoo","author":"admin","date":"November 30, 2022","format":false,"excerpt":"La lotion hydratante pour b\u00e9b\u00e9 de la marque CeraVe est sp\u00e9cialement con\u00e7ue pour la peau d\u00e9licate de votre tout-petit. Cette lotion est id\u00e9ale pour hydrater et nourrir la peau de b\u00e9b\u00e9 tout en maintenant une barri\u00e8re protectrice naturelle. Formul\u00e9e avec trois c\u00e9ramides essentiels, de l'acide hyaluronique et de la vitamine\u2026","rel":"","context":"Similar post","block_context":{"text":"Similar post","link":""},"img":{"alt_text":"","src":"","width":0,"height":0},"classes":[]},{"id":33507,"url":"https:\/\/sakaba.mghosteur.com\/en\/product\/aveeno-baby-eczema-therapy-nighttime-balm\/","url_meta":{"origin":34198,"position":5},"title":"Aveeno Baby Eczema Therapy NIGHTTIME BALM","author":"admin","date":"May 22, 2024","format":false,"excerpt":"Le baume de nuit Aveeno Baby Eczema Therapy aide \u00e0 apaiser la peau s\u00e8che et qui d\u00e9mange de votre tout-petit pour un soulagement efficace de l'ecz\u00e9ma du b\u00e9b\u00e9 et une hydratation longue dur\u00e9e pendant la nuit. Suffisamment doux pour une utilisation quotidienne sur la peau sensible des b\u00e9b\u00e9s, ce baume\u2026","rel":"","context":"Similar post","block_context":{"text":"Similar post","link":""},"img":{"alt_text":"","src":"","width":0,"height":0},"classes":[]}],"_links":{"self":[{"href":"https:\/\/sakaba.mghosteur.com\/en\/wp-json\/wp\/v2\/product\/34198","targetHints":{"allow":["GET"]}}],"collection":[{"href":"https:\/\/sakaba.mghosteur.com\/en\/wp-json\/wp\/v2\/product"}],"about":[{"href":"https:\/\/sakaba.mghosteur.com\/en\/wp-json\/wp\/v2\/types\/product"}],"replies":[{"embeddable":true,"href":"https:\/\/sakaba.mghosteur.com\/en\/wp-json\/wp\/v2\/comments?post=34198"}],"version-history":[{"count":0,"href":"https:\/\/sakaba.mghosteur.com\/en\/wp-json\/wp\/v2\/product\/34198\/revisions"}],"wp:attachment":[{"href":"https:\/\/sakaba.mghosteur.com\/en\/wp-json\/wp\/v2\/media?parent=34198"}],"wp:term":[{"taxonomy":"product_brand","embeddable":true,"href":"https:\/\/sakaba.mghosteur.com\/en\/wp-json\/wp\/v2\/product_brand?post=34198"},{"taxonomy":"product_cat","embeddable":true,"href":"https:\/\/sakaba.mghosteur.com\/en\/wp-json\/wp\/v2\/product_cat?post=34198"},{"taxonomy":"product_tag","embeddable":true,"href":"https:\/\/sakaba.mghosteur.com\/en\/wp-json\/wp\/v2\/product_tag?post=34198"}],"curies":[{"name":"wp","href":"https:\/\/api.w.org\/{rel}","templated":true}]}}