{"id":34201,"date":"2024-05-27T16:11:48","date_gmt":"2024-05-27T16:11:48","guid":{"rendered":"https:\/\/sakaba.mghosteur.com\/?post_type=product&#038;p=34201"},"modified":"2024-09-01T17:14:18","modified_gmt":"2024-09-01T17:14:18","slug":"first-aid-fab-skin-at-the-disco","status":"publish","type":"product","link":"https:\/\/sakaba.mghosteur.com\/en\/product\/first-aid-fab-skin-at-the-disco\/","title":{"rendered":"FIRST AID FAB SKIN AT THE DISCO"},"content":{"rendered":"<p>First Aid Beauty FAB Skin at the Disco est un kit de cinq produits de soins de la peau con\u00e7us pour \u00e9claircir et lisser la peau. Les produits conviennent aux peaux normales, s\u00e8ches et mixtes et sont destin\u00e9s \u00e0 r\u00e9pondre \u00e0 des probl\u00e8mes tels que la texture irr\u00e9guli\u00e8re, la s\u00e9cheresse et la perte de fermet\u00e9 et d&#8217;\u00e9lasticit\u00e9<\/p>","protected":false},"excerpt":{"rendered":"<p>First Aid Beauty FAB Skin at the Disco est un kit de cinq produits de soins de la peau con\u00e7us pour \u00e9claircir et lisser la peau. Les produits conviennent aux peaux normales, s\u00e8ches et mixtes et sont destin\u00e9s \u00e0 r\u00e9pondre \u00e0 des probl\u00e8mes tels que la texture irr\u00e9guli\u00e8re, la s\u00e9cheresse et la perte de fermet\u00e9<span class=\"read-more-faq\"><a href=\"https:\/\/sakaba.mghosteur.com\/en\/product\/first-aid-fab-skin-at-the-disco\/\">Read More<\/a><\/span><\/p>","protected":false},"featured_media":0,"comment_status":"open","ping_status":"closed","template":"","meta":[],"product_brand":[1079],"product_cat":[1057,451],"product_tag":[],"class_list":{"0":"post-34201","1":"product","2":"type-product","3":"status-publish","5":"product_brand-first-aid-beauty","6":"product_cat-coffret-soins-visage","7":"product_cat-aab-soin-du-visage","9":"first","10":"instock","11":"shipping-taxable","12":"product-type-simple"},"jetpack-related-posts":[{"id":34189,"url":"https:\/\/sakaba.mghosteur.com\/en\/product\/first-aid-beauty-face-cleanser-142g\/","url_meta":{"origin":34201,"position":0},"title":"FIRST AID BEAUTY FACE CLEANSER 142G","author":"admin","date":"May 27, 2024","format":false,"excerpt":"Un nettoyant doux sans parfum qui convient aux peaux sensibles et \u00e9limine efficacement le maquillage, la salet\u00e9 et les impuret\u00e9s, laissant la peau douce et souple. Le nettoyant quotidien pour le visage non d\u00e9capant au pH \u00e9quilibr\u00e9 aide \u00e0 maintenir l'acidit\u00e9 naturelle de la peau pour garder les peaux sensibles\u2026","rel":"","context":"Similar post","block_context":{"text":"Similar post","link":""},"img":{"alt_text":"","src":"","width":0,"height":0},"classes":[]},{"id":34186,"url":"https:\/\/sakaba.mghosteur.com\/en\/product\/first-aid-beauty-face-cleanser-56-5-g\/","url_meta":{"origin":34201,"position":1},"title":"FIRST AID BEAUTY FACE CLEANSER 56.5 G","author":"admin","date":"May 27, 2024","format":false,"excerpt":"Un nettoyant doux sans parfum qui convient aux peaux sensibles et \u00e9limine efficacement le maquillage, la salet\u00e9 et les impuret\u00e9s, laissant la peau douce et souple. Le nettoyant quotidien pour le visage non d\u00e9capant au pH \u00e9quilibr\u00e9 aide \u00e0 maintenir l'acidit\u00e9 naturelle de la peau pour garder les peaux sensibles\u2026","rel":"","context":"Similar post","block_context":{"text":"Similar post","link":""},"img":{"alt_text":"","src":"","width":0,"height":0},"classes":[]},{"id":29139,"url":"https:\/\/sakaba.mghosteur.com\/en\/product\/the-inkey-list-coffret-winter-skin-101\/","url_meta":{"origin":34201,"position":2},"title":"THE INKEY LIST COFFRET WINTER SKIN 101","author":"admin","date":"March 15, 2023","format":false,"excerpt":"L'ensemble INKEY List Winter Skin 101 de la marque THE INKEY LIST est la solution parfaite pour les peaux s\u00e8ches et hivernales qui ont besoin d'\u00eatre chouchout\u00e9es. Ce kit complet en 4 \u00e9tapes vous offre des produits en taille r\u00e9elle pour une peau renouvel\u00e9e et hydrat\u00e9e. Le Baume nettoyant \u00e0\u2026","rel":"","context":"Similar post","block_context":{"text":"Similar post","link":""},"img":{"alt_text":"","src":"","width":0,"height":0},"classes":[]},{"id":34679,"url":"https:\/\/sakaba.mghosteur.com\/en\/product\/full-spectrum-fs100-disco-balls\/","url_meta":{"origin":34201,"position":3},"title":"Full Spectrum FS100 Disco Balls","author":"admin","date":"May 30, 2024","format":false,"excerpt":"","rel":"","context":"Similar post","block_context":{"text":"Similar post","link":""},"img":{"alt_text":"","src":"","width":0,"height":0},"classes":[]},{"id":25566,"url":"https:\/\/sakaba.mghosteur.com\/en\/product\/gold-bond-ultimate-healing-skin-therapy-lotion-14-oz-2\/","url_meta":{"origin":34201,"position":4},"title":"Gold Bond Ultimate Healing Skin Therapy Lotion, 14 oz","author":"admin","date":"November 14, 2022","format":false,"excerpt":"La cr\u00e8me\/lotion hydratante r\u00e9paratrice Gold Bond de la marque Gold Bond est le produit parfait pour hydrater, gu\u00e9rir et lisser la peau s\u00e8che. Cette cr\u00e8me\/lotion offre une hydratation imm\u00e9diate qui dure toute la journ\u00e9e et r\u00e9v\u00e8le une peau visiblement plus saine. Contenant 7 hydratants essentiels et 3 vitamines nourrissantes, cette\u2026","rel":"","context":"Similar post","block_context":{"text":"Similar post","link":""},"img":{"alt_text":"","src":"","width":0,"height":0},"classes":[]},{"id":31346,"url":"https:\/\/sakaba.mghosteur.com\/en\/product\/paula-choice-skin-perfecting-6-mandelic-acid-2-lactic-acid-88ml\/","url_meta":{"origin":34201,"position":5},"title":"PAULA CHOICE SKIN PERFECTING 6% MANDELIC ACID + 2%  LACTIC ACID 88ml","author":"admin","date":"May 10, 2024","format":false,"excerpt":"D\u00e9couvrez un produit innovant pour votre routine de soins de la peau : le m\u00e9lange d'acide mand\u00e9lique \u00e0 6 % et d'exfoliant liquide \u00e0 l'acide lactique \u00e0 2 %. Ce puissant m\u00e9lange d'exfoliants AHA offre une solution douce mais efficace pour raviver votre peau. Il aide \u00e0 \u00e9liminer les cellules\u2026","rel":"","context":"Similar post","block_context":{"text":"Similar post","link":""},"img":{"alt_text":"","src":"","width":0,"height":0},"classes":[]}],"_links":{"self":[{"href":"https:\/\/sakaba.mghosteur.com\/en\/wp-json\/wp\/v2\/product\/34201","targetHints":{"allow":["GET"]}}],"collection":[{"href":"https:\/\/sakaba.mghosteur.com\/en\/wp-json\/wp\/v2\/product"}],"about":[{"href":"https:\/\/sakaba.mghosteur.com\/en\/wp-json\/wp\/v2\/types\/product"}],"replies":[{"embeddable":true,"href":"https:\/\/sakaba.mghosteur.com\/en\/wp-json\/wp\/v2\/comments?post=34201"}],"version-history":[{"count":0,"href":"https:\/\/sakaba.mghosteur.com\/en\/wp-json\/wp\/v2\/product\/34201\/revisions"}],"wp:attachment":[{"href":"https:\/\/sakaba.mghosteur.com\/en\/wp-json\/wp\/v2\/media?parent=34201"}],"wp:term":[{"taxonomy":"product_brand","embeddable":true,"href":"https:\/\/sakaba.mghosteur.com\/en\/wp-json\/wp\/v2\/product_brand?post=34201"},{"taxonomy":"product_cat","embeddable":true,"href":"https:\/\/sakaba.mghosteur.com\/en\/wp-json\/wp\/v2\/product_cat?post=34201"},{"taxonomy":"product_tag","embeddable":true,"href":"https:\/\/sakaba.mghosteur.com\/en\/wp-json\/wp\/v2\/product_tag?post=34201"}],"curies":[{"name":"wp","href":"https:\/\/api.w.org\/{rel}","templated":true}]}}