{"id":34204,"date":"2024-05-27T16:12:39","date_gmt":"2024-05-27T16:12:39","guid":{"rendered":"https:\/\/sakaba.mghosteur.com\/?post_type=product&#038;p=34204"},"modified":"2024-09-01T17:16:06","modified_gmt":"2024-09-01T17:16:06","slug":"first-aid-ultra-repair-instant-oatmeal-mask","status":"publish","type":"product","link":"https:\/\/sakaba.mghosteur.com\/en\/product\/first-aid-ultra-repair-instant-oatmeal-mask\/","title":{"rendered":"FIRST AID ULTRA REPAIR INSTANT OATMEAL MASK"},"content":{"rendered":"<p>Masque \u00e0 l&#8217;avoine instantan\u00e9 First Aid Beauty Ultra Repair. Un masque profond\u00e9ment hydratant qui apaise, nourrit et lisse la peau en d\u00e9tresse. Ce rem\u00e8de de 10 minutes est l&#8217;antidote parfait pour la peau s\u00e8che et d\u00e9shydrat\u00e9e. Sa formule apaisante pour la peau associe des plantes antioxydantes \u00e0 un duo d&#8217;avoine apaisante, de l&#8217;avoine collo\u00efdale et du son d&#8217;avoine Avena Sativa, pour r\u00e9parer et adoucir la peau.<\/p>","protected":false},"excerpt":{"rendered":"<p>Masque \u00e0 l&#8217;avoine instantan\u00e9 First Aid Beauty Ultra Repair. Un masque profond\u00e9ment hydratant qui apaise, nourrit et lisse la peau en d\u00e9tresse. Ce rem\u00e8de de 10 minutes est l&#8217;antidote parfait pour la peau s\u00e8che et d\u00e9shydrat\u00e9e. Sa formule apaisante pour la peau associe des plantes antioxydantes \u00e0 un duo d&#8217;avoine apaisante, de l&#8217;avoine collo\u00efdale et<span class=\"read-more-faq\"><a href=\"https:\/\/sakaba.mghosteur.com\/en\/product\/first-aid-ultra-repair-instant-oatmeal-mask\/\">Read More<\/a><\/span><\/p>","protected":false},"featured_media":0,"comment_status":"open","ping_status":"closed","template":"","meta":[],"product_brand":[1079],"product_cat":[388,451,334],"product_tag":[],"class_list":{"0":"post-34204","1":"product","2":"type-product","3":"status-publish","5":"product_brand-first-aid-beauty","6":"product_cat-peaux-seches","7":"product_cat-aab-soin-du-visage","8":"product_cat-traitement-serum","10":"first","11":"instock","12":"shipping-taxable","13":"product-type-simple"},"jetpack-related-posts":[{"id":34195,"url":"https:\/\/sakaba.mghosteur.com\/en\/product\/first-aid-beauty-ultra-repair-cream-intense-6oz\/","url_meta":{"origin":34204,"position":0},"title":"FIRST AID BEAUTY ULTRA REPAIR CREAM INTENSE 6OZ","author":"admin","date":"May 27, 2024","format":false,"excerpt":"La cr\u00e8me Ultra Repair Intense Hydration est un hydratant prim\u00e9 qui soulage instantan\u00e9ment la peau s\u00e8che et en d\u00e9tresse et l'ecz\u00e9ma. Renforce la barri\u00e8re cutan\u00e9e en seulement 7 jours pour une peau calme et confortable. Formule de cr\u00e8me hydratante riche \u00e0 absorption rapide con\u00e7ue pour le visage et le corps\u2026","rel":"","context":"Similar post","block_context":{"text":"Similar post","link":""},"img":{"alt_text":"","src":"","width":0,"height":0},"classes":[]},{"id":34198,"url":"https:\/\/sakaba.mghosteur.com\/en\/product\/first-aid-beauty-ultra-repair-cream-intense-hydrat\/","url_meta":{"origin":34204,"position":1},"title":"FIRST AID BEAUTY ULTRA REPAIR CREAM INTENSE HYDRATION","author":"admin","date":"May 27, 2024","format":false,"excerpt":"Cette cr\u00e8me hydratante prim\u00e9e soulage instantan\u00e9ment la peau s\u00e8che et irrit\u00e9e ainsi que l'ecz\u00e9ma, et renforce la barri\u00e8re cutan\u00e9e en 7 jours pour une peau calme et confortable. La formule hydratante riche \u00e0 absorption rapide est compos\u00e9e d'avoine collo\u00efdale, un ingr\u00e9dient protecteur de la peau et barri\u00e8re qui traite l'ecz\u00e9ma\u2026","rel":"","context":"Similar post","block_context":{"text":"Similar post","link":""},"img":{"alt_text":"","src":"","width":0,"height":0},"classes":[]},{"id":29187,"url":"https:\/\/sakaba.mghosteur.com\/en\/product\/the-inkey-list-oat-cleansing-balm-150-ml\/","url_meta":{"origin":34204,"position":2},"title":"THE INKEY LIST OAT CLEANSING BALM 150 ML","author":"admin","date":"March 20, 2023","format":false,"excerpt":"Le baume d\u00e9maquillant \u00e0 l'avoine de la marque The Inkey List est un produit de nettoyage essentiel pour votre routine de soins de la peau. Ce baume nettoyant riche est con\u00e7u pour \u00e9liminer en douceur le maquillage et les impuret\u00e9s sans dess\u00e9cher la peau, la laissant hydrat\u00e9e et nourrie. Le\u2026","rel":"","context":"Similar post","block_context":{"text":"Similar post","link":""},"img":{"alt_text":"","src":"","width":0,"height":0},"classes":[]},{"id":28274,"url":"https:\/\/sakaba.mghosteur.com\/en\/product\/aveeno-baby-lotion-532ml-gm\/","url_meta":{"origin":34204,"position":3},"title":"AVEENO baby lotion 532ML","author":"admin","date":"November 30, 2022","format":false,"excerpt":"Un flacon de 532 ml de lotion hydratante quotidienne apaisante et nourrissante Aveeno Baby La lotion nourrissante pour b\u00e9b\u00e9 est cliniquement prouv\u00e9e pour hydrater et prot\u00e9ger la peau de b\u00e9b\u00e9 pendant 24 heures L'hydratant \u00e0 l'avoine collo\u00efdale aide \u00e0 gu\u00e9rir et \u00e0 prot\u00e9ger la peau s\u00e8che, rugueuse, irrit\u00e9e et craquel\u00e9e\u2026","rel":"","context":"Similar post","block_context":{"text":"Similar post","link":""},"img":{"alt_text":"","src":"","width":0,"height":0},"classes":[]},{"id":24662,"url":"https:\/\/sakaba.mghosteur.com\/en\/product\/aveeno-daily-moisturizing-body-wash\/","url_meta":{"origin":34204,"position":4},"title":"AVEENO DAILY MOISTURIZING BODY WASH","author":"admin","date":"November 10, 2022","format":false,"excerpt":"Le nettoyant corporel hydratant quotidien Aveeno\u00a0\u00ae\u00a0avec de l'avoine pr\u00e9biotique apaisante et un l\u00e9ger parfum nourrit la peau s\u00e8che. Ce gel douche cr\u00e9meux nettoie en douceur et aide \u00e0 pr\u00e9server la barri\u00e8re d'hydratation naturelle de la peau. 92 % ont convenu que ce nettoyant laissait leur peau nourrie pendant la douche.\u2026","rel":"","context":"Similar post","block_context":{"text":"Similar post","link":""},"img":{"alt_text":"","src":"","width":0,"height":0},"classes":[]},{"id":24598,"url":"https:\/\/sakaba.mghosteur.com\/en\/product\/aveeno-calmrestore-for-sensitive-skin-2\/","url_meta":{"origin":34204,"position":5},"title":"AVEENO CALM+RESTORE FOR SENSITIVE SKIN","author":"admin","date":"November 10, 2022","format":false,"excerpt":"Aveeno Calm + Restore con\u00e7u pour les peaux sensibles avec de l'avoine pr\u00e9biotique, va au-del\u00e0 de l'apaisement pour renforcer la barri\u00e8re d'hydratation de la peau. La cr\u00e8me hydratante quotidienne pour le visage fournit une hydratation pendant 24 heures qui laisse la peau confortable toute la journ\u00e9e La formule l\u00e9g\u00e8re \u00e0\u2026","rel":"","context":"Similar post","block_context":{"text":"Similar post","link":""},"img":{"alt_text":"","src":"","width":0,"height":0},"classes":[]}],"_links":{"self":[{"href":"https:\/\/sakaba.mghosteur.com\/en\/wp-json\/wp\/v2\/product\/34204","targetHints":{"allow":["GET"]}}],"collection":[{"href":"https:\/\/sakaba.mghosteur.com\/en\/wp-json\/wp\/v2\/product"}],"about":[{"href":"https:\/\/sakaba.mghosteur.com\/en\/wp-json\/wp\/v2\/types\/product"}],"replies":[{"embeddable":true,"href":"https:\/\/sakaba.mghosteur.com\/en\/wp-json\/wp\/v2\/comments?post=34204"}],"version-history":[{"count":0,"href":"https:\/\/sakaba.mghosteur.com\/en\/wp-json\/wp\/v2\/product\/34204\/revisions"}],"wp:attachment":[{"href":"https:\/\/sakaba.mghosteur.com\/en\/wp-json\/wp\/v2\/media?parent=34204"}],"wp:term":[{"taxonomy":"product_brand","embeddable":true,"href":"https:\/\/sakaba.mghosteur.com\/en\/wp-json\/wp\/v2\/product_brand?post=34204"},{"taxonomy":"product_cat","embeddable":true,"href":"https:\/\/sakaba.mghosteur.com\/en\/wp-json\/wp\/v2\/product_cat?post=34204"},{"taxonomy":"product_tag","embeddable":true,"href":"https:\/\/sakaba.mghosteur.com\/en\/wp-json\/wp\/v2\/product_tag?post=34204"}],"curies":[{"name":"wp","href":"https:\/\/api.w.org\/{rel}","templated":true}]}}