{"id":34207,"date":"2024-05-27T16:14:14","date_gmt":"2024-05-27T16:14:14","guid":{"rendered":"https:\/\/sakaba.mghosteur.com\/?post_type=product&#038;p=34207"},"modified":"2024-09-01T14:37:25","modified_gmt":"2024-09-01T14:37:25","slug":"fresh-black-tea-advanced-age-renewal-cream-50ml","status":"publish","type":"product","link":"https:\/\/sakaba.mghosteur.com\/en\/product\/fresh-black-tea-advanced-age-renewal-cream-50ml\/","title":{"rendered":"FRESH BLACK TEA ADVANCED AGE RENEWAL CREAM 50ML"},"content":{"rendered":"<p>La cr\u00e8me Fresh Black Tea Advanced Age Renewal est une cr\u00e8me anti-\u00e2ge l\u00e9g\u00e8re qui utilise un m\u00e9lange d&#8217;extraits de th\u00e9 noir et de feuilles de ramboutan pour offrir des r\u00e9sultats similaires \u00e0 ceux du r\u00e9tinol. Elle contient du c\u00e9ramide NP, un lipide qui aide \u00e0 prot\u00e9ger la barri\u00e8re cutan\u00e9e et \u00e0 retenir l&#8217;hydratation. La cr\u00e8me est id\u00e9ale pour les peaux sujettes \u00e0 une perte de fermet\u00e9 et laisse votre teint souple et frais<\/p>","protected":false},"excerpt":{"rendered":"<p>La cr\u00e8me Fresh Black Tea Advanced Age Renewal est une cr\u00e8me anti-\u00e2ge l\u00e9g\u00e8re qui utilise un m\u00e9lange d&#8217;extraits de th\u00e9 noir et de feuilles de ramboutan pour offrir des r\u00e9sultats similaires \u00e0 ceux du r\u00e9tinol. Elle contient du c\u00e9ramide NP, un lipide qui aide \u00e0 prot\u00e9ger la barri\u00e8re cutan\u00e9e et \u00e0 retenir l&#8217;hydratation. La cr\u00e8me<span class=\"read-more-faq\"><a href=\"https:\/\/sakaba.mghosteur.com\/en\/product\/fresh-black-tea-advanced-age-renewal-cream-50ml\/\">Read More<\/a><\/span><\/p>","protected":false},"featured_media":0,"comment_status":"open","ping_status":"closed","template":"","meta":[],"product_brand":[863],"product_cat":[1095,331,451],"product_tag":[],"class_list":{"0":"post-34207","1":"product","2":"type-product","3":"status-publish","5":"product_brand-fresh","6":"product_cat-anti-age","7":"product_cat-hydratant-visage","8":"product_cat-aab-soin-du-visage","10":"first","11":"instock","12":"shipping-taxable","13":"product-type-simple"},"jetpack-related-posts":[{"id":34231,"url":"https:\/\/sakaba.mghosteur.com\/en\/product\/fresh-tea-elexir-skin-resilience\/","url_meta":{"origin":34207,"position":0},"title":"FRESH TEA ELEXIR SKIN RESILIENCE","author":"admin","date":"May 27, 2024","format":false,"excerpt":"Le s\u00e9rum activateur de r\u00e9silience cutan\u00e9e Tea Elixir de Fresh est une formule avanc\u00e9e qui favorise l'illusion d'une peau plus rebondie. Adapt\u00e9 \u00e0 tous les types de peau, le s\u00e9rum aide \u00e0 prot\u00e9ger la peau contre les agressions ext\u00e9rieures qui peuvent contribuer au vieillissement pr\u00e9matur\u00e9 de la peau. La formule\u2026","rel":"","context":"Similar post","block_context":{"text":"Similar post","link":""},"img":{"alt_text":"","src":"","width":0,"height":0},"classes":[]},{"id":34213,"url":"https:\/\/sakaba.mghosteur.com\/en\/product\/fresh-lotus-youth-preserve-dream-face-cream-night\/","url_meta":{"origin":34207,"position":1},"title":"FRESH LOTUS YOUTH PRESERVE DREAM FACE CREAM NIGHT","author":"admin","date":"May 27, 2024","format":false,"excerpt":"La cr\u00e8me de nuit Fresh Lotus Youth Preserve Dream Face Cream est une cr\u00e8me de nuit l\u00e9g\u00e8re et non grasse con\u00e7ue pour vous aider \u00e0 obtenir un teint radieux et \u00e9clatant. Elle est formul\u00e9e avec du super lotus, de l'extrait de feuille de carambole et de la vitamine E pour\u2026","rel":"","context":"Similar post","block_context":{"text":"Similar post","link":""},"img":{"alt_text":"","src":"","width":0,"height":0},"classes":[]},{"id":29435,"url":"https:\/\/sakaba.mghosteur.com\/en\/product\/cosrx-advanced-snail-peptide-eye-cream\/","url_meta":{"origin":34207,"position":2},"title":"COSRX ADVANCED SNAIL PEPTIDE EYE CREAM","author":"admin","date":"April 4, 2023","format":false,"excerpt":"La cr\u00e8me pour les yeux aux peptides d'escargot avanc\u00e9e de la marque COSRX est un produit efficace pour illuminer le contour des yeux et \u00e9liminer l'apparence de fatigue. Cette cr\u00e8me pour les yeux est l\u00e9g\u00e8re et hydratante avec une absorption rapide pour tous les \u00e2ges, y compris les adolescents. Elle\u2026","rel":"","context":"Similar post","block_context":{"text":"Similar post","link":""},"img":{"alt_text":"","src":"","width":0,"height":0},"classes":[]},{"id":56099,"url":"https:\/\/sakaba.mghosteur.com\/en\/product\/advanced-clinicals-retinol-advanced-firming-cream\/","url_meta":{"origin":34207,"position":3},"title":"Advanced Clinicals Retinol Advanced Firming Cream","author":"Sope DIA","date":"January 2, 2026","format":false,"excerpt":"ADVANCED CLINICAL \u2013 RETINOL CREAM est infus\u00e9e d\u2019aloe vera, de camomille, de glyc\u00e9rine et de th\u00e9 vert. Ces composants agissent tous ensemble pour raffermir efficacement la peau et r\u00e9duire l\u2019apparence de la peau endommag\u00e9e par le soleil, des rides, des ridules et de la peau cr\u00e9pue. Aloe Vera prot\u00e8ge contre\u2026","rel":"","context":"Similar post","block_context":{"text":"Similar post","link":""},"img":{"alt_text":"","src":"","width":0,"height":0},"classes":[]},{"id":56111,"url":"https:\/\/sakaba.mghosteur.com\/en\/product\/advanced-clinicals-collagen-skin-rescue-lotion\/","url_meta":{"origin":34207,"position":4},"title":"Advanced Clinicals Collagen Skin Rescue Lotion","author":"Sope DIA","date":"January 2, 2026","format":false,"excerpt":"Cr\u00e8me au collag\u00e8ne Advanced Clinics\u00a0: contribue \u00e0 att\u00e9nuer l\u2019apparence des rides, des ridules et du rel\u00e2chement cutan\u00e9. Id\u00e9ale pour le contour des yeux, le cou, le d\u00e9collet\u00e9 et les mains. FORMULE ANTI-\u00c2GE PUISSANTE - Sa formule d\u00e9licate s'utilise sur le visage pour lutter contre les signes du vieillissement. Cette cr\u00e8me\u2026","rel":"","context":"Similar post","block_context":{"text":"Similar post","link":""},"img":{"alt_text":"","src":"","width":0,"height":0},"classes":[]},{"id":56114,"url":"https:\/\/sakaba.mghosteur.com\/en\/product\/advanced-clinicals-dark-spot-therapeutic-cream\/","url_meta":{"origin":34207,"position":5},"title":"Advanced Clinicals Dark Spot Therapeutic Cream","author":"Sope DIA","date":"January 2, 2026","format":false,"excerpt":"La vitamine C att\u00e9nue l'apparence des taches de vieillesse, des taches brunes, des taches de rousseur, des taches pigmentaires, des dommages caus\u00e9s par le soleil, des cicatrices d'acn\u00e9 et des rougeurs. Ciblez vos taches brunes et autres imperfections sur le visage, les mains, les bras, les jambes et plus encore\u2026","rel":"","context":"Similar post","block_context":{"text":"Similar post","link":""},"img":{"alt_text":"","src":"","width":0,"height":0},"classes":[]}],"_links":{"self":[{"href":"https:\/\/sakaba.mghosteur.com\/en\/wp-json\/wp\/v2\/product\/34207","targetHints":{"allow":["GET"]}}],"collection":[{"href":"https:\/\/sakaba.mghosteur.com\/en\/wp-json\/wp\/v2\/product"}],"about":[{"href":"https:\/\/sakaba.mghosteur.com\/en\/wp-json\/wp\/v2\/types\/product"}],"replies":[{"embeddable":true,"href":"https:\/\/sakaba.mghosteur.com\/en\/wp-json\/wp\/v2\/comments?post=34207"}],"version-history":[{"count":0,"href":"https:\/\/sakaba.mghosteur.com\/en\/wp-json\/wp\/v2\/product\/34207\/revisions"}],"wp:attachment":[{"href":"https:\/\/sakaba.mghosteur.com\/en\/wp-json\/wp\/v2\/media?parent=34207"}],"wp:term":[{"taxonomy":"product_brand","embeddable":true,"href":"https:\/\/sakaba.mghosteur.com\/en\/wp-json\/wp\/v2\/product_brand?post=34207"},{"taxonomy":"product_cat","embeddable":true,"href":"https:\/\/sakaba.mghosteur.com\/en\/wp-json\/wp\/v2\/product_cat?post=34207"},{"taxonomy":"product_tag","embeddable":true,"href":"https:\/\/sakaba.mghosteur.com\/en\/wp-json\/wp\/v2\/product_tag?post=34207"}],"curies":[{"name":"wp","href":"https:\/\/api.w.org\/{rel}","templated":true}]}}