{"id":34210,"date":"2024-05-27T16:15:23","date_gmt":"2024-05-27T16:15:23","guid":{"rendered":"https:\/\/sakaba.mghosteur.com\/?post_type=product&#038;p=34210"},"modified":"2024-09-01T14:51:25","modified_gmt":"2024-09-01T14:51:25","slug":"fresh-lip-treatment","status":"publish","type":"product","link":"https:\/\/sakaba.mghosteur.com\/en\/product\/fresh-lip-treatment\/","title":{"rendered":"FRESH LIP TREATMENT"},"content":{"rendered":"<p>Un baume \u00e0 l\u00e8vres hydratant 24 heures aliment\u00e9 par du sucre de betterave et de la canne \u00e0 sucre qui offre une couleur transparente et modulable avec une texture lisse et beurr\u00e9e.<\/p>","protected":false},"excerpt":{"rendered":"<p>Un baume \u00e0 l\u00e8vres hydratant 24 heures aliment\u00e9 par du sucre de betterave et de la canne \u00e0 sucre qui offre une couleur transparente et modulable avec une texture lisse et beurr\u00e9e.<\/p>","protected":false},"featured_media":0,"comment_status":"open","ping_status":"closed","template":"","meta":[],"product_brand":[863],"product_cat":[1054,451],"product_tag":[],"class_list":{"0":"post-34210","1":"product","2":"type-product","3":"status-publish","5":"product_brand-fresh","6":"product_cat-soins-des-levres","7":"product_cat-aab-soin-du-visage","9":"first","10":"instock","11":"shipping-taxable","12":"product-type-simple"},"jetpack-related-posts":[{"id":33863,"url":"https:\/\/sakaba.mghosteur.com\/en\/product\/nars-radiant-creamy-concealer-sucre-d-orge-dark-15\/","url_meta":{"origin":34210,"position":0},"title":"NARS RADIANT CREAMY CONCEALER SUCRE D ORGE DARK 1,5","author":"admin","date":"May 23, 2024","format":false,"excerpt":"un anti-cernes polyvalent qui illumine, corrige et perfectionne jusqu'\u00e0 16 heures avec une couvrance cr\u00e9meuse moyenne \u00e0 modulable et un fini naturel et \u00e9clatant.","rel":"","context":"Similar post","block_context":{"text":"Similar post","link":""},"img":{"alt_text":"","src":"","width":0,"height":0},"classes":[]},{"id":32112,"url":"https:\/\/sakaba.mghosteur.com\/en\/product\/shea-sugar-scrub-candy-cane\/","url_meta":{"origin":34210,"position":1},"title":"TREE HUT SHEA SUGAR SCRUB CANDY CANE","author":"admin","date":"May 13, 2024","format":false,"excerpt":"Le gommage corporel au sucre de karit\u00e9 et \u00e0 la canne \u00e0 sucre de Tree Hut est un exfoliant corporel qui utilise du sucre, du beurre de karit\u00e9, de la menthe poivr\u00e9e, de la vanille et six huiles naturelles pour nourrir et \u00e9quilibrer l'hydratation de la peau. Il est con\u00e7u\u2026","rel":"","context":"Similar post","block_context":{"text":"Similar post","link":""},"img":{"alt_text":"","src":"","width":0,"height":0},"classes":[]},{"id":34222,"url":"https:\/\/sakaba.mghosteur.com\/en\/product\/fresh-sugar-lip-treatment-rose\/","url_meta":{"origin":34210,"position":2},"title":"FRESH SUGAR  LIP TREATMENT ROSE","author":"admin","date":"May 27, 2024","format":false,"excerpt":"Un baume \u00e0 l\u00e8vres hydratant 24 heures aliment\u00e9 par du sucre de betterave et de la canne \u00e0 sucre qui offre une couleur transparente et modulable avec une texture lisse et beurr\u00e9e.","rel":"","context":"Similar post","block_context":{"text":"Similar post","link":""},"img":{"alt_text":"","src":"","width":0,"height":0},"classes":[]},{"id":56216,"url":"https:\/\/sakaba.mghosteur.com\/en\/product\/tree-hut-cotton-candy-shea-sugar-scrub\/","url_meta":{"origin":34210,"position":3},"title":"Tree Hut Cotton Candy Shea Sugar Scrub","author":"Sope DIA","date":"January 3, 2026","format":false,"excerpt":"GOMMAGE AU SUCRE BARBE \u00c0 PAPA\u00a0: La marque de gommage corporel n\u00b0\u00a01 aux \u00c9tats-Unis* exfolie en douceur pour \u00e9liminer les cellules mortes et r\u00e9v\u00e9ler une peau douce et lisse. Laissez-vous envo\u00fbter par le parfum gourmand d\u2019une friandise de f\u00eate foraine aux notes de fraise, de sucre fil\u00e9 et de cr\u00e8me\u2026","rel":"","context":"Similar post","block_context":{"text":"Similar post","link":""},"img":{"alt_text":"","src":"","width":0,"height":0},"classes":[]},{"id":24412,"url":"https:\/\/sakaba.mghosteur.com\/en\/product\/palmers-coconut-sugar-facial-scrub\/","url_meta":{"origin":34210,"position":4},"title":"PALMERS COCONUT SUGAR FACIAL SCRUB","author":"admin","date":"November 10, 2022","format":false,"excerpt":"D\u00e9couvrez l'huile pour le visage \u00e0 la noix de coco Palmer's, un produit qui peut faire des merveilles pour votre peau. Cette huile est con\u00e7ue pour polir, exfolier et adoucir votre peau, tout en resurfa\u00e7ant sa texture pour un teint plus lumineux et plus frais. Il est suffisamment doux pour\u2026","rel":"","context":"Similar post","block_context":{"text":"Similar post","link":""},"img":{"alt_text":"","src":"","width":0,"height":0},"classes":[]},{"id":37135,"url":"https:\/\/sakaba.mghosteur.com\/en\/product\/lip-sleeping-mask-candy-cane-sucre-d-orge\/","url_meta":{"origin":34210,"position":5},"title":"LIP SLEEPING MASK CANDY CANE SUCRE D ORGE","author":"admin","date":"October 9, 2024","format":false,"excerpt":"","rel":"","context":"Similar post","block_context":{"text":"Similar post","link":""},"img":{"alt_text":"","src":"","width":0,"height":0},"classes":[]}],"_links":{"self":[{"href":"https:\/\/sakaba.mghosteur.com\/en\/wp-json\/wp\/v2\/product\/34210","targetHints":{"allow":["GET"]}}],"collection":[{"href":"https:\/\/sakaba.mghosteur.com\/en\/wp-json\/wp\/v2\/product"}],"about":[{"href":"https:\/\/sakaba.mghosteur.com\/en\/wp-json\/wp\/v2\/types\/product"}],"replies":[{"embeddable":true,"href":"https:\/\/sakaba.mghosteur.com\/en\/wp-json\/wp\/v2\/comments?post=34210"}],"version-history":[{"count":0,"href":"https:\/\/sakaba.mghosteur.com\/en\/wp-json\/wp\/v2\/product\/34210\/revisions"}],"wp:attachment":[{"href":"https:\/\/sakaba.mghosteur.com\/en\/wp-json\/wp\/v2\/media?parent=34210"}],"wp:term":[{"taxonomy":"product_brand","embeddable":true,"href":"https:\/\/sakaba.mghosteur.com\/en\/wp-json\/wp\/v2\/product_brand?post=34210"},{"taxonomy":"product_cat","embeddable":true,"href":"https:\/\/sakaba.mghosteur.com\/en\/wp-json\/wp\/v2\/product_cat?post=34210"},{"taxonomy":"product_tag","embeddable":true,"href":"https:\/\/sakaba.mghosteur.com\/en\/wp-json\/wp\/v2\/product_tag?post=34210"}],"curies":[{"name":"wp","href":"https:\/\/api.w.org\/{rel}","templated":true}]}}