{"id":34213,"date":"2024-05-27T16:16:32","date_gmt":"2024-05-27T16:16:32","guid":{"rendered":"https:\/\/sakaba.mghosteur.com\/?post_type=product&#038;p=34213"},"modified":"2024-09-01T14:52:43","modified_gmt":"2024-09-01T14:52:43","slug":"fresh-lotus-youth-preserve-dream-face-cream-night","status":"publish","type":"product","link":"https:\/\/sakaba.mghosteur.com\/en\/product\/fresh-lotus-youth-preserve-dream-face-cream-night\/","title":{"rendered":"FRESH LOTUS YOUTH PRESERVE DREAM FACE CREAM NIGHT"},"content":{"rendered":"<p>La cr\u00e8me de nuit Fresh Lotus Youth Preserve Dream Face Cream est une cr\u00e8me de nuit l\u00e9g\u00e8re et non grasse con\u00e7ue pour vous aider \u00e0 obtenir un teint radieux et \u00e9clatant. Elle est formul\u00e9e avec du super lotus, de l&#8217;extrait de feuille de carambole et de la vitamine E pour nourrir et \u00e9claircir la peau. La cr\u00e8me agit pendant votre sommeil et s&#8217;am\u00e9liore au fur et \u00e0 mesure que vous l&#8217;utilisez<\/p>","protected":false},"excerpt":{"rendered":"<p>La cr\u00e8me de nuit Fresh Lotus Youth Preserve Dream Face Cream est une cr\u00e8me de nuit l\u00e9g\u00e8re et non grasse con\u00e7ue pour vous aider \u00e0 obtenir un teint radieux et \u00e9clatant. Elle est formul\u00e9e avec du super lotus, de l&#8217;extrait de feuille de carambole et de la vitamine E pour nourrir et \u00e9claircir la peau.<span class=\"read-more-faq\"><a href=\"https:\/\/sakaba.mghosteur.com\/en\/product\/fresh-lotus-youth-preserve-dream-face-cream-night\/\">Read More<\/a><\/span><\/p>","protected":false},"featured_media":0,"comment_status":"open","ping_status":"closed","template":"","meta":[],"product_brand":[863],"product_cat":[1095,293,331,451],"product_tag":[],"class_list":{"0":"post-34213","1":"product","2":"type-product","3":"status-publish","5":"product_brand-fresh","6":"product_cat-anti-age","7":"product_cat-anti-taches","8":"product_cat-hydratant-visage","9":"product_cat-aab-soin-du-visage","11":"first","12":"instock","13":"shipping-taxable","14":"product-type-simple"},"jetpack-related-posts":[{"id":27080,"url":"https:\/\/sakaba.mghosteur.com\/en\/product\/lotus-youth-preserve-moisturizer\/","url_meta":{"origin":34213,"position":0},"title":"LOTUS YOUTH PRESERVE MOISTURIZER","author":"admin","date":"November 28, 2022","format":false,"excerpt":"","rel":"","context":"Similar post","block_context":{"text":"Similar post","link":""},"img":{"alt_text":"","src":"","width":0,"height":0},"classes":[]},{"id":27070,"url":"https:\/\/sakaba.mghosteur.com\/en\/product\/lotus-youth-preserve-rescue-mask\/","url_meta":{"origin":34213,"position":1},"title":"LOTUS YOUTH PRESERVE RESCUE MASK","author":"admin","date":"November 28, 2022","format":false,"excerpt":"","rel":"","context":"Similar post","block_context":{"text":"Similar post","link":""},"img":{"alt_text":"","src":"","width":0,"height":0},"classes":[]},{"id":34216,"url":"https:\/\/sakaba.mghosteur.com\/en\/product\/fresh-rose-deep-hydratation-cafe-cream\/","url_meta":{"origin":34213,"position":2},"title":"FRESH ROSE DEEP HYDRATATION FACE CREAM","author":"admin","date":"May 27, 2024","format":false,"excerpt":"R\u00e9hydratez les peaux s\u00e8ches avec la cr\u00e8me visage Fresh Rose Deep Hydration. La formule l\u00e9g\u00e8re mais intense offre une hydratation jusqu'\u00e0 72 heures. Infus\u00e9e d'acide hyaluronique de poids mol\u00e9culaire \u00e9lev\u00e9 et faible, la cr\u00e8me aide \u00e0 d\u00e9salt\u00e9rer le teint. La technologie \u00e0 lib\u00e9ration prolong\u00e9e offre une hydratation continue, tandis que\u2026","rel":"","context":"Similar post","block_context":{"text":"Similar post","link":""},"img":{"alt_text":"","src":"","width":0,"height":0},"classes":[]},{"id":33255,"url":"https:\/\/sakaba.mghosteur.com\/en\/product\/eos-she-better-24h-moisture-shave-cream-pomegranate-raspberry\/","url_meta":{"origin":34213,"position":3},"title":"EOS SHE BETTER 24H MOISTURE SHAVE CREAM POMEGRANATE RASPBERRY","author":"admin","date":"May 20, 2024","format":false,"excerpt":"La cr\u00e8me \u00e0 raser grenade framboise \u00e9clatante et juteuse a des notes de grenade sucr\u00e9e, de framboises acidul\u00e9es et de fleur de lotus aqueuse. Obtenez votre rasage le plus doux, le plus lisse (et le plus proche) de tous les temps. La cr\u00e8me \u00e0 raser riche et non moussante contient\u2026","rel":"","context":"Similar post","block_context":{"text":"Similar post","link":""},"img":{"alt_text":"","src":"","width":0,"height":0},"classes":[]},{"id":34207,"url":"https:\/\/sakaba.mghosteur.com\/en\/product\/fresh-black-tea-advanced-age-renewal-cream-50ml\/","url_meta":{"origin":34213,"position":4},"title":"FRESH BLACK TEA ADVANCED AGE RENEWAL CREAM 50ML","author":"admin","date":"May 27, 2024","format":false,"excerpt":"La cr\u00e8me Fresh Black Tea Advanced Age Renewal est une cr\u00e8me anti-\u00e2ge l\u00e9g\u00e8re qui utilise un m\u00e9lange d'extraits de th\u00e9 noir et de feuilles de ramboutan pour offrir des r\u00e9sultats similaires \u00e0 ceux du r\u00e9tinol. Elle contient du c\u00e9ramide NP, un lipide qui aide \u00e0 prot\u00e9ger la barri\u00e8re cutan\u00e9e et\u2026","rel":"","context":"Similar post","block_context":{"text":"Similar post","link":""},"img":{"alt_text":"","src":"","width":0,"height":0},"classes":[]},{"id":34219,"url":"https:\/\/sakaba.mghosteur.com\/en\/product\/fresh-rose-petal-soft-lip-cream\/","url_meta":{"origin":34213,"position":5},"title":"FRESH ROSE PETAL SOFT LIP CREAM","author":"admin","date":"May 27, 2024","format":false,"excerpt":"Hydratez vos l\u00e8vres avec la cr\u00e8me pour les l\u00e8vres hydratante en profondeur Rose Petal-Soft de Fresh. Cette formule soyeuse est enrichie en huile de fleur de rose nourrissante pour offrir jusqu'\u00e0 24 heures d'hydratation. Contribuant \u00e0 soulager les l\u00e8vres s\u00e8ches ou gerc\u00e9es, la cr\u00e8me revitalise pour favoriser une texture lisse\u2026","rel":"","context":"Similar post","block_context":{"text":"Similar post","link":""},"img":{"alt_text":"","src":"","width":0,"height":0},"classes":[]}],"_links":{"self":[{"href":"https:\/\/sakaba.mghosteur.com\/en\/wp-json\/wp\/v2\/product\/34213","targetHints":{"allow":["GET"]}}],"collection":[{"href":"https:\/\/sakaba.mghosteur.com\/en\/wp-json\/wp\/v2\/product"}],"about":[{"href":"https:\/\/sakaba.mghosteur.com\/en\/wp-json\/wp\/v2\/types\/product"}],"replies":[{"embeddable":true,"href":"https:\/\/sakaba.mghosteur.com\/en\/wp-json\/wp\/v2\/comments?post=34213"}],"version-history":[{"count":0,"href":"https:\/\/sakaba.mghosteur.com\/en\/wp-json\/wp\/v2\/product\/34213\/revisions"}],"wp:attachment":[{"href":"https:\/\/sakaba.mghosteur.com\/en\/wp-json\/wp\/v2\/media?parent=34213"}],"wp:term":[{"taxonomy":"product_brand","embeddable":true,"href":"https:\/\/sakaba.mghosteur.com\/en\/wp-json\/wp\/v2\/product_brand?post=34213"},{"taxonomy":"product_cat","embeddable":true,"href":"https:\/\/sakaba.mghosteur.com\/en\/wp-json\/wp\/v2\/product_cat?post=34213"},{"taxonomy":"product_tag","embeddable":true,"href":"https:\/\/sakaba.mghosteur.com\/en\/wp-json\/wp\/v2\/product_tag?post=34213"}],"curies":[{"name":"wp","href":"https:\/\/api.w.org\/{rel}","templated":true}]}}