{"id":34219,"date":"2024-05-27T16:18:42","date_gmt":"2024-05-27T16:18:42","guid":{"rendered":"https:\/\/sakaba.mghosteur.com\/?post_type=product&#038;p=34219"},"modified":"2024-09-01T14:57:10","modified_gmt":"2024-09-01T14:57:10","slug":"fresh-rose-petal-soft-lip-cream","status":"publish","type":"product","link":"https:\/\/sakaba.mghosteur.com\/en\/product\/fresh-rose-petal-soft-lip-cream\/","title":{"rendered":"FRESH ROSE PETAL SOFT LIP CREAM"},"content":{"rendered":"<p>Hydratez vos l\u00e8vres avec la cr\u00e8me pour les l\u00e8vres hydratante en profondeur Rose Petal-Soft de Fresh. Cette formule soyeuse est enrichie en huile de fleur de rose nourrissante pour offrir jusqu&#8217;\u00e0 24 heures d&#8217;hydratation. Contribuant \u00e0 soulager les l\u00e8vres s\u00e8ches ou gerc\u00e9es, la cr\u00e8me revitalise pour favoriser une texture lisse et douce.<\/p>","protected":false},"excerpt":{"rendered":"<p>Hydratez vos l\u00e8vres avec la cr\u00e8me pour les l\u00e8vres hydratante en profondeur Rose Petal-Soft de Fresh. Cette formule soyeuse est enrichie en huile de fleur de rose nourrissante pour offrir jusqu&#8217;\u00e0 24 heures d&#8217;hydratation. Contribuant \u00e0 soulager les l\u00e8vres s\u00e8ches ou gerc\u00e9es, la cr\u00e8me revitalise pour favoriser une texture lisse et douce.<\/p>","protected":false},"featured_media":0,"comment_status":"open","ping_status":"closed","template":"","meta":[],"product_brand":[957],"product_cat":[1054,451],"product_tag":[],"class_list":{"0":"post-34219","1":"product","2":"type-product","3":"status-publish","5":"product_brand-refresh-skin","6":"product_cat-soins-des-levres","7":"product_cat-aab-soin-du-visage","9":"first","10":"instock","11":"shipping-taxable","12":"product-type-simple"},"jetpack-related-posts":[{"id":34222,"url":"https:\/\/sakaba.mghosteur.com\/en\/product\/fresh-sugar-lip-treatment-rose\/","url_meta":{"origin":34219,"position":0},"title":"FRESH SUGAR  LIP TREATMENT ROSE","author":"admin","date":"May 27, 2024","format":false,"excerpt":"Un baume \u00e0 l\u00e8vres hydratant 24 heures aliment\u00e9 par du sucre de betterave et de la canne \u00e0 sucre qui offre une couleur transparente et modulable avec une texture lisse et beurr\u00e9e.","rel":"","context":"Similar post","block_context":{"text":"Similar post","link":""},"img":{"alt_text":"","src":"","width":0,"height":0},"classes":[]},{"id":34216,"url":"https:\/\/sakaba.mghosteur.com\/en\/product\/fresh-rose-deep-hydratation-cafe-cream\/","url_meta":{"origin":34219,"position":1},"title":"FRESH ROSE DEEP HYDRATATION FACE CREAM","author":"admin","date":"May 27, 2024","format":false,"excerpt":"R\u00e9hydratez les peaux s\u00e8ches avec la cr\u00e8me visage Fresh Rose Deep Hydration. La formule l\u00e9g\u00e8re mais intense offre une hydratation jusqu'\u00e0 72 heures. Infus\u00e9e d'acide hyaluronique de poids mol\u00e9culaire \u00e9lev\u00e9 et faible, la cr\u00e8me aide \u00e0 d\u00e9salt\u00e9rer le teint. La technologie \u00e0 lib\u00e9ration prolong\u00e9e offre une hydratation continue, tandis que\u2026","rel":"","context":"Similar post","block_context":{"text":"Similar post","link":""},"img":{"alt_text":"","src":"","width":0,"height":0},"classes":[]},{"id":28834,"url":"https:\/\/sakaba.mghosteur.com\/en\/product\/vaseline-lip-therapy-rosy-lips-pink-lips\/","url_meta":{"origin":34219,"position":2},"title":"VASELINE LIP THERAPY ROSE MINI","author":"admin","date":"December 13, 2022","format":false,"excerpt":"D\u00e9couvrez Vaseline Lip Therapy Rosy Mini pour des l\u00e8vres plus douces, plus lisses et plus saines avec une touche de rose transparente. Sa formule non collante et son parfum de rose aident \u00e0 apaiser et \u00e0 soigner les l\u00e8vres s\u00e8ches en emprisonnant l'humidit\u00e9, pour des l\u00e8vres visiblement plus belles et\u2026","rel":"","context":"Similar post","block_context":{"text":"Similar post","link":""},"img":{"alt_text":"","src":"","width":0,"height":0},"classes":[]},{"id":34228,"url":"https:\/\/sakaba.mghosteur.com\/en\/product\/fresh-sugar-advanced-therapy-lip-treatment\/","url_meta":{"origin":34219,"position":3},"title":"FRESH SUGAR ADVANCED THERAPY LIP TREATMENT","author":"admin","date":"May 27, 2024","format":false,"excerpt":"Un soin intensif pour les l\u00e8vres qui hydrate les l\u00e8vres tr\u00e8s s\u00e8ches pendant 24 heures et dont l'efficacit\u00e9 pour r\u00e9parer l'apparence des l\u00e8vres ab\u00eem\u00e9es est cliniquement prouv\u00e9e. Notre soin pour les l\u00e8vres test\u00e9 par des dermatologues r\u00e9g\u00e9n\u00e8re et r\u00e9pare instantan\u00e9ment les l\u00e8vres s\u00e8ches et qui p\u00e8lent gr\u00e2ce \u00e0 un extrait\u2026","rel":"","context":"Similar post","block_context":{"text":"Similar post","link":""},"img":{"alt_text":"","src":"","width":0,"height":0},"classes":[]},{"id":34210,"url":"https:\/\/sakaba.mghosteur.com\/en\/product\/fresh-lip-treatment\/","url_meta":{"origin":34219,"position":4},"title":"FRESH LIP TREATMENT","author":"admin","date":"May 27, 2024","format":false,"excerpt":"Un baume \u00e0 l\u00e8vres hydratant 24 heures aliment\u00e9 par du sucre de betterave et de la canne \u00e0 sucre qui offre une couleur transparente et modulable avec une texture lisse et beurr\u00e9e.","rel":"","context":"Similar post","block_context":{"text":"Similar post","link":""},"img":{"alt_text":"","src":"","width":0,"height":0},"classes":[]},{"id":34225,"url":"https:\/\/sakaba.mghosteur.com\/en\/product\/fresh-sugar-advanced-recovery-lip-mask-10g\/","url_meta":{"origin":34219,"position":5},"title":"FRESH SUGAR ADVANCED RECOVERY LIP MASK 10G","author":"admin","date":"May 27, 2024","format":false,"excerpt":"Le masque pour les l\u00e8vres Fresh Sugar Advanced Therapy Recovery est un masque pour les l\u00e8vres sans rin\u00e7age qui, selon des \u00e9tudes cliniques, r\u00e9pare l'apparence des l\u00e8vres tr\u00e8s s\u00e8ches pendant la nuit tout en conservant l'hydratation pour une apparence lisse et pulpeuse. Il est infus\u00e9 de cire de baies, de\u2026","rel":"","context":"Similar post","block_context":{"text":"Similar post","link":""},"img":{"alt_text":"","src":"","width":0,"height":0},"classes":[]}],"_links":{"self":[{"href":"https:\/\/sakaba.mghosteur.com\/en\/wp-json\/wp\/v2\/product\/34219","targetHints":{"allow":["GET"]}}],"collection":[{"href":"https:\/\/sakaba.mghosteur.com\/en\/wp-json\/wp\/v2\/product"}],"about":[{"href":"https:\/\/sakaba.mghosteur.com\/en\/wp-json\/wp\/v2\/types\/product"}],"replies":[{"embeddable":true,"href":"https:\/\/sakaba.mghosteur.com\/en\/wp-json\/wp\/v2\/comments?post=34219"}],"version-history":[{"count":0,"href":"https:\/\/sakaba.mghosteur.com\/en\/wp-json\/wp\/v2\/product\/34219\/revisions"}],"wp:attachment":[{"href":"https:\/\/sakaba.mghosteur.com\/en\/wp-json\/wp\/v2\/media?parent=34219"}],"wp:term":[{"taxonomy":"product_brand","embeddable":true,"href":"https:\/\/sakaba.mghosteur.com\/en\/wp-json\/wp\/v2\/product_brand?post=34219"},{"taxonomy":"product_cat","embeddable":true,"href":"https:\/\/sakaba.mghosteur.com\/en\/wp-json\/wp\/v2\/product_cat?post=34219"},{"taxonomy":"product_tag","embeddable":true,"href":"https:\/\/sakaba.mghosteur.com\/en\/wp-json\/wp\/v2\/product_tag?post=34219"}],"curies":[{"name":"wp","href":"https:\/\/api.w.org\/{rel}","templated":true}]}}