{"id":34254,"date":"2024-05-27T16:33:03","date_gmt":"2024-05-27T16:33:03","guid":{"rendered":"https:\/\/sakaba.mghosteur.com\/?post_type=product&#038;p=34254"},"modified":"2024-05-27T16:33:04","modified_gmt":"2024-05-27T16:33:04","slug":"kat-vond-d-concealer-deep-31warm","status":"publish","type":"product","link":"https:\/\/sakaba.mghosteur.com\/en\/product\/kat-vond-d-concealer-deep-31warm\/","title":{"rendered":"Kat Vond D Concealer-Deep 31Warm"},"content":{"rendered":"","protected":false},"excerpt":{"rendered":"","protected":false},"featured_media":0,"comment_status":"open","ping_status":"closed","template":"","meta":[],"product_brand":[1080],"product_cat":[289],"product_tag":[],"class_list":{"0":"post-34254","1":"product","2":"type-product","3":"status-publish","5":"product_brand-kat-von-d","6":"product_cat-aaa-maquillage","8":"first","9":"instock","10":"shipping-taxable","11":"product-type-simple"},"jetpack-related-posts":[{"id":23090,"url":"https:\/\/sakaba.mghosteur.com\/en\/product\/kat-vond-d-concealer-cream\/","url_meta":{"origin":34254,"position":0},"title":"Kat Vond D Concealer Cream","author":"admin","date":"October 25, 2022","format":false,"excerpt":"","rel":"","context":"Similar post","block_context":{"text":"Similar post","link":""},"img":{"alt_text":"","src":"","width":0,"height":0},"classes":[]},{"id":34251,"url":"https:\/\/sakaba.mghosteur.com\/en\/product\/kat-von-d-lock-it-powder-foundation-tan-deep-190\/","url_meta":{"origin":34254,"position":1},"title":"Kat Von D Lock-It Powder Foundation-TAN-DEEP 190","author":"admin","date":"May 27, 2024","format":false,"excerpt":"","rel":"","context":"Similar post","block_context":{"text":"Similar post","link":""},"img":{"alt_text":"","src":"","width":0,"height":0},"classes":[]},{"id":25106,"url":"https:\/\/sakaba.mghosteur.com\/en\/product\/nars-radiant-creamy-concealer-med-deep-2-75-truffl\/","url_meta":{"origin":34254,"position":2},"title":"NARS RADIANT CREAMY CONCEALER MED\/DEEP 2.75 TRUFFLE","author":"admin","date":"November 11, 2022","format":false,"excerpt":"un anti-cernes polyvalent qui illumine, corrige et perfectionne jusqu'\u00e0 16 heures avec une couvrance cr\u00e9meuse moyenne \u00e0 modulable et un fini naturel et \u00e9clatant.","rel":"","context":"Similar post","block_context":{"text":"Similar post","link":""},"img":{"alt_text":"","src":"","width":0,"height":0},"classes":[]},{"id":34670,"url":"https:\/\/sakaba.mghosteur.com\/en\/product\/fenty-trio-conceal-contour-highlight-deep\/","url_meta":{"origin":34254,"position":3},"title":"FENTY TRIO CONCEAL ,CONTOUR ,HIGHLIGHT DEEP","author":"admin","date":"May 30, 2024","format":false,"excerpt":"Un trio magn\u00e9tis\u00e9 de b\u00e2tons de maquillage longue tenue, l\u00e9gers comme l'air, s\u00e9lectionn\u00e9s en fonction du teint, avec deux Match Stix MATTE Skinsticks pour dissimuler et contourner, et un Match Stix SHIMMER Skinstick pour mettre en valeur. Avec les Match Stix Trios, faites passer votre teint au niveau sup\u00e9rieur sans\u2026","rel":"","context":"Similar post","block_context":{"text":"Similar post","link":""},"img":{"alt_text":"","src":"","width":0,"height":0},"classes":[]},{"id":34241,"url":"https:\/\/sakaba.mghosteur.com\/en\/product\/kat-von-d-liquid-lipstick-wizard\/","url_meta":{"origin":34254,"position":4},"title":"Kat Von D Liquid Lipstick-Wizard","author":"admin","date":"May 27, 2024","format":false,"excerpt":"","rel":"","context":"Similar post","block_context":{"text":"Similar post","link":""},"img":{"alt_text":"","src":"","width":0,"height":0},"classes":[]},{"id":34234,"url":"https:\/\/sakaba.mghosteur.com\/en\/product\/kat-von-d-liquid-lipstick-razzle\/","url_meta":{"origin":34254,"position":5},"title":"Kat Von D Liquid Lipstick-Razzle","author":"admin","date":"May 27, 2024","format":false,"excerpt":"","rel":"","context":"Similar post","block_context":{"text":"Similar post","link":""},"img":{"alt_text":"","src":"","width":0,"height":0},"classes":[]}],"_links":{"self":[{"href":"https:\/\/sakaba.mghosteur.com\/en\/wp-json\/wp\/v2\/product\/34254","targetHints":{"allow":["GET"]}}],"collection":[{"href":"https:\/\/sakaba.mghosteur.com\/en\/wp-json\/wp\/v2\/product"}],"about":[{"href":"https:\/\/sakaba.mghosteur.com\/en\/wp-json\/wp\/v2\/types\/product"}],"replies":[{"embeddable":true,"href":"https:\/\/sakaba.mghosteur.com\/en\/wp-json\/wp\/v2\/comments?post=34254"}],"version-history":[{"count":0,"href":"https:\/\/sakaba.mghosteur.com\/en\/wp-json\/wp\/v2\/product\/34254\/revisions"}],"wp:attachment":[{"href":"https:\/\/sakaba.mghosteur.com\/en\/wp-json\/wp\/v2\/media?parent=34254"}],"wp:term":[{"taxonomy":"product_brand","embeddable":true,"href":"https:\/\/sakaba.mghosteur.com\/en\/wp-json\/wp\/v2\/product_brand?post=34254"},{"taxonomy":"product_cat","embeddable":true,"href":"https:\/\/sakaba.mghosteur.com\/en\/wp-json\/wp\/v2\/product_cat?post=34254"},{"taxonomy":"product_tag","embeddable":true,"href":"https:\/\/sakaba.mghosteur.com\/en\/wp-json\/wp\/v2\/product_tag?post=34254"}],"curies":[{"name":"wp","href":"https:\/\/api.w.org\/{rel}","templated":true}]}}