{"id":34259,"date":"2024-05-27T16:34:35","date_gmt":"2024-05-27T16:34:35","guid":{"rendered":"https:\/\/sakaba.mghosteur.com\/?post_type=product&#038;p=34259"},"modified":"2024-05-28T11:33:51","modified_gmt":"2024-05-28T11:33:51","slug":"magic-vanish-under-eye-face-cheat-for-intense","status":"publish","type":"product","link":"https:\/\/sakaba.mghosteur.com\/en\/product\/magic-vanish-under-eye-face-cheat-for-intense\/","title":{"rendered":"MAGIC VANISH UNDER EYE &#038; FACE CHEAT FOR INTENSE"},"content":{"rendered":"","protected":false},"excerpt":{"rendered":"","protected":false},"featured_media":0,"comment_status":"open","ping_status":"closed","template":"","meta":[],"product_brand":[818],"product_cat":[289],"product_tag":[],"class_list":{"0":"post-34259","1":"product","2":"type-product","3":"status-publish","5":"product_brand-charlotte-tilburry","6":"product_cat-aaa-maquillage","8":"first","9":"instock","10":"shipping-taxable","11":"product-type-simple"},"jetpack-related-posts":[{"id":34015,"url":"https:\/\/sakaba.mghosteur.com\/en\/product\/intensive-whitening-face-and-neck-cream\/","url_meta":{"origin":34259,"position":0},"title":"INTENSIVE WHITENING FACE AND NECK CREAM","author":"admin","date":"May 24, 2024","format":false,"excerpt":"","rel":"","context":"Similar post","block_context":{"text":"Similar post","link":""},"img":{"alt_text":"","src":"","width":0,"height":0},"classes":[]},{"id":56155,"url":"https:\/\/sakaba.mghosteur.com\/en\/product\/cosrx-advanced-snail-hydrogel-eye-patch\/","url_meta":{"origin":34259,"position":1},"title":"COSRX Advanced Snail Hydrogel Eye Patch","author":"Sope DIA","date":"January 2, 2026","format":false,"excerpt":"Masque contour des yeux concentr\u00e9 \u00e0 la mucine d'escargot : Enrichi en filtrat de s\u00e9cr\u00e9tion d'escargot et en niacinamide, ce masque hydrogel hydrate et illumine instantan\u00e9ment le regard. Il apporte une hydratation et une nutrition intenses aux peaux ternes et fatigu\u00e9es. Solution multi-usages : Offrez-vous une dose d'ingr\u00e9dients concentr\u00e9s pour\u2026","rel":"","context":"Similar post","block_context":{"text":"Similar post","link":""},"img":{"alt_text":"","src":"","width":0,"height":0},"classes":[]},{"id":33876,"url":"https:\/\/sakaba.mghosteur.com\/en\/product\/suva-hydra-eye-liner\/","url_meta":{"origin":34259,"position":2},"title":"Suva Hydra Eye Liner","author":"admin","date":"May 24, 2024","format":false,"excerpt":"Un cake eyeliner qui brille sous la lumi\u00e8re ultraviolette. Place \u00e0 la cr\u00e9ativit\u00e9 avec Hydra Liner. Enti\u00e8rement r\u00e9sistante aux bavures et aux transferts, cette formule opaque est id\u00e9ale pour dispenser une couleur intense sur la ligne des cils ou cr\u00e9er de l\u2019art corporel ou de visage. Activez avec un peu\u2026","rel":"","context":"Similar post","block_context":{"text":"Similar post","link":""},"img":{"alt_text":"","src":"","width":0,"height":0},"classes":[]},{"id":24585,"url":"https:\/\/sakaba.mghosteur.com\/en\/product\/strivectin-sd-intensive-concentrate-for-stretch-marks-wrinkles\/","url_meta":{"origin":34259,"position":3},"title":"STRIVECTIN-SD: INTENSIVE CONCENTRATE FOR STRETCH MARKS &#038; WRINKLES","author":"admin","date":"November 10, 2022","format":false,"excerpt":"","rel":"","context":"Similar post","block_context":{"text":"Similar post","link":""},"img":{"alt_text":"","src":"","width":0,"height":0},"classes":[]},{"id":25327,"url":"https:\/\/sakaba.mghosteur.com\/en\/product\/black-girl-sunscreen-lotion-for-face-and-body\/","url_meta":{"origin":34259,"position":4},"title":"BLACK GIRL SUNSCREEN LOTION FOR FACE AND BODY","author":"admin","date":"November 14, 2022","format":false,"excerpt":"","rel":"","context":"Similar post","block_context":{"text":"Similar post","link":""},"img":{"alt_text":"","src":"","width":0,"height":0},"classes":[]},{"id":33373,"url":"https:\/\/sakaba.mghosteur.com\/en\/product\/biore-deep-pore-cleansing-charcoal-daily-face-wash-for-oily-skin\/","url_meta":{"origin":34259,"position":5},"title":"Biore Deep Pore Cleansing Charcoal Daily Face Wash, for Oily Skin","author":"admin","date":"May 21, 2024","format":false,"excerpt":"","rel":"","context":"Similar post","block_context":{"text":"Similar post","link":""},"img":{"alt_text":"","src":"","width":0,"height":0},"classes":[]}],"_links":{"self":[{"href":"https:\/\/sakaba.mghosteur.com\/en\/wp-json\/wp\/v2\/product\/34259","targetHints":{"allow":["GET"]}}],"collection":[{"href":"https:\/\/sakaba.mghosteur.com\/en\/wp-json\/wp\/v2\/product"}],"about":[{"href":"https:\/\/sakaba.mghosteur.com\/en\/wp-json\/wp\/v2\/types\/product"}],"replies":[{"embeddable":true,"href":"https:\/\/sakaba.mghosteur.com\/en\/wp-json\/wp\/v2\/comments?post=34259"}],"version-history":[{"count":0,"href":"https:\/\/sakaba.mghosteur.com\/en\/wp-json\/wp\/v2\/product\/34259\/revisions"}],"wp:attachment":[{"href":"https:\/\/sakaba.mghosteur.com\/en\/wp-json\/wp\/v2\/media?parent=34259"}],"wp:term":[{"taxonomy":"product_brand","embeddable":true,"href":"https:\/\/sakaba.mghosteur.com\/en\/wp-json\/wp\/v2\/product_brand?post=34259"},{"taxonomy":"product_cat","embeddable":true,"href":"https:\/\/sakaba.mghosteur.com\/en\/wp-json\/wp\/v2\/product_cat?post=34259"},{"taxonomy":"product_tag","embeddable":true,"href":"https:\/\/sakaba.mghosteur.com\/en\/wp-json\/wp\/v2\/product_tag?post=34259"}],"curies":[{"name":"wp","href":"https:\/\/api.w.org\/{rel}","templated":true}]}}