{"id":34262,"date":"2024-05-27T16:35:40","date_gmt":"2024-05-27T16:35:40","guid":{"rendered":"https:\/\/sakaba.mghosteur.com\/?post_type=product&#038;p=34262"},"modified":"2024-05-28T11:33:18","modified_gmt":"2024-05-28T11:33:18","slug":"pure-skin-deep-cleanser-whit-red-clay","status":"publish","type":"product","link":"https:\/\/sakaba.mghosteur.com\/en\/product\/pure-skin-deep-cleanser-whit-red-clay\/","title":{"rendered":"PURE SKIN DEEP CLEANSER WHIT RED CLAY"},"content":{"rendered":"","protected":false},"excerpt":{"rendered":"","protected":false},"featured_media":0,"comment_status":"open","ping_status":"closed","template":"","meta":[],"product_brand":[1079],"product_cat":[446],"product_tag":[],"class_list":{"0":"post-34262","1":"product","2":"type-product","3":"status-publish","5":"product_brand-first-aid-beauty","6":"product_cat-nettoyant","8":"first","9":"instock","10":"shipping-taxable","11":"product-type-simple"},"jetpack-related-posts":[{"id":27837,"url":"https:\/\/sakaba.mghosteur.com\/en\/product\/pure-skin-deep-cleanser-with-red-clay\/","url_meta":{"origin":34262,"position":0},"title":"PURE SKIN DEEP CLEANSER WITH RED CLAY","author":"admin","date":"November 29, 2022","format":false,"excerpt":"","rel":"","context":"Similar post","block_context":{"text":"Similar post","link":""},"img":{"alt_text":"","src":"","width":0,"height":0},"classes":[]},{"id":27846,"url":"https:\/\/sakaba.mghosteur.com\/en\/product\/skin-rescue-purifying-mask-whit-red-clay\/","url_meta":{"origin":34262,"position":1},"title":"SKIN RESCUE PURIFYING MASK WHIT RED CLAY","author":"admin","date":"November 29, 2022","format":false,"excerpt":"","rel":"","context":"Similar post","block_context":{"text":"Similar post","link":""},"img":{"alt_text":"","src":"","width":0,"height":0},"classes":[]},{"id":27258,"url":"https:\/\/sakaba.mghosteur.com\/en\/product\/tea-tree-skin-clearing-clay-mask\/","url_meta":{"origin":34262,"position":2},"title":"TEA TREE SKIN CLEARING CLAY MASK","author":"admin","date":"November 29, 2022","format":false,"excerpt":"","rel":"","context":"Similar post","block_context":{"text":"Similar post","link":""},"img":{"alt_text":"","src":"","width":0,"height":0},"classes":[]},{"id":30242,"url":"https:\/\/sakaba.mghosteur.com\/en\/product\/deep-clean-purifying-wash-off-clay-mask\/","url_meta":{"origin":34262,"position":3},"title":"Deep Clean Purifying Wash-Off Clay Mask","author":"admin","date":"May 4, 2023","format":false,"excerpt":"Un masque \u00e0 l'argile purifiant et nettoyant en profondeur est un type de produit de soin con\u00e7u pour aider \u00e0 \u00e9liminer les impuret\u00e9s et l'exc\u00e8s de s\u00e9bum de la peau. Le masque est g\u00e9n\u00e9ralement fabriqu\u00e9 \u00e0 partir d'une combinaison d'argiles naturelles, telles que la bentonite, le kaolin ou Pour utiliser\u2026","rel":"","context":"Similar post","block_context":{"text":"Similar post","link":""},"img":{"alt_text":"","src":"","width":0,"height":0},"classes":[]},{"id":27546,"url":"https:\/\/sakaba.mghosteur.com\/en\/product\/biore-deep-pore-charcoal-cleanser\/","url_meta":{"origin":34262,"position":4},"title":"Bior\u00e9 deep pore charcoal cleanser","author":"admin","date":"November 29, 2022","format":false,"excerpt":"","rel":"","context":"Similar post","block_context":{"text":"Similar post","link":""},"img":{"alt_text":"","src":"","width":0,"height":0},"classes":[]},{"id":26617,"url":"https:\/\/sakaba.mghosteur.com\/en\/product\/advance-white-clarifying-foaming-cleanser\/","url_meta":{"origin":34262,"position":5},"title":"ADVANCE WHITE CLARIFYING FOAMING CLEANSER","author":"admin","date":"November 28, 2022","format":false,"excerpt":"","rel":"","context":"Similar post","block_context":{"text":"Similar post","link":""},"img":{"alt_text":"","src":"","width":0,"height":0},"classes":[]}],"_links":{"self":[{"href":"https:\/\/sakaba.mghosteur.com\/en\/wp-json\/wp\/v2\/product\/34262","targetHints":{"allow":["GET"]}}],"collection":[{"href":"https:\/\/sakaba.mghosteur.com\/en\/wp-json\/wp\/v2\/product"}],"about":[{"href":"https:\/\/sakaba.mghosteur.com\/en\/wp-json\/wp\/v2\/types\/product"}],"replies":[{"embeddable":true,"href":"https:\/\/sakaba.mghosteur.com\/en\/wp-json\/wp\/v2\/comments?post=34262"}],"version-history":[{"count":0,"href":"https:\/\/sakaba.mghosteur.com\/en\/wp-json\/wp\/v2\/product\/34262\/revisions"}],"wp:attachment":[{"href":"https:\/\/sakaba.mghosteur.com\/en\/wp-json\/wp\/v2\/media?parent=34262"}],"wp:term":[{"taxonomy":"product_brand","embeddable":true,"href":"https:\/\/sakaba.mghosteur.com\/en\/wp-json\/wp\/v2\/product_brand?post=34262"},{"taxonomy":"product_cat","embeddable":true,"href":"https:\/\/sakaba.mghosteur.com\/en\/wp-json\/wp\/v2\/product_cat?post=34262"},{"taxonomy":"product_tag","embeddable":true,"href":"https:\/\/sakaba.mghosteur.com\/en\/wp-json\/wp\/v2\/product_tag?post=34262"}],"curies":[{"name":"wp","href":"https:\/\/api.w.org\/{rel}","templated":true}]}}