{"id":34295,"date":"2024-05-28T13:30:44","date_gmt":"2024-05-28T13:30:44","guid":{"rendered":"https:\/\/sakaba.mghosteur.com\/?post_type=product&#038;p=34295"},"modified":"2024-09-01T13:42:34","modified_gmt":"2024-09-01T13:42:34","slug":"a-ret-hc-hydroquinone-tretinoin-hydrocortisone-15g","status":"publish","type":"product","link":"https:\/\/sakaba.mghosteur.com\/en\/product\/a-ret-hc-hydroquinone-tretinoin-hydrocortisone-15g\/","title":{"rendered":"A RET HC HYDROQUINONE TRETINOIN &amp; HYDROCORTISONE  15G"},"content":{"rendered":"","protected":false},"excerpt":{"rendered":"","protected":false},"featured_media":0,"comment_status":"open","ping_status":"closed","template":"","meta":[],"product_brand":[1081],"product_cat":[1095,294,293,291,335,451],"product_tag":[],"class_list":{"0":"post-34295","1":"product","2":"type-product","3":"status-publish","5":"product_brand-menarini","6":"product_cat-anti-age","7":"product_cat-acne","8":"product_cat-anti-taches","9":"product_cat-eclaircissant","10":"product_cat-serum-visage","11":"product_cat-aab-soin-du-visage","13":"first","14":"instock","15":"shipping-taxable","16":"product-type-simple"},"jetpack-related-posts":[{"id":34448,"url":"https:\/\/sakaba.mghosteur.com\/en\/product\/tretinoin-gel-usp-as-microsphere-0-04-w-w-trunex-15g\/","url_meta":{"origin":34295,"position":0},"title":"TRETINOIN GEL USP AS MICROSPHERE 0.04% W W TRUNEX 15G","author":"admin","date":"May 28, 2024","format":false,"excerpt":"Le gel aqueux Trunex MS est une forme de vitamine A utilis\u00e9e pour traiter l'acn\u00e9 qui appara\u00eet sous forme de taches ou de boutons sur le visage, la poitrine ou le dos. Il aide \u00e9galement \u00e0 lisser la peau rugueuse du visage et \u00e0 r\u00e9duire les ridules de la peau.","rel":"","context":"Similar post","block_context":{"text":"Similar post","link":""},"img":{"alt_text":"","src":"","width":0,"height":0},"classes":[]},{"id":34444,"url":"https:\/\/sakaba.mghosteur.com\/en\/product\/tretinoin-gel-usp-0-1-w-w\/","url_meta":{"origin":34295,"position":1},"title":"TRETINOIN GEL USP 0.1% W\/W","author":"admin","date":"May 28, 2024","format":false,"excerpt":"Traitement de l'acn\u00e9 Le gel A-Ret 0,1 % est une forme de vitamine A. Il aide \u00e0 traiter l'acn\u00e9 en nettoyant les pores de la peau et en emp\u00eachant l'apparition de taches ou de boutons. Il faut g\u00e9n\u00e9ralement plusieurs semaines pour obtenir un effet notable, alors continuez \u00e0 l'utiliser m\u00eame\u2026","rel":"","context":"Similar post","block_context":{"text":"Similar post","link":""},"img":{"alt_text":"","src":"","width":0,"height":0},"classes":[]},{"id":29005,"url":"https:\/\/sakaba.mghosteur.com\/en\/product\/1-hydrocortisone-anti-itch-cream\/","url_meta":{"origin":34295,"position":2},"title":"1% HYDROCORTISONE ANTI-ITCH CREAM","author":"admin","date":"March 9, 2023","format":false,"excerpt":"La cr\u00e8me anti-d\u00e9mangeaisons \u00e0 l'hydrocortisone de CeraVe est un traitement efficace pour soulager les d\u00e9mangeaisons caus\u00e9es par l'ecz\u00e9ma, les petites \u00e9ruptions cutan\u00e9es et les piq\u00fbres d'insectes mineures. Sa formule contient 1% d'hydrocortisone, la concentration maximale disponible sans ordonnance, ainsi que trois c\u00e9ramides essentiels pour aider \u00e0 restaurer la barri\u00e8re protectrice\u2026","rel":"","context":"Similar post","block_context":{"text":"Similar post","link":""},"img":{"alt_text":"","src":"","width":0,"height":0},"classes":[]},{"id":26642,"url":"https:\/\/sakaba.mghosteur.com\/en\/product\/hb-hydroquinone-brightening\/","url_meta":{"origin":34295,"position":3},"title":"HB HYDROQUINONE BRIGHTENING","author":"admin","date":"November 28, 2022","format":false,"excerpt":"","rel":"","context":"Similar post","block_context":{"text":"Similar post","link":""},"img":{"alt_text":"","src":"","width":0,"height":0},"classes":[]},{"id":34655,"url":"https:\/\/sakaba.mghosteur.com\/en\/product\/fenty-skin-plush-puddinz-15g\/","url_meta":{"origin":34295,"position":4},"title":"FENTY SKIN PLUSH PUDDINZ 15G","author":"admin","date":"May 30, 2024","format":false,"excerpt":"Faites parler de vos l\u00e8vres naturellement pulpeuses avec ce soin des l\u00e8vres de niveau sup\u00e9rieur. Cette texture moelleuse, semblable \u00e0 du pudding, enrobe les l\u00e8vres d'une hydratation suraliment\u00e9e pour une moue plus lisse, plus ferme et plus pulpeuse. Description Hydrate et nourrit instantan\u00e9ment, et offre une hydratation longue dur\u00e9e jour\u2026","rel":"","context":"Similar post","block_context":{"text":"Similar post","link":""},"img":{"alt_text":"","src":"","width":0,"height":0},"classes":[]},{"id":26169,"url":"https:\/\/sakaba.mghosteur.com\/en\/product\/gluta-c-face-body-soap-hydroquinone-free\/","url_meta":{"origin":34295,"position":5},"title":"GLUTA-C FACE &#038; BODY SOAP HYDROQUINONE FREE","author":"admin","date":"November 24, 2022","format":false,"excerpt":"","rel":"","context":"Similar post","block_context":{"text":"Similar post","link":""},"img":{"alt_text":"","src":"","width":0,"height":0},"classes":[]}],"_links":{"self":[{"href":"https:\/\/sakaba.mghosteur.com\/en\/wp-json\/wp\/v2\/product\/34295","targetHints":{"allow":["GET"]}}],"collection":[{"href":"https:\/\/sakaba.mghosteur.com\/en\/wp-json\/wp\/v2\/product"}],"about":[{"href":"https:\/\/sakaba.mghosteur.com\/en\/wp-json\/wp\/v2\/types\/product"}],"replies":[{"embeddable":true,"href":"https:\/\/sakaba.mghosteur.com\/en\/wp-json\/wp\/v2\/comments?post=34295"}],"version-history":[{"count":0,"href":"https:\/\/sakaba.mghosteur.com\/en\/wp-json\/wp\/v2\/product\/34295\/revisions"}],"wp:attachment":[{"href":"https:\/\/sakaba.mghosteur.com\/en\/wp-json\/wp\/v2\/media?parent=34295"}],"wp:term":[{"taxonomy":"product_brand","embeddable":true,"href":"https:\/\/sakaba.mghosteur.com\/en\/wp-json\/wp\/v2\/product_brand?post=34295"},{"taxonomy":"product_cat","embeddable":true,"href":"https:\/\/sakaba.mghosteur.com\/en\/wp-json\/wp\/v2\/product_cat?post=34295"},{"taxonomy":"product_tag","embeddable":true,"href":"https:\/\/sakaba.mghosteur.com\/en\/wp-json\/wp\/v2\/product_tag?post=34295"}],"curies":[{"name":"wp","href":"https:\/\/api.w.org\/{rel}","templated":true}]}}