{"id":34304,"date":"2024-05-28T13:33:22","date_gmt":"2024-05-28T13:33:22","guid":{"rendered":"https:\/\/sakaba.mghosteur.com\/?post_type=product&#038;p=34304"},"modified":"2024-06-06T16:54:07","modified_gmt":"2024-06-06T16:54:07","slug":"advanced-glow-intensive-repair-lotion","status":"publish","type":"product","link":"https:\/\/sakaba.mghosteur.com\/en\/product\/advanced-glow-intensive-repair-lotion\/","title":{"rendered":"ADVANCED Glow intensive repair lotion"},"content":{"rendered":"","protected":false},"excerpt":{"rendered":"","protected":false},"featured_media":0,"comment_status":"open","ping_status":"closed","template":"","meta":[],"product_brand":[958],"product_cat":[377],"product_tag":[],"class_list":{"0":"post-34304","1":"product","2":"type-product","3":"status-publish","5":"product_brand-relumins","6":"product_cat-bath-body-works","8":"first","9":"instock","10":"shipping-taxable","11":"product-type-simple"},"jetpack-related-posts":[{"id":29893,"url":"https:\/\/sakaba.mghosteur.com\/en\/product\/vaseline-advanced-repair-unscented-600ml\/","url_meta":{"origin":34304,"position":0},"title":"VASELINE ADVANCED REPAIR UNSCENTED 600ML","author":"admin","date":"April 27, 2023","format":false,"excerpt":"La lotion inodore Vaseline Intensive Care Advanced Repair est sp\u00e9cialement con\u00e7ue pour hydrater les peaux s\u00e8ches et tenaces. Test\u00e9e par des dermatologues, elle procure une hydratation cicatrisante rapide pour une peau douce et d'apparence saine. Sa formule \u00e0 absorption rapide contient des microgouttelettes de gel\u00e9e Vaseline et des lipides ultra-hydratants\u2026","rel":"","context":"Similar post","block_context":{"text":"Similar post","link":""},"img":{"alt_text":"","src":"","width":0,"height":0},"classes":[]},{"id":26615,"url":"https:\/\/sakaba.mghosteur.com\/en\/product\/relumins-intense-glow-every-day-body-lotion\/","url_meta":{"origin":34304,"position":1},"title":"RELUMINS INTENSE GLOW EVERY DAY BODY LOTION","author":"admin","date":"November 28, 2022","format":false,"excerpt":"","rel":"","context":"Similar post","block_context":{"text":"Similar post","link":""},"img":{"alt_text":"","src":"","width":0,"height":0},"classes":[]},{"id":26644,"url":"https:\/\/sakaba.mghosteur.com\/en\/product\/relumins-intensive-repair-lotion\/","url_meta":{"origin":34304,"position":2},"title":"RELUMINS INTENSIVE REPAIR LOTION","author":"admin","date":"November 28, 2022","format":false,"excerpt":"","rel":"","context":"Similar post","block_context":{"text":"Similar post","link":""},"img":{"alt_text":"","src":"","width":0,"height":0},"classes":[]},{"id":25533,"url":"https:\/\/sakaba.mghosteur.com\/en\/product\/eucerin-intensive-repair-lotion\/","url_meta":{"origin":34304,"position":3},"title":"EUCERIN INTENSIVE REPAIR LOTION","author":"admin","date":"November 14, 2022","format":false,"excerpt":"La Lotion R\u00e9paratrice Intensive d'Eucerin est une lotion pour le corps qui hydrate, exfolie et revitalise la peau tr\u00e8s s\u00e8che et squameuse. C'est une marque recommand\u00e9e par les dermatologues qui est sans parfum, sans parab\u00e8ne et sans colorant. Elle contient de l'alpha-hydroxy (AHA) et des facteurs hydratants naturels pour les\u2026","rel":"","context":"Similar post","block_context":{"text":"Similar post","link":""},"img":{"alt_text":"","src":"","width":0,"height":0},"classes":[]},{"id":56102,"url":"https:\/\/sakaba.mghosteur.com\/en\/product\/advanced-clinicals-green-coffee-bean-oil-thermo-firming-cream\/","url_meta":{"origin":34304,"position":4},"title":"Advanced Clinicals Green Coffee Bean Oil Thermo-Firming Cream","author":"Sope DIA","date":"January 2, 2026","format":false,"excerpt":"Cr\u00e8me \u00e0 l'huile de caf\u00e9 vert : hydrate visiblement pour une peau plus ferme et lisse. Ce lait corporel thermo-raffermissant hydrate intens\u00e9ment la peau, lui donnant un aspect plus rebondi et raffermi. L'hydratation suppl\u00e9mentaire favorise un effet liftant et lisse, pour une peau visiblement renouvel\u00e9e. Id\u00e9al pour les femmes et\u2026","rel":"","context":"Similar post","block_context":{"text":"Similar post","link":""},"img":{"alt_text":"","src":"","width":0,"height":0},"classes":[]},{"id":56144,"url":"https:\/\/sakaba.mghosteur.com\/en\/product\/anua-rice-70-glow-milky-toner\/","url_meta":{"origin":34304,"position":5},"title":"Anua Rice 70 Glow Milky Toner","author":"Sope DIA","date":"January 2, 2026","format":false,"excerpt":"LOTION TONIQUE LAIT\u00c9E L\u00c9G\u00c8RE POUR UNE PEAU DE VERRE : Offre une hydratation intense gr\u00e2ce \u00e0 un m\u00e9lange d'eau de riz, de niacinamide et de c\u00e9ramides, tout en laissant un fini rafra\u00eechissant et non collant pour une peau de verre. EAU DE RIZ ET NIACINAMIDE POUR HYDRATER : Contient 70\u2026","rel":"","context":"Similar post","block_context":{"text":"Similar post","link":""},"img":{"alt_text":"","src":"","width":0,"height":0},"classes":[]}],"_links":{"self":[{"href":"https:\/\/sakaba.mghosteur.com\/en\/wp-json\/wp\/v2\/product\/34304","targetHints":{"allow":["GET"]}}],"collection":[{"href":"https:\/\/sakaba.mghosteur.com\/en\/wp-json\/wp\/v2\/product"}],"about":[{"href":"https:\/\/sakaba.mghosteur.com\/en\/wp-json\/wp\/v2\/types\/product"}],"replies":[{"embeddable":true,"href":"https:\/\/sakaba.mghosteur.com\/en\/wp-json\/wp\/v2\/comments?post=34304"}],"version-history":[{"count":0,"href":"https:\/\/sakaba.mghosteur.com\/en\/wp-json\/wp\/v2\/product\/34304\/revisions"}],"wp:attachment":[{"href":"https:\/\/sakaba.mghosteur.com\/en\/wp-json\/wp\/v2\/media?parent=34304"}],"wp:term":[{"taxonomy":"product_brand","embeddable":true,"href":"https:\/\/sakaba.mghosteur.com\/en\/wp-json\/wp\/v2\/product_brand?post=34304"},{"taxonomy":"product_cat","embeddable":true,"href":"https:\/\/sakaba.mghosteur.com\/en\/wp-json\/wp\/v2\/product_cat?post=34304"},{"taxonomy":"product_tag","embeddable":true,"href":"https:\/\/sakaba.mghosteur.com\/en\/wp-json\/wp\/v2\/product_tag?post=34304"}],"curies":[{"name":"wp","href":"https:\/\/api.w.org\/{rel}","templated":true}]}}