{"id":34310,"date":"2024-05-28T13:35:31","date_gmt":"2024-05-28T13:35:31","guid":{"rendered":"https:\/\/sakaba.mghosteur.com\/?post_type=product&#038;p=34310"},"modified":"2024-06-06T17:02:50","modified_gmt":"2024-06-06T17:02:50","slug":"aleve-liquid-gels","status":"publish","type":"product","link":"https:\/\/sakaba.mghosteur.com\/en\/product\/aleve-liquid-gels\/","title":{"rendered":"ALEVE LIQUID GELS"},"content":{"rendered":"","protected":false},"excerpt":{"rendered":"","protected":false},"featured_media":0,"comment_status":"open","ping_status":"closed","template":"","meta":[],"product_brand":[1082],"product_cat":[377],"product_tag":[],"class_list":{"0":"post-34310","1":"product","2":"type-product","3":"status-publish","5":"product_brand-bayer","6":"product_cat-bath-body-works","8":"first","9":"instock","10":"shipping-taxable","11":"product-type-simple"},"jetpack-related-posts":[{"id":34307,"url":"https:\/\/sakaba.mghosteur.com\/en\/product\/aleve-220mg-50c\/","url_meta":{"origin":34310,"position":0},"title":"ALEVE 220MG 50C","author":"admin","date":"May 28, 2024","format":false,"excerpt":"","rel":"","context":"Similar post","block_context":{"text":"Similar post","link":""},"img":{"alt_text":"","src":"","width":0,"height":0},"classes":[]},{"id":25006,"url":"https:\/\/sakaba.mghosteur.com\/en\/product\/aleve-220mg-naprosen-sodium-tablets\/","url_meta":{"origin":34310,"position":1},"title":"ALEVE 220MG NAPROSEN SODIUM TABLETS","author":"admin","date":"November 11, 2022","format":false,"excerpt":"","rel":"","context":"Similar post","block_context":{"text":"Similar post","link":""},"img":{"alt_text":"","src":"","width":0,"height":0},"classes":[]},{"id":27136,"url":"https:\/\/sakaba.mghosteur.com\/en\/product\/necessaire-the-deodorant-gel-eucalyptus\/","url_meta":{"origin":34310,"position":2},"title":"NECESSAIRE THE DEODORANT GEL EUCALYPTUS","author":"admin","date":"November 29, 2022","format":false,"excerpt":"Le Gel D\u00e9odorant de NECESSAIRE est un produit de soin corporel clair \u00e0 s\u00e9chage rapide qui a \u00e9t\u00e9 sp\u00e9cialement con\u00e7u pour combattre les odeurs, traiter l'hyperpigmentation et minimiser les bosses. Avec une formule \u00e0 5 % d'AHA (acide alpha-hydroxyl\u00e9) et de niacinamide, ce d\u00e9odorant est hypoallerg\u00e9nique, test\u00e9 dermatologiquement et non\u2026","rel":"","context":"Similar post","block_context":{"text":"Similar post","link":""},"img":{"alt_text":"","src":"","width":0,"height":0},"classes":[]},{"id":26852,"url":"https:\/\/sakaba.mghosteur.com\/en\/product\/skin-perfecting-25aha-2bha-exfoliant-peel\/","url_meta":{"origin":34310,"position":3},"title":"SKIN PERFECTING 25%AHA +2%BHA EXFOLIANT PEEL","author":"admin","date":"November 28, 2022","format":false,"excerpt":"D\u00e9couvrez le Peeling Exfoliant 25% AHA + 2% BHA de la marque Paula's Choice, un gommage exfoliant multi-acides qui transformera votre peau en profondeur. Ce produit unique en son genre est con\u00e7u pour lisser les rides, affiner la texture de la peau, \u00e9claircir le teint et d\u00e9sobstruer les pores pour\u2026","rel":"","context":"Similar post","block_context":{"text":"Similar post","link":""},"img":{"alt_text":"","src":"","width":0,"height":0},"classes":[]},{"id":31906,"url":"https:\/\/sakaba.mghosteur.com\/en\/product\/aveeno-baby-wash-shampoo-532-ml\/","url_meta":{"origin":34310,"position":4},"title":"AVEENO BABY WASH &amp; SHAMPOO 532 ML","author":"admin","date":"May 10, 2024","format":false,"excerpt":"Flacon de 18 onces liquides de nettoyant doux Aveeno Baby Daily Moisture 2-en-1 pour le bain et le shampooing capillaire avec extrait d'avoine naturel pour nettoyer les cheveux et la peau d\u00e9licats de b\u00e9b\u00e9 La formule riche et moussante du nettoyant pour le corps et du shampoing pour b\u00e9b\u00e9 contient\u2026","rel":"","context":"Similar post","block_context":{"text":"Similar post","link":""},"img":{"alt_text":"","src":"","width":0,"height":0},"classes":[]},{"id":26898,"url":"https:\/\/sakaba.mghosteur.com\/en\/product\/cosrx-bha-blackhead-power-liquid\/","url_meta":{"origin":34310,"position":5},"title":"COSRX BHA BLACKHEAD POWER LIQUID","author":"admin","date":"November 28, 2022","format":false,"excerpt":"Le produit est un liquide anti-points noirs BHA de la marque COSRX. Il contient de la BHA et de la niacinamide pour une exfoliation douce et un contr\u00f4le du s\u00e9bum. Il est id\u00e9al pour les utilisateurs d'acide de niveau interm\u00e9diaire. Ce liquide exfoliant vous permettra de dire adieu aux points\u2026","rel":"","context":"Similar post","block_context":{"text":"Similar post","link":""},"img":{"alt_text":"","src":"","width":0,"height":0},"classes":[]}],"_links":{"self":[{"href":"https:\/\/sakaba.mghosteur.com\/en\/wp-json\/wp\/v2\/product\/34310","targetHints":{"allow":["GET"]}}],"collection":[{"href":"https:\/\/sakaba.mghosteur.com\/en\/wp-json\/wp\/v2\/product"}],"about":[{"href":"https:\/\/sakaba.mghosteur.com\/en\/wp-json\/wp\/v2\/types\/product"}],"replies":[{"embeddable":true,"href":"https:\/\/sakaba.mghosteur.com\/en\/wp-json\/wp\/v2\/comments?post=34310"}],"version-history":[{"count":0,"href":"https:\/\/sakaba.mghosteur.com\/en\/wp-json\/wp\/v2\/product\/34310\/revisions"}],"wp:attachment":[{"href":"https:\/\/sakaba.mghosteur.com\/en\/wp-json\/wp\/v2\/media?parent=34310"}],"wp:term":[{"taxonomy":"product_brand","embeddable":true,"href":"https:\/\/sakaba.mghosteur.com\/en\/wp-json\/wp\/v2\/product_brand?post=34310"},{"taxonomy":"product_cat","embeddable":true,"href":"https:\/\/sakaba.mghosteur.com\/en\/wp-json\/wp\/v2\/product_cat?post=34310"},{"taxonomy":"product_tag","embeddable":true,"href":"https:\/\/sakaba.mghosteur.com\/en\/wp-json\/wp\/v2\/product_tag?post=34310"}],"curies":[{"name":"wp","href":"https:\/\/api.w.org\/{rel}","templated":true}]}}