{"id":34322,"date":"2024-05-28T13:39:47","date_gmt":"2024-05-28T13:39:47","guid":{"rendered":"https:\/\/sakaba.mghosteur.com\/?post_type=product&#038;p=34322"},"modified":"2024-06-07T00:11:46","modified_gmt":"2024-06-07T00:11:46","slug":"as-i-am-born-curly-argan-leave-in-conditioner-detangler","status":"publish","type":"product","link":"https:\/\/sakaba.mghosteur.com\/en\/product\/as-i-am-born-curly-argan-leave-in-conditioner-detangler\/","title":{"rendered":"AS I AM BORN CURLY  ARGAN LEAVE IN CONDITIONER &amp; DETANGLER"},"content":{"rendered":"","protected":false},"excerpt":{"rendered":"","protected":false},"featured_media":0,"comment_status":"open","ping_status":"closed","template":"","meta":[],"product_brand":[1084],"product_cat":[284,368],"product_tag":[],"class_list":{"0":"post-34322","1":"product","2":"type-product","3":"status-publish","5":"product_brand-as-i-am","6":"product_cat-aad-cheveux","7":"product_cat-shampoing-et-apres-shampoing","9":"first","10":"instock","11":"shipping-taxable","12":"product-type-simple"},"jetpack-related-posts":[{"id":34319,"url":"https:\/\/sakaba.mghosteur.com\/en\/product\/as-i-am-born-curly-aloe-shampo-wash\/","url_meta":{"origin":34322,"position":0},"title":"AS I AM BORN CURLY  ALOE SHAMPO &amp; WASH","author":"admin","date":"May 28, 2024","format":false,"excerpt":"","rel":"","context":"Similar post","block_context":{"text":"Similar post","link":""},"img":{"alt_text":"","src":"","width":0,"height":0},"classes":[]},{"id":34325,"url":"https:\/\/sakaba.mghosteur.com\/en\/product\/as-i-am-born-curly-curl-defining-jelly-sof-hold\/","url_meta":{"origin":34322,"position":1},"title":"AS I AM BORN CURLY CURL DEFINING JELLY SOF HOLD","author":"admin","date":"May 28, 2024","format":false,"excerpt":"","rel":"","context":"Similar post","block_context":{"text":"Similar post","link":""},"img":{"alt_text":"","src":"","width":0,"height":0},"classes":[]},{"id":28246,"url":"https:\/\/sakaba.mghosteur.com\/en\/product\/curly-chic-mixed-texture-haircare-creamy-leave-in-conditionner\/","url_meta":{"origin":34322,"position":2},"title":"Curly Chic Mixed Texture Haircare Creamy Leave in Conditionner","author":"admin","date":"November 30, 2022","format":false,"excerpt":"","rel":"","context":"Similar post","block_context":{"text":"Similar post","link":""},"img":{"alt_text":"","src":"","width":0,"height":0},"classes":[]},{"id":28293,"url":"https:\/\/sakaba.mghosteur.com\/en\/product\/cantu-care-for-kids-conditionner-detangler\/","url_meta":{"origin":34322,"position":3},"title":"Cantu Care For Kids Conditionner Detangler","author":"admin","date":"November 30, 2022","format":false,"excerpt":"","rel":"","context":"Similar post","block_context":{"text":"Similar post","link":""},"img":{"alt_text":"","src":"","width":0,"height":0},"classes":[]},{"id":32025,"url":"https:\/\/sakaba.mghosteur.com\/en\/product\/mielle-avocado-tamanu-anti-frizz-conditioner-355ml\/","url_meta":{"origin":34322,"position":4},"title":"MIELLE AVOCADO TAMANU ANTI FRIZZ CONDITIONER 355ML","author":"admin","date":"May 13, 2024","format":false,"excerpt":"Le revitalisant anti-frisottis Avocado & Tamanu nourrit et lisse la surface des cheveux pour une maniabilit\u00e9 accrue et un d\u00e9m\u00ealage plus facile. Laisse les cheveux plus doux, plus brillants et pr\u00e9par\u00e9s pour un coiffage sans frisottis. Avantages cl\u00e9s: Nourrit et conditionne Aide \u00e0 lisser la surface des cheveux D\u00e9m\u00eale et\u2026","rel":"","context":"Similar post","block_context":{"text":"Similar post","link":""},"img":{"alt_text":"","src":"","width":0,"height":0},"classes":[]},{"id":26808,"url":"https:\/\/sakaba.mghosteur.com\/en\/product\/cantu-leave-in-conditioner\/","url_meta":{"origin":34322,"position":5},"title":"Cantu leave in conditioner","author":"admin","date":"November 28, 2022","format":false,"excerpt":"","rel":"","context":"Similar post","block_context":{"text":"Similar post","link":""},"img":{"alt_text":"","src":"","width":0,"height":0},"classes":[]}],"_links":{"self":[{"href":"https:\/\/sakaba.mghosteur.com\/en\/wp-json\/wp\/v2\/product\/34322","targetHints":{"allow":["GET"]}}],"collection":[{"href":"https:\/\/sakaba.mghosteur.com\/en\/wp-json\/wp\/v2\/product"}],"about":[{"href":"https:\/\/sakaba.mghosteur.com\/en\/wp-json\/wp\/v2\/types\/product"}],"replies":[{"embeddable":true,"href":"https:\/\/sakaba.mghosteur.com\/en\/wp-json\/wp\/v2\/comments?post=34322"}],"version-history":[{"count":0,"href":"https:\/\/sakaba.mghosteur.com\/en\/wp-json\/wp\/v2\/product\/34322\/revisions"}],"wp:attachment":[{"href":"https:\/\/sakaba.mghosteur.com\/en\/wp-json\/wp\/v2\/media?parent=34322"}],"wp:term":[{"taxonomy":"product_brand","embeddable":true,"href":"https:\/\/sakaba.mghosteur.com\/en\/wp-json\/wp\/v2\/product_brand?post=34322"},{"taxonomy":"product_cat","embeddable":true,"href":"https:\/\/sakaba.mghosteur.com\/en\/wp-json\/wp\/v2\/product_cat?post=34322"},{"taxonomy":"product_tag","embeddable":true,"href":"https:\/\/sakaba.mghosteur.com\/en\/wp-json\/wp\/v2\/product_tag?post=34322"}],"curies":[{"name":"wp","href":"https:\/\/api.w.org\/{rel}","templated":true}]}}