{"id":34325,"date":"2024-05-28T13:40:33","date_gmt":"2024-05-28T13:40:33","guid":{"rendered":"https:\/\/sakaba.mghosteur.com\/?post_type=product&#038;p=34325"},"modified":"2024-06-07T00:12:18","modified_gmt":"2024-06-07T00:12:18","slug":"as-i-am-born-curly-curl-defining-jelly-sof-hold","status":"publish","type":"product","link":"https:\/\/sakaba.mghosteur.com\/en\/product\/as-i-am-born-curly-curl-defining-jelly-sof-hold\/","title":{"rendered":"AS I AM BORN CURLY CURL DEFINING JELLY SOF HOLD"},"content":{"rendered":"","protected":false},"excerpt":{"rendered":"","protected":false},"featured_media":0,"comment_status":"open","ping_status":"closed","template":"","meta":[],"product_brand":[1084],"product_cat":[284,368],"product_tag":[],"class_list":{"0":"post-34325","1":"product","2":"type-product","3":"status-publish","5":"product_brand-as-i-am","6":"product_cat-aad-cheveux","7":"product_cat-shampoing-et-apres-shampoing","9":"first","10":"instock","11":"shipping-taxable","12":"product-type-simple"},"jetpack-related-posts":[{"id":34319,"url":"https:\/\/sakaba.mghosteur.com\/en\/product\/as-i-am-born-curly-aloe-shampo-wash\/","url_meta":{"origin":34325,"position":0},"title":"AS I AM BORN CURLY  ALOE SHAMPO &amp; WASH","author":"admin","date":"May 28, 2024","format":false,"excerpt":"","rel":"","context":"Similar post","block_context":{"text":"Similar post","link":""},"img":{"alt_text":"","src":"","width":0,"height":0},"classes":[]},{"id":34322,"url":"https:\/\/sakaba.mghosteur.com\/en\/product\/as-i-am-born-curly-argan-leave-in-conditioner-detangler\/","url_meta":{"origin":34325,"position":1},"title":"AS I AM BORN CURLY  ARGAN LEAVE IN CONDITIONER &amp; DETANGLER","author":"admin","date":"May 28, 2024","format":false,"excerpt":"","rel":"","context":"Similar post","block_context":{"text":"Similar post","link":""},"img":{"alt_text":"","src":"","width":0,"height":0},"classes":[]},{"id":25786,"url":"https:\/\/sakaba.mghosteur.com\/en\/product\/garnier-fructis-style-curl-shape-defining-sptay-gel\/","url_meta":{"origin":34325,"position":2},"title":"GARNIER FRUCTIS STYLE CURL SHAPE DEFINING SPTAY GEL","author":"admin","date":"November 22, 2022","format":false,"excerpt":"","rel":"","context":"Similar post","block_context":{"text":"Similar post","link":""},"img":{"alt_text":"","src":"","width":0,"height":0},"classes":[]},{"id":25636,"url":"https:\/\/sakaba.mghosteur.com\/en\/product\/ors-curls-unleashed-curl-boosting-jelly\/","url_meta":{"origin":34325,"position":3},"title":"ORS Curls Unleashed Curl Boosting Jelly","author":"admin","date":"November 14, 2022","format":false,"excerpt":"","rel":"","context":"Similar post","block_context":{"text":"Similar post","link":""},"img":{"alt_text":"","src":"","width":0,"height":0},"classes":[]},{"id":32368,"url":"https:\/\/sakaba.mghosteur.com\/en\/product\/sheamoisture-coconut-hibiscus-curl-enhancing-smoothie-57g\/","url_meta":{"origin":34325,"position":4},"title":"SHEAMOISTURE COCONUT HIBISCUS CURL ENHANCING SMOOTHIE 57G","author":"admin","date":"May 14, 2024","format":false,"excerpt":"Apr\u00e8s-shampooing profond SheaMoisture - Beurre d'avocat et miel de Manuka Le revitalisant capillaire en profondeur SheaMoisture Men Avocado Butter and Manuka Honey est un essentiel pour les hommes soucieux de leurs cheveux. Con\u00e7u pour r\u00e9pondre aux besoins des cheveux boucl\u00e9s, il offre une hydratation intense sans compromettre le bien-\u00eatre animal.\u2026","rel":"","context":"Similar post","block_context":{"text":"Similar post","link":""},"img":{"alt_text":"","src":"","width":0,"height":0},"classes":[]},{"id":28249,"url":"https:\/\/sakaba.mghosteur.com\/en\/product\/curly-chic-mixed-texture-haircare-curly-creme-vitalizer\/","url_meta":{"origin":34325,"position":5},"title":"Curly Chic Mixed Texture HairCare Curly Creme Vitalizer","author":"admin","date":"November 30, 2022","format":false,"excerpt":"","rel":"","context":"Similar post","block_context":{"text":"Similar post","link":""},"img":{"alt_text":"","src":"","width":0,"height":0},"classes":[]}],"_links":{"self":[{"href":"https:\/\/sakaba.mghosteur.com\/en\/wp-json\/wp\/v2\/product\/34325","targetHints":{"allow":["GET"]}}],"collection":[{"href":"https:\/\/sakaba.mghosteur.com\/en\/wp-json\/wp\/v2\/product"}],"about":[{"href":"https:\/\/sakaba.mghosteur.com\/en\/wp-json\/wp\/v2\/types\/product"}],"replies":[{"embeddable":true,"href":"https:\/\/sakaba.mghosteur.com\/en\/wp-json\/wp\/v2\/comments?post=34325"}],"version-history":[{"count":0,"href":"https:\/\/sakaba.mghosteur.com\/en\/wp-json\/wp\/v2\/product\/34325\/revisions"}],"wp:attachment":[{"href":"https:\/\/sakaba.mghosteur.com\/en\/wp-json\/wp\/v2\/media?parent=34325"}],"wp:term":[{"taxonomy":"product_brand","embeddable":true,"href":"https:\/\/sakaba.mghosteur.com\/en\/wp-json\/wp\/v2\/product_brand?post=34325"},{"taxonomy":"product_cat","embeddable":true,"href":"https:\/\/sakaba.mghosteur.com\/en\/wp-json\/wp\/v2\/product_cat?post=34325"},{"taxonomy":"product_tag","embeddable":true,"href":"https:\/\/sakaba.mghosteur.com\/en\/wp-json\/wp\/v2\/product_tag?post=34325"}],"curies":[{"name":"wp","href":"https:\/\/api.w.org\/{rel}","templated":true}]}}