{"id":34328,"date":"2024-05-28T13:41:26","date_gmt":"2024-05-28T13:41:26","guid":{"rendered":"https:\/\/sakaba.mghosteur.com\/?post_type=product&#038;p=34328"},"modified":"2024-06-06T14:57:00","modified_gmt":"2024-06-06T14:57:00","slug":"bento-aloe-bha-skin-toner","status":"publish","type":"product","link":"https:\/\/sakaba.mghosteur.com\/en\/product\/bento-aloe-bha-skin-toner\/","title":{"rendered":"BENTO ALOE BHA SKIN TONER"},"content":{"rendered":"","protected":false},"excerpt":{"rendered":"","protected":false},"featured_media":0,"comment_status":"open","ping_status":"closed","template":"","meta":[],"product_brand":[799],"product_cat":[331,451],"product_tag":[],"class_list":{"0":"post-34328","1":"product","2":"type-product","3":"status-publish","5":"product_brand-benton","6":"product_cat-hydratant-visage","7":"product_cat-aab-soin-du-visage","9":"first","10":"instock","11":"shipping-taxable","12":"product-type-simple"},"jetpack-related-posts":[{"id":27630,"url":"https:\/\/sakaba.mghosteur.com\/en\/product\/aloe-bha-skin-toner\/","url_meta":{"origin":34328,"position":0},"title":"ALOE BHA SKIN TONER","author":"admin","date":"November 29, 2022","format":false,"excerpt":"","rel":"","context":"Similar post","block_context":{"text":"Similar post","link":""},"img":{"alt_text":"","src":"","width":0,"height":0},"classes":[]},{"id":34331,"url":"https:\/\/sakaba.mghosteur.com\/en\/product\/bento-aloe-propolis-soothing-gel\/","url_meta":{"origin":34328,"position":1},"title":"BENTO ALOE PROPOLIS SOOTHING GEL","author":"admin","date":"May 28, 2024","format":false,"excerpt":"Tout en suspens, sans fioritures ! Ce gel apaisant \u00e0 l'alo\u00e8s et \u00e0 la propolis de Benton contient de l'alo\u00e8s et de la propolis qui aident \u00e0 apaiser la peau irrit\u00e9e, \u00e0 att\u00e9nuer les cicatrices d'acn\u00e9, \u00e0 \u00e9claircir le teint et m\u00eame \u00e0 maintenir l'hydratation tout au long de la\u2026","rel":"","context":"Similar post","block_context":{"text":"Similar post","link":""},"img":{"alt_text":"","src":"","width":0,"height":0},"classes":[]},{"id":28003,"url":"https:\/\/sakaba.mghosteur.com\/en\/product\/squalane-bha-pore-%c2%a8minimizing-toner\/","url_meta":{"origin":34328,"position":2},"title":"SQUALANE +BHA PORE \u00a8MINIMIZING TONER","author":"admin","date":"November 29, 2022","format":false,"excerpt":"","rel":"","context":"Similar post","block_context":{"text":"Similar post","link":""},"img":{"alt_text":"","src":"","width":0,"height":0},"classes":[]},{"id":29442,"url":"https:\/\/sakaba.mghosteur.com\/en\/product\/cosrx-aha-bha-clarifying-treatment-toner\/","url_meta":{"origin":34328,"position":3},"title":"COSRX AHA\/BHA CLARIFYING TREATMENT TONER","author":"admin","date":"April 4, 2023","format":false,"excerpt":"Le Tonique de traitement clarifiant AHA\/BHA de la marque COSRX est un produit qui aide \u00e0 am\u00e9liorer la texture de la peau et \u00e0 contr\u00f4ler les pores. La formule comprend des ingr\u00e9dients AHA + BHA + Purifying Botanical qui aident \u00e0 \u00e9liminer les impuret\u00e9s, exfolier et hydrater en une seule\u2026","rel":"","context":"Similar post","block_context":{"text":"Similar post","link":""},"img":{"alt_text":"","src":"","width":0,"height":0},"classes":[]},{"id":31575,"url":"https:\/\/sakaba.mghosteur.com\/en\/product\/cosrx-aha-bha-clarifying-treatment-toner-280ml\/","url_meta":{"origin":34328,"position":4},"title":"COSRX AHA BHA CLARIFYING TREATMENT TONER 280ML","author":"admin","date":"May 10, 2024","format":false,"excerpt":"D\u00e9couvrez le Toner Clarifiant AHA\/BHA B\u00e9n\u00e9ficiez des avantages des AHA et BHA pour une peau claire ! Gr\u00e2ce \u00e0 sa formulation unique alliant AHA, BHA et des extraits botaniques purifiants, ce tonique aide \u00e0 am\u00e9liorer la texture de votre peau, \u00e0 lui redonner de la vitalit\u00e9 et \u00e0 contr\u00f4ler l'apparence\u2026","rel":"","context":"Similar post","block_context":{"text":"Similar post","link":""},"img":{"alt_text":"","src":"","width":0,"height":0},"classes":[]},{"id":31377,"url":"https:\/\/sakaba.mghosteur.com\/en\/product\/beauty-of-joseon-green-plum-refreshing-toner-aha-bha\/","url_meta":{"origin":34328,"position":5},"title":"BEAUTY OF JOSEON GREEN PLUM REFRESHING TONER AHA + BHA","author":"admin","date":"May 10, 2024","format":false,"excerpt":"Toner Rafra\u00eechissant \u00e0 la Prune Verte : AHA + BHA Ce qu'il est : Le rythme naturel de la peau implique un cycle de r\u00e9g\u00e9n\u00e9ration cellulaire et d'exfoliation sur 28 jours. Si ce processus est entrav\u00e9 par des cellules mortes obstruant les pores, cela peut conduire \u00e0 une inflammation et\u2026","rel":"","context":"Similar post","block_context":{"text":"Similar post","link":""},"img":{"alt_text":"","src":"","width":0,"height":0},"classes":[]}],"_links":{"self":[{"href":"https:\/\/sakaba.mghosteur.com\/en\/wp-json\/wp\/v2\/product\/34328","targetHints":{"allow":["GET"]}}],"collection":[{"href":"https:\/\/sakaba.mghosteur.com\/en\/wp-json\/wp\/v2\/product"}],"about":[{"href":"https:\/\/sakaba.mghosteur.com\/en\/wp-json\/wp\/v2\/types\/product"}],"replies":[{"embeddable":true,"href":"https:\/\/sakaba.mghosteur.com\/en\/wp-json\/wp\/v2\/comments?post=34328"}],"version-history":[{"count":0,"href":"https:\/\/sakaba.mghosteur.com\/en\/wp-json\/wp\/v2\/product\/34328\/revisions"}],"wp:attachment":[{"href":"https:\/\/sakaba.mghosteur.com\/en\/wp-json\/wp\/v2\/media?parent=34328"}],"wp:term":[{"taxonomy":"product_brand","embeddable":true,"href":"https:\/\/sakaba.mghosteur.com\/en\/wp-json\/wp\/v2\/product_brand?post=34328"},{"taxonomy":"product_cat","embeddable":true,"href":"https:\/\/sakaba.mghosteur.com\/en\/wp-json\/wp\/v2\/product_cat?post=34328"},{"taxonomy":"product_tag","embeddable":true,"href":"https:\/\/sakaba.mghosteur.com\/en\/wp-json\/wp\/v2\/product_tag?post=34328"}],"curies":[{"name":"wp","href":"https:\/\/api.w.org\/{rel}","templated":true}]}}