{"id":34331,"date":"2024-05-28T13:42:18","date_gmt":"2024-05-28T13:42:18","guid":{"rendered":"https:\/\/sakaba.mghosteur.com\/?post_type=product&#038;p=34331"},"modified":"2024-08-30T03:48:32","modified_gmt":"2024-08-30T03:48:32","slug":"bento-aloe-propolis-soothing-gel","status":"publish","type":"product","link":"https:\/\/sakaba.mghosteur.com\/en\/product\/bento-aloe-propolis-soothing-gel\/","title":{"rendered":"BENTO ALOE PROPOLIS SOOTHING GEL"},"content":{"rendered":"<p>Tout en suspens, sans fioritures ! Ce gel apaisant \u00e0 l&#8217;alo\u00e8s et \u00e0 la propolis de Benton contient de l&#8217;alo\u00e8s et de la propolis qui aident \u00e0 apaiser la peau irrit\u00e9e, \u00e0 att\u00e9nuer les cicatrices d&#8217;acn\u00e9, \u00e0 \u00e9claircir le teint et m\u00eame \u00e0 maintenir l&#8217;hydratation tout au long de la journ\u00e9e. Ce gel hydratant est \u00e9galement sans parfum !<\/p>\n<p>Alo\u00e8s : Apaise, hydrate.<\/p>\n<p>Propolis : Antibact\u00e9rien, anti-inflammatoire. Id\u00e9al pour les peaux acn\u00e9iques.<\/p>\n<p>Pour tous les types de peau, en particulier les peaux grasses ou congestionn\u00e9es.<\/p>","protected":false},"excerpt":{"rendered":"<p>Tout en suspens, sans fioritures ! Ce gel apaisant \u00e0 l&#8217;alo\u00e8s et \u00e0 la propolis de Benton contient de l&#8217;alo\u00e8s et de la propolis qui aident \u00e0 apaiser la peau irrit\u00e9e, \u00e0 att\u00e9nuer les cicatrices d&#8217;acn\u00e9, \u00e0 \u00e9claircir le teint et m\u00eame \u00e0 maintenir l&#8217;hydratation tout au long de la journ\u00e9e. Ce gel hydratant est<span class=\"read-more-faq\"><a href=\"https:\/\/sakaba.mghosteur.com\/en\/product\/bento-aloe-propolis-soothing-gel\/\">Read More<\/a><\/span><\/p>","protected":false},"featured_media":0,"comment_status":"open","ping_status":"closed","template":"","meta":[],"product_brand":[799],"product_cat":[294,293,331,451],"product_tag":[],"class_list":{"0":"post-34331","1":"product","2":"type-product","3":"status-publish","5":"product_brand-benton","6":"product_cat-acne","7":"product_cat-anti-taches","8":"product_cat-hydratant-visage","9":"product_cat-aab-soin-du-visage","11":"first","12":"instock","13":"shipping-taxable","14":"product-type-simple"},"jetpack-related-posts":[{"id":31587,"url":"https:\/\/sakaba.mghosteur.com\/en\/product\/cosrx-propolis-honey-overnignt-mask\/","url_meta":{"origin":34331,"position":0},"title":"COSRX PROPOLIS HONEY OVERNIGNT MASK","author":"admin","date":"May 10, 2024","format":false,"excerpt":"D\u00e9couvrez le Masque Hydratant Full Fit Propolis Honey Overnight. Ce produit polyvalent vous offre une exp\u00e9rience 3 en 1 : il peut \u00eatre utilis\u00e9 comme masque de nuit, comme cr\u00e8me hydratante ou comme masque lavable. Gr\u00e2ce \u00e0 sa formule enrichie de plus de 70 % d'extrait de propolis et de\u2026","rel":"","context":"Similar post","block_context":{"text":"Similar post","link":""},"img":{"alt_text":"","src":"","width":0,"height":0},"classes":[]},{"id":30233,"url":"https:\/\/sakaba.mghosteur.com\/en\/product\/glow-serum-propolis-niacinamide\/","url_meta":{"origin":34331,"position":1},"title":"GLOW SERUM PROPOLIS +NIACINAMIDE","author":"admin","date":"May 4, 2023","format":false,"excerpt":"D\u00e9couvrez le S\u00e9rum \u00c9clat de la marque Beauty of Joseon, con\u00e7u pour les probl\u00e8mes de pores dilat\u00e9s et de peau enflamm\u00e9e. Ce s\u00e9rum contient 60 % d'extrait de propolis, ingr\u00e9dient traditionnel de soin de la peau utilis\u00e9 par les femmes de la dynastie Joseon pour hydrater et am\u00e9liorer la peau\u2026","rel":"","context":"Similar post","block_context":{"text":"Similar post","link":""},"img":{"alt_text":"","src":"","width":0,"height":0},"classes":[]},{"id":56150,"url":"https:\/\/sakaba.mghosteur.com\/en\/product\/beauty-of-joseon-glow-serum-propolis-niacinamide\/","url_meta":{"origin":34331,"position":2},"title":"Beauty of Joseon Glow Serum  Propolis +Niacinamide","author":"Sope DIA","date":"January 2, 2026","format":false,"excerpt":"L'\u00e9clat des soins cor\u00e9ens\u00a0: Plongez dans l'univers de la K-beauty avec notre S\u00e9rum \u00c9clat, un m\u00e9lange harmonieux de pratiques de soins traditionnelles de la dynastie Joseon et d'innovations modernes. D\u00e9couvrez l'\u00e9clat qui d\u00e9finit la beaut\u00e9 cor\u00e9enne. \u00c9clat et exfoliation\u00a0: La niacinamide renforce et hydrate la peau. Elle am\u00e9liore le teint\u2026","rel":"","context":"Similar post","block_context":{"text":"Similar post","link":""},"img":{"alt_text":"","src":"","width":0,"height":0},"classes":[]},{"id":30054,"url":"https:\/\/sakaba.mghosteur.com\/en\/product\/jergens-soothing-aloe\/","url_meta":{"origin":34331,"position":3},"title":"JERGENS SOOTHING ALOE","author":"admin","date":"May 2, 2023","format":false,"excerpt":"D\u00e9couvrez la Lotion rafra\u00eechissante pour le corps \u00e0 l'alo\u00e8s apaisant de Jergens, un hydratant pour le corps et les mains qui utilisent l'aloe vera pour soulager et hydrater la peau s\u00e8che. Cette lotion pour le corps Jergens est formul\u00e9e avec l'extrait de concombre et un m\u00e9lange hydratant Hydralucence qui illumine\u2026","rel":"","context":"Similar post","block_context":{"text":"Similar post","link":""},"img":{"alt_text":"","src":"","width":0,"height":0},"classes":[]},{"id":29479,"url":"https:\/\/sakaba.mghosteur.com\/en\/product\/cosrx-propelis-light-cream\/","url_meta":{"origin":34331,"position":4},"title":"COSRX PROPELIS LIGHT CREAM","author":"admin","date":"April 6, 2023","format":false,"excerpt":"D\u00e9couvrez la Cr\u00e8me L\u00e9g\u00e8re Propolis Full Fit, une cr\u00e8me hydratante infus\u00e9e d'un complexe de propolis d'abeille noire et d'antioxydants. Sa texture l\u00e9g\u00e8re et g\u00e9lifi\u00e9e est facilement absorb\u00e9e par la peau pour une hydratation optimale, laissant votre peau douce et nourrie. Utilisez-la avec le toner et l'ampoule Full Fit Propolis pour\u2026","rel":"","context":"Similar post","block_context":{"text":"Similar post","link":""},"img":{"alt_text":"","src":"","width":0,"height":0},"classes":[]},{"id":28366,"url":"https:\/\/sakaba.mghosteur.com\/en\/product\/palmers-cocoa-butter-formula-baby-butter-with-cocao-butter-aloe\/","url_meta":{"origin":34331,"position":5},"title":"Palmers Cocoa Butter Formula Baby Butter with cocao butter &#038; aloe","author":"admin","date":"November 30, 2022","format":false,"excerpt":"D\u00e9couvrez le Palmer's Cocoa Butter Formula Baby Butter, une lotion douce quotidienne con\u00e7ue pour hydrater, adoucir et apaiser la peau d\u00e9licate de b\u00e9b\u00e9. Cette formule unique associe le beurre de cacao pur, la vitamine E, l'alo\u00e8s et des \u00e9mollients riches pour offrir une hydratation sup\u00e9rieure et aider \u00e0 pr\u00e9server la\u2026","rel":"","context":"Similar post","block_context":{"text":"Similar post","link":""},"img":{"alt_text":"","src":"","width":0,"height":0},"classes":[]}],"_links":{"self":[{"href":"https:\/\/sakaba.mghosteur.com\/en\/wp-json\/wp\/v2\/product\/34331","targetHints":{"allow":["GET"]}}],"collection":[{"href":"https:\/\/sakaba.mghosteur.com\/en\/wp-json\/wp\/v2\/product"}],"about":[{"href":"https:\/\/sakaba.mghosteur.com\/en\/wp-json\/wp\/v2\/types\/product"}],"replies":[{"embeddable":true,"href":"https:\/\/sakaba.mghosteur.com\/en\/wp-json\/wp\/v2\/comments?post=34331"}],"version-history":[{"count":0,"href":"https:\/\/sakaba.mghosteur.com\/en\/wp-json\/wp\/v2\/product\/34331\/revisions"}],"wp:attachment":[{"href":"https:\/\/sakaba.mghosteur.com\/en\/wp-json\/wp\/v2\/media?parent=34331"}],"wp:term":[{"taxonomy":"product_brand","embeddable":true,"href":"https:\/\/sakaba.mghosteur.com\/en\/wp-json\/wp\/v2\/product_brand?post=34331"},{"taxonomy":"product_cat","embeddable":true,"href":"https:\/\/sakaba.mghosteur.com\/en\/wp-json\/wp\/v2\/product_cat?post=34331"},{"taxonomy":"product_tag","embeddable":true,"href":"https:\/\/sakaba.mghosteur.com\/en\/wp-json\/wp\/v2\/product_tag?post=34331"}],"curies":[{"name":"wp","href":"https:\/\/api.w.org\/{rel}","templated":true}]}}