{"id":34335,"date":"2024-05-28T13:43:26","date_gmt":"2024-05-28T13:43:26","guid":{"rendered":"https:\/\/sakaba.mghosteur.com\/?post_type=product&#038;p=34335"},"modified":"2024-06-03T16:29:48","modified_gmt":"2024-06-03T16:29:48","slug":"dr-broner-s-hemp-baby-unscented","status":"publish","type":"product","link":"https:\/\/sakaba.mghosteur.com\/en\/product\/dr-broner-s-hemp-baby-unscented\/","title":{"rendered":"DR BRONER S HEMP BABY UNSCENTED"},"content":{"rendered":"","protected":false},"excerpt":{"rendered":"","protected":false},"featured_media":0,"comment_status":"open","ping_status":"closed","template":"","meta":[],"product_brand":[840],"product_cat":[358,447,359],"product_tag":[],"class_list":{"0":"post-34335","1":"product","2":"type-product","3":"status-publish","5":"product_brand-dr-bronners","6":"product_cat-bain-douche","7":"product_cat-aac-bain-et-corps","8":"product_cat-gel-douche","10":"first","11":"instock","12":"shipping-taxable","13":"product-type-simple"},"jetpack-related-posts":[{"id":34350,"url":"https:\/\/sakaba.mghosteur.com\/en\/product\/dr-bronners-soap-bar-pure-castile-all-one-hemp-baby-unscented-2\/","url_meta":{"origin":34335,"position":0},"title":"Dr. Bronners Soap Bar Pure Castile All One Hemp &#8211; Baby Unscented","author":"admin","date":"May 28, 2024","format":false,"excerpt":"","rel":"","context":"Similar post","block_context":{"text":"Similar post","link":""},"img":{"alt_text":"","src":"","width":0,"height":0},"classes":[]},{"id":28257,"url":"https:\/\/sakaba.mghosteur.com\/en\/product\/dr-bronners-soap-bar-pure-castile-all-one-hemp-baby-unscented\/","url_meta":{"origin":34335,"position":1},"title":"PURE-CASTILE BAR SOAP Peppermint","author":"admin","date":"November 30, 2022","format":false,"excerpt":"","rel":"","context":"Similar post","block_context":{"text":"Similar post","link":""},"img":{"alt_text":"","src":"","width":0,"height":0},"classes":[]},{"id":25218,"url":"https:\/\/sakaba.mghosteur.com\/en\/product\/dr-bronners-heal-soul-18-in-1-hemp\/","url_meta":{"origin":34335,"position":2},"title":"Dr. Bronners Heal Soul 18 in 1 Hemp PURE-CASTILE LIQUID SOAP Baby Unscented","author":"admin","date":"November 14, 2022","format":false,"excerpt":"D\u00e9couvrez le savon liquide Pure-Castille de la marque Dr. Bronners, sp\u00e9cialement formul\u00e9 pour les peaux sensibles et les b\u00e9b\u00e9s. Ce savon ne contient aucun parfum ajout\u00e9 et est enrichi avec le double d'huile d'olive pour un nettoyage doux et efficace. Fabriqu\u00e9 avec des ingr\u00e9dients biologiques et \u00e9quitables, ce savon est\u2026","rel":"","context":"Similar post","block_context":{"text":"Similar post","link":""},"img":{"alt_text":"","src":"","width":0,"height":0},"classes":[]},{"id":28820,"url":"https:\/\/sakaba.mghosteur.com\/en\/product\/dr-bronners-heal-soul-18-in-1-hemp-citrus\/","url_meta":{"origin":34335,"position":3},"title":"Dr. Bronners Heal Soul 18 in 1 Hemp PURE-CASTILE LIQUID SOAP Citrus","author":"admin","date":"December 13, 2022","format":false,"excerpt":"D\u00e9couvrez notre savon liquide pur Castile Citrus de Dr. Bronners, un produit concentr\u00e9, biod\u00e9gradable, polyvalent et efficace. Ce savon est enrichi d'un m\u00e9lange rafra\u00eechissant d'huiles d'orange, de citron et de lime biologiques pour un parfum frais et lumineux. Nous utilisons des ingr\u00e9dients biologiques et certifi\u00e9s commerce \u00e9quitable, y compris de\u2026","rel":"","context":"Similar post","block_context":{"text":"Similar post","link":""},"img":{"alt_text":"","src":"","width":0,"height":0},"classes":[]},{"id":34356,"url":"https:\/\/sakaba.mghosteur.com\/en\/product\/dr-bronners-soap-bar-pure-castile-all-one-hemp-eucalyptus\/","url_meta":{"origin":34335,"position":4},"title":"Dr. Bronners Soap Bar Pure Castile All One Hemp &#8211; Eucalyptus","author":"admin","date":"May 28, 2024","format":false,"excerpt":"","rel":"","context":"Similar post","block_context":{"text":"Similar post","link":""},"img":{"alt_text":"","src":"","width":0,"height":0},"classes":[]},{"id":34361,"url":"https:\/\/sakaba.mghosteur.com\/en\/product\/dr-bronners-soap-bar-pure-castile-all-one-hemp-peppermint\/","url_meta":{"origin":34335,"position":5},"title":"Dr. Bronners Soap Bar Pure Castile All One Hemp &#8211; Peppermint","author":"admin","date":"May 28, 2024","format":false,"excerpt":"","rel":"","context":"Similar post","block_context":{"text":"Similar post","link":""},"img":{"alt_text":"","src":"","width":0,"height":0},"classes":[]}],"_links":{"self":[{"href":"https:\/\/sakaba.mghosteur.com\/en\/wp-json\/wp\/v2\/product\/34335","targetHints":{"allow":["GET"]}}],"collection":[{"href":"https:\/\/sakaba.mghosteur.com\/en\/wp-json\/wp\/v2\/product"}],"about":[{"href":"https:\/\/sakaba.mghosteur.com\/en\/wp-json\/wp\/v2\/types\/product"}],"replies":[{"embeddable":true,"href":"https:\/\/sakaba.mghosteur.com\/en\/wp-json\/wp\/v2\/comments?post=34335"}],"version-history":[{"count":0,"href":"https:\/\/sakaba.mghosteur.com\/en\/wp-json\/wp\/v2\/product\/34335\/revisions"}],"wp:attachment":[{"href":"https:\/\/sakaba.mghosteur.com\/en\/wp-json\/wp\/v2\/media?parent=34335"}],"wp:term":[{"taxonomy":"product_brand","embeddable":true,"href":"https:\/\/sakaba.mghosteur.com\/en\/wp-json\/wp\/v2\/product_brand?post=34335"},{"taxonomy":"product_cat","embeddable":true,"href":"https:\/\/sakaba.mghosteur.com\/en\/wp-json\/wp\/v2\/product_cat?post=34335"},{"taxonomy":"product_tag","embeddable":true,"href":"https:\/\/sakaba.mghosteur.com\/en\/wp-json\/wp\/v2\/product_tag?post=34335"}],"curies":[{"name":"wp","href":"https:\/\/api.w.org\/{rel}","templated":true}]}}