{"id":34356,"date":"2024-05-28T13:49:22","date_gmt":"2024-05-28T13:49:22","guid":{"rendered":"https:\/\/sakaba.mghosteur.com\/?post_type=product&#038;p=34356"},"modified":"2024-06-03T15:48:39","modified_gmt":"2024-06-03T15:48:39","slug":"dr-bronners-soap-bar-pure-castile-all-one-hemp-eucalyptus","status":"publish","type":"product","link":"https:\/\/sakaba.mghosteur.com\/en\/product\/dr-bronners-soap-bar-pure-castile-all-one-hemp-eucalyptus\/","title":{"rendered":"Dr. Bronners Soap Bar Pure Castile All One Hemp &#8211; Eucalyptus"},"content":{"rendered":"","protected":false},"excerpt":{"rendered":"","protected":false},"featured_media":0,"comment_status":"open","ping_status":"closed","template":"","meta":[],"product_brand":[840],"product_cat":[360],"product_tag":[],"class_list":{"0":"post-34356","1":"product","2":"type-product","3":"status-publish","5":"product_brand-dr-bronners","6":"product_cat-savon","8":"first","9":"instock","10":"shipping-taxable","11":"product-type-simple"},"jetpack-related-posts":[{"id":34361,"url":"https:\/\/sakaba.mghosteur.com\/en\/product\/dr-bronners-soap-bar-pure-castile-all-one-hemp-peppermint\/","url_meta":{"origin":34356,"position":0},"title":"Dr. Bronners Soap Bar Pure Castile All One Hemp &#8211; Peppermint","author":"admin","date":"May 28, 2024","format":false,"excerpt":"","rel":"","context":"Similar post","block_context":{"text":"Similar post","link":""},"img":{"alt_text":"","src":"","width":0,"height":0},"classes":[]},{"id":34350,"url":"https:\/\/sakaba.mghosteur.com\/en\/product\/dr-bronners-soap-bar-pure-castile-all-one-hemp-baby-unscented-2\/","url_meta":{"origin":34356,"position":1},"title":"Dr. Bronners Soap Bar Pure Castile All One Hemp &#8211; Baby Unscented","author":"admin","date":"May 28, 2024","format":false,"excerpt":"","rel":"","context":"Similar post","block_context":{"text":"Similar post","link":""},"img":{"alt_text":"","src":"","width":0,"height":0},"classes":[]},{"id":34353,"url":"https:\/\/sakaba.mghosteur.com\/en\/product\/dr-bronners-soap-bar-pure-castile-all-one-hemp-citrus\/","url_meta":{"origin":34356,"position":2},"title":"Dr. Bronners Soap Bar Pure Castile All One Hemp &#8211; Citrus","author":"admin","date":"May 28, 2024","format":false,"excerpt":"","rel":"","context":"Similar post","block_context":{"text":"Similar post","link":""},"img":{"alt_text":"","src":"","width":0,"height":0},"classes":[]},{"id":28257,"url":"https:\/\/sakaba.mghosteur.com\/en\/product\/dr-bronners-soap-bar-pure-castile-all-one-hemp-baby-unscented\/","url_meta":{"origin":34356,"position":3},"title":"PURE-CASTILE BAR SOAP Peppermint","author":"admin","date":"November 30, 2022","format":false,"excerpt":"","rel":"","context":"Similar post","block_context":{"text":"Similar post","link":""},"img":{"alt_text":"","src":"","width":0,"height":0},"classes":[]},{"id":30088,"url":"https:\/\/sakaba.mghosteur.com\/en\/product\/pure-castile-liquid-soap-eucalyptus\/","url_meta":{"origin":34356,"position":4},"title":"Dr. Bronners PURE-CASTILE LIQUID SOAP Eucalyptus","author":"admin","date":"May 3, 2023","format":false,"excerpt":"","rel":"","context":"Similar post","block_context":{"text":"Similar post","link":""},"img":{"alt_text":"","src":"","width":0,"height":0},"classes":[]},{"id":30119,"url":"https:\/\/sakaba.mghosteur.com\/en\/product\/dr-bronners-pure-castile-bar-soap-rose\/","url_meta":{"origin":34356,"position":5},"title":"Dr. Bronners PURE-CASTILE BAR SOAP Rose","author":"admin","date":"May 3, 2023","format":false,"excerpt":"Floral et frais, avec un soup\u00e7on de douceur, notre savon en barre Rose Pure-Castile est fabriqu\u00e9 avec des ingr\u00e9dients certifi\u00e9s issus du commerce \u00e9quitable et de l'huile de graines de chanvre biologique cultiv\u00e9e aux \u00c9tats-Unis pour une mousse douce et lisse qui ne dess\u00e8che pas votre peau.\u00a0Biod\u00e9gradable dans un emballage\u2026","rel":"","context":"Similar post","block_context":{"text":"Similar post","link":""},"img":{"alt_text":"","src":"","width":0,"height":0},"classes":[]}],"_links":{"self":[{"href":"https:\/\/sakaba.mghosteur.com\/en\/wp-json\/wp\/v2\/product\/34356","targetHints":{"allow":["GET"]}}],"collection":[{"href":"https:\/\/sakaba.mghosteur.com\/en\/wp-json\/wp\/v2\/product"}],"about":[{"href":"https:\/\/sakaba.mghosteur.com\/en\/wp-json\/wp\/v2\/types\/product"}],"replies":[{"embeddable":true,"href":"https:\/\/sakaba.mghosteur.com\/en\/wp-json\/wp\/v2\/comments?post=34356"}],"version-history":[{"count":0,"href":"https:\/\/sakaba.mghosteur.com\/en\/wp-json\/wp\/v2\/product\/34356\/revisions"}],"wp:attachment":[{"href":"https:\/\/sakaba.mghosteur.com\/en\/wp-json\/wp\/v2\/media?parent=34356"}],"wp:term":[{"taxonomy":"product_brand","embeddable":true,"href":"https:\/\/sakaba.mghosteur.com\/en\/wp-json\/wp\/v2\/product_brand?post=34356"},{"taxonomy":"product_cat","embeddable":true,"href":"https:\/\/sakaba.mghosteur.com\/en\/wp-json\/wp\/v2\/product_cat?post=34356"},{"taxonomy":"product_tag","embeddable":true,"href":"https:\/\/sakaba.mghosteur.com\/en\/wp-json\/wp\/v2\/product_tag?post=34356"}],"curies":[{"name":"wp","href":"https:\/\/api.w.org\/{rel}","templated":true}]}}