{"id":34368,"date":"2024-05-28T13:53:03","date_gmt":"2024-05-28T13:53:03","guid":{"rendered":"https:\/\/sakaba.mghosteur.com\/?post_type=product&#038;p=34368"},"modified":"2024-06-03T15:43:14","modified_gmt":"2024-06-03T15:43:14","slug":"essential-oils-eucalyptus","status":"publish","type":"product","link":"https:\/\/sakaba.mghosteur.com\/en\/product\/essential-oils-eucalyptus\/","title":{"rendered":"Essential Oils  Eucalyptus"},"content":{"rendered":"","protected":false},"excerpt":{"rendered":"","protected":false},"featured_media":0,"comment_status":"open","ping_status":"closed","template":"","meta":[],"product_brand":[1083],"product_cat":[381],"product_tag":[],"class_list":{"0":"post-34368","1":"product","2":"type-product","3":"status-publish","5":"product_brand-artnaturals","6":"product_cat-vitamine-et-complements","8":"first","9":"instock","10":"shipping-taxable","11":"product-type-simple"},"jetpack-related-posts":[{"id":25567,"url":"https:\/\/sakaba.mghosteur.com\/en\/product\/dr-teals-coconut-oil-essential-oils\/","url_meta":{"origin":34368,"position":0},"title":"Dr Teal&#8217;s COCONUT OIL &amp; ESSENTIAL OILS","author":"admin","date":"November 14, 2022","format":false,"excerpt":"Lotion Corporelle Hydratante Les lotions hydratantes pour le corps du Dr Teal procurent une hydratation profonde \u00e0 la peau ainsi que tous les bienfaits de l'aromath\u00e9rapie pour l'esprit.\u00a0Un riche m\u00e9lange de beurre de cacao, de beurre de karit\u00e9 et de vitamine E est infus\u00e9 d'huiles essentielles comme la lavande et\u2026","rel":"","context":"Similar post","block_context":{"text":"Similar post","link":""},"img":{"alt_text":"","src":"","width":0,"height":0},"classes":[]},{"id":34371,"url":"https:\/\/sakaba.mghosteur.com\/en\/product\/essential-oils-lavender\/","url_meta":{"origin":34368,"position":1},"title":"Essential Oils Lavender","author":"admin","date":"May 28, 2024","format":false,"excerpt":"","rel":"","context":"Similar post","block_context":{"text":"Similar post","link":""},"img":{"alt_text":"","src":"","width":0,"height":0},"classes":[]},{"id":34374,"url":"https:\/\/sakaba.mghosteur.com\/en\/product\/essential-oils-peppermint\/","url_meta":{"origin":34368,"position":2},"title":"Essential Oils Peppermint","author":"admin","date":"May 28, 2024","format":false,"excerpt":"","rel":"","context":"Similar post","block_context":{"text":"Similar post","link":""},"img":{"alt_text":"","src":"","width":0,"height":0},"classes":[]},{"id":34378,"url":"https:\/\/sakaba.mghosteur.com\/en\/product\/essential-oils-rosemary\/","url_meta":{"origin":34368,"position":3},"title":"Essential Oils Rosemary","author":"admin","date":"May 28, 2024","format":false,"excerpt":"","rel":"","context":"Similar post","block_context":{"text":"Similar post","link":""},"img":{"alt_text":"","src":"","width":0,"height":0},"classes":[]},{"id":34381,"url":"https:\/\/sakaba.mghosteur.com\/en\/product\/essential-oils-sweet-orange\/","url_meta":{"origin":34368,"position":4},"title":"Essential Oils Sweet Orange","author":"admin","date":"May 28, 2024","format":false,"excerpt":"","rel":"","context":"Similar post","block_context":{"text":"Similar post","link":""},"img":{"alt_text":"","src":"","width":0,"height":0},"classes":[]},{"id":34364,"url":"https:\/\/sakaba.mghosteur.com\/en\/product\/essential-oils-peppermint-33-oz\/","url_meta":{"origin":34368,"position":5},"title":"Essential  Oils Peppermint  33 OZ","author":"admin","date":"May 28, 2024","format":false,"excerpt":"","rel":"","context":"Similar post","block_context":{"text":"Similar post","link":""},"img":{"alt_text":"","src":"","width":0,"height":0},"classes":[]}],"_links":{"self":[{"href":"https:\/\/sakaba.mghosteur.com\/en\/wp-json\/wp\/v2\/product\/34368","targetHints":{"allow":["GET"]}}],"collection":[{"href":"https:\/\/sakaba.mghosteur.com\/en\/wp-json\/wp\/v2\/product"}],"about":[{"href":"https:\/\/sakaba.mghosteur.com\/en\/wp-json\/wp\/v2\/types\/product"}],"replies":[{"embeddable":true,"href":"https:\/\/sakaba.mghosteur.com\/en\/wp-json\/wp\/v2\/comments?post=34368"}],"version-history":[{"count":0,"href":"https:\/\/sakaba.mghosteur.com\/en\/wp-json\/wp\/v2\/product\/34368\/revisions"}],"wp:attachment":[{"href":"https:\/\/sakaba.mghosteur.com\/en\/wp-json\/wp\/v2\/media?parent=34368"}],"wp:term":[{"taxonomy":"product_brand","embeddable":true,"href":"https:\/\/sakaba.mghosteur.com\/en\/wp-json\/wp\/v2\/product_brand?post=34368"},{"taxonomy":"product_cat","embeddable":true,"href":"https:\/\/sakaba.mghosteur.com\/en\/wp-json\/wp\/v2\/product_cat?post=34368"},{"taxonomy":"product_tag","embeddable":true,"href":"https:\/\/sakaba.mghosteur.com\/en\/wp-json\/wp\/v2\/product_tag?post=34368"}],"curies":[{"name":"wp","href":"https:\/\/api.w.org\/{rel}","templated":true}]}}