{"id":34378,"date":"2024-05-28T13:55:51","date_gmt":"2024-05-28T13:55:51","guid":{"rendered":"https:\/\/sakaba.mghosteur.com\/?post_type=product&#038;p=34378"},"modified":"2024-06-03T15:38:10","modified_gmt":"2024-06-03T15:38:10","slug":"essential-oils-rosemary","status":"publish","type":"product","link":"https:\/\/sakaba.mghosteur.com\/en\/product\/essential-oils-rosemary\/","title":{"rendered":"Essential Oils Rosemary"},"content":{"rendered":"","protected":false},"excerpt":{"rendered":"","protected":false},"featured_media":0,"comment_status":"open","ping_status":"closed","template":"","meta":[],"product_brand":[1083],"product_cat":[381],"product_tag":[],"class_list":{"0":"post-34378","1":"product","2":"type-product","3":"status-publish","5":"product_brand-artnaturals","6":"product_cat-vitamine-et-complements","8":"first","9":"instock","10":"shipping-taxable","11":"product-type-simple"},"jetpack-related-posts":[{"id":25953,"url":"https:\/\/sakaba.mghosteur.com\/en\/product\/mielle-rosemary-mint-strengthening-oil\/","url_meta":{"origin":34378,"position":0},"title":"MIELLE ROSEMARY MINT STRENGTHENING OIL","author":"admin","date":"November 23, 2022","format":false,"excerpt":"","rel":"","context":"Similar post","block_context":{"text":"Similar post","link":""},"img":{"alt_text":"","src":"","width":0,"height":0},"classes":[]},{"id":36014,"url":"https:\/\/sakaba.mghosteur.com\/en\/product\/mielle-rosemary-mint-strengtening-scalp-edge-cleansing-oil-118ml\/","url_meta":{"origin":34378,"position":1},"title":"MIELLE ROSEMARY MINT STRENGTENING SCALP &amp; EDGE CLEANSING OIL 118ML","author":"admin","date":"August 11, 2024","format":false,"excerpt":"Description Enrichi en biotine, favorise des cheveux plus longs et plus sains L\u00e9ger Pas besoin d'eau \u00c9limine les r\u00e9sidus du produit Parfaite pour retirer le gel des bords Soins des cheveux et du cuir chevelu Cette formule d'huile nettoyante non grasse et sans rin\u00e7age, optimis\u00e9e par le romarin, la menthe,\u2026","rel":"","context":"Similar post","block_context":{"text":"Similar post","link":""},"img":{"alt_text":"","src":"","width":0,"height":0},"classes":[]},{"id":34368,"url":"https:\/\/sakaba.mghosteur.com\/en\/product\/essential-oils-eucalyptus\/","url_meta":{"origin":34378,"position":2},"title":"Essential Oils  Eucalyptus","author":"admin","date":"May 28, 2024","format":false,"excerpt":"","rel":"","context":"Similar post","block_context":{"text":"Similar post","link":""},"img":{"alt_text":"","src":"","width":0,"height":0},"classes":[]},{"id":34371,"url":"https:\/\/sakaba.mghosteur.com\/en\/product\/essential-oils-lavender\/","url_meta":{"origin":34378,"position":3},"title":"Essential Oils Lavender","author":"admin","date":"May 28, 2024","format":false,"excerpt":"","rel":"","context":"Similar post","block_context":{"text":"Similar post","link":""},"img":{"alt_text":"","src":"","width":0,"height":0},"classes":[]},{"id":34374,"url":"https:\/\/sakaba.mghosteur.com\/en\/product\/essential-oils-peppermint\/","url_meta":{"origin":34378,"position":4},"title":"Essential Oils Peppermint","author":"admin","date":"May 28, 2024","format":false,"excerpt":"","rel":"","context":"Similar post","block_context":{"text":"Similar post","link":""},"img":{"alt_text":"","src":"","width":0,"height":0},"classes":[]},{"id":34381,"url":"https:\/\/sakaba.mghosteur.com\/en\/product\/essential-oils-sweet-orange\/","url_meta":{"origin":34378,"position":5},"title":"Essential Oils Sweet Orange","author":"admin","date":"May 28, 2024","format":false,"excerpt":"","rel":"","context":"Similar post","block_context":{"text":"Similar post","link":""},"img":{"alt_text":"","src":"","width":0,"height":0},"classes":[]}],"_links":{"self":[{"href":"https:\/\/sakaba.mghosteur.com\/en\/wp-json\/wp\/v2\/product\/34378","targetHints":{"allow":["GET"]}}],"collection":[{"href":"https:\/\/sakaba.mghosteur.com\/en\/wp-json\/wp\/v2\/product"}],"about":[{"href":"https:\/\/sakaba.mghosteur.com\/en\/wp-json\/wp\/v2\/types\/product"}],"replies":[{"embeddable":true,"href":"https:\/\/sakaba.mghosteur.com\/en\/wp-json\/wp\/v2\/comments?post=34378"}],"version-history":[{"count":0,"href":"https:\/\/sakaba.mghosteur.com\/en\/wp-json\/wp\/v2\/product\/34378\/revisions"}],"wp:attachment":[{"href":"https:\/\/sakaba.mghosteur.com\/en\/wp-json\/wp\/v2\/media?parent=34378"}],"wp:term":[{"taxonomy":"product_brand","embeddable":true,"href":"https:\/\/sakaba.mghosteur.com\/en\/wp-json\/wp\/v2\/product_brand?post=34378"},{"taxonomy":"product_cat","embeddable":true,"href":"https:\/\/sakaba.mghosteur.com\/en\/wp-json\/wp\/v2\/product_cat?post=34378"},{"taxonomy":"product_tag","embeddable":true,"href":"https:\/\/sakaba.mghosteur.com\/en\/wp-json\/wp\/v2\/product_tag?post=34378"}],"curies":[{"name":"wp","href":"https:\/\/api.w.org\/{rel}","templated":true}]}}