{"id":34387,"date":"2024-05-28T13:58:32","date_gmt":"2024-05-28T13:58:32","guid":{"rendered":"https:\/\/sakaba.mghosteur.com\/?post_type=product&#038;p=34387"},"modified":"2024-06-03T15:35:15","modified_gmt":"2024-06-03T15:35:15","slug":"glycolic-max-soap-advance-white","status":"publish","type":"product","link":"https:\/\/sakaba.mghosteur.com\/en\/product\/glycolic-max-soap-advance-white\/","title":{"rendered":"GLYCOLIC MAX SOAP ADVANCE WHITE"},"content":{"rendered":"","protected":false},"excerpt":{"rendered":"","protected":false},"featured_media":0,"comment_status":"open","ping_status":"closed","template":"","meta":[],"product_brand":[958],"product_cat":[360],"product_tag":[],"class_list":{"0":"post-34387","1":"product","2":"type-product","3":"status-publish","5":"product_brand-relumins","6":"product_cat-savon","8":"first","9":"instock","10":"shipping-taxable","11":"product-type-simple"},"jetpack-related-posts":[{"id":26611,"url":"https:\/\/sakaba.mghosteur.com\/en\/product\/advance-white-glycolic-peeling-gel\/","url_meta":{"origin":34387,"position":0},"title":"ADVANCE WHITE GLYCOLIC PEELING GEL","author":"admin","date":"November 28, 2022","format":false,"excerpt":"","rel":"","context":"Similar post","block_context":{"text":"Similar post","link":""},"img":{"alt_text":"","src":"","width":0,"height":0},"classes":[]},{"id":26648,"url":"https:\/\/sakaba.mghosteur.com\/en\/product\/intensive-repair-soap-advance-white\/","url_meta":{"origin":34387,"position":1},"title":"INTENSIVE REPAIR SOAP ADVANCE WHITE","author":"admin","date":"November 28, 2022","format":false,"excerpt":"","rel":"","context":"Similar post","block_context":{"text":"Similar post","link":""},"img":{"alt_text":"","src":"","width":0,"height":0},"classes":[]},{"id":34414,"url":"https:\/\/sakaba.mghosteur.com\/en\/product\/papaya-kojic-blend-advance-white-soap\/","url_meta":{"origin":34387,"position":2},"title":"PAPAYA KOJIC BLEND ADVANCE WHITE SOAP","author":"admin","date":"May 28, 2024","format":false,"excerpt":"","rel":"","context":"Similar post","block_context":{"text":"Similar post","link":""},"img":{"alt_text":"","src":"","width":0,"height":0},"classes":[]},{"id":26617,"url":"https:\/\/sakaba.mghosteur.com\/en\/product\/advance-white-clarifying-foaming-cleanser\/","url_meta":{"origin":34387,"position":3},"title":"ADVANCE WHITE CLARIFYING FOAMING CLEANSER","author":"admin","date":"November 28, 2022","format":false,"excerpt":"","rel":"","context":"Similar post","block_context":{"text":"Similar post","link":""},"img":{"alt_text":"","src":"","width":0,"height":0},"classes":[]},{"id":34301,"url":"https:\/\/sakaba.mghosteur.com\/en\/product\/advance-white-skin-perfection-serum\/","url_meta":{"origin":34387,"position":4},"title":"ADVANCE WHITE SKIN PERFECTION SERUM","author":"admin","date":"May 28, 2024","format":false,"excerpt":"","rel":"","context":"Similar post","block_context":{"text":"Similar post","link":""},"img":{"alt_text":"","src":"","width":0,"height":0},"classes":[]},{"id":29844,"url":"https:\/\/sakaba.mghosteur.com\/en\/product\/kojie-san-dream-white-soap-2-bars-65g\/","url_meta":{"origin":34387,"position":5},"title":"Kojie San Dream White Soap 2 Bars &#8211; 65g","author":"admin","date":"April 26, 2023","format":false,"excerpt":"D\u00e9couvrez le savon Kojie San Dream White Soap - 65g, un produit de beaut\u00e9 qui \u00e9claircit la peau tout en r\u00e9duisant l'apparence des signes de vieillissement. Ce savon contient du collag\u00e8ne et de l'\u00e9lastine, des substances pr\u00e9sentes dans la peau qui contribuent \u00e0 une apparence plus jeune. Il remplace les\u2026","rel":"","context":"Similar post","block_context":{"text":"Similar post","link":""},"img":{"alt_text":"","src":"","width":0,"height":0},"classes":[]}],"_links":{"self":[{"href":"https:\/\/sakaba.mghosteur.com\/en\/wp-json\/wp\/v2\/product\/34387","targetHints":{"allow":["GET"]}}],"collection":[{"href":"https:\/\/sakaba.mghosteur.com\/en\/wp-json\/wp\/v2\/product"}],"about":[{"href":"https:\/\/sakaba.mghosteur.com\/en\/wp-json\/wp\/v2\/types\/product"}],"replies":[{"embeddable":true,"href":"https:\/\/sakaba.mghosteur.com\/en\/wp-json\/wp\/v2\/comments?post=34387"}],"version-history":[{"count":0,"href":"https:\/\/sakaba.mghosteur.com\/en\/wp-json\/wp\/v2\/product\/34387\/revisions"}],"wp:attachment":[{"href":"https:\/\/sakaba.mghosteur.com\/en\/wp-json\/wp\/v2\/media?parent=34387"}],"wp:term":[{"taxonomy":"product_brand","embeddable":true,"href":"https:\/\/sakaba.mghosteur.com\/en\/wp-json\/wp\/v2\/product_brand?post=34387"},{"taxonomy":"product_cat","embeddable":true,"href":"https:\/\/sakaba.mghosteur.com\/en\/wp-json\/wp\/v2\/product_cat?post=34387"},{"taxonomy":"product_tag","embeddable":true,"href":"https:\/\/sakaba.mghosteur.com\/en\/wp-json\/wp\/v2\/product_tag?post=34387"}],"curies":[{"name":"wp","href":"https:\/\/api.w.org\/{rel}","templated":true}]}}