{"id":34390,"date":"2024-05-28T13:59:33","date_gmt":"2024-05-28T13:59:33","guid":{"rendered":"https:\/\/sakaba.mghosteur.com\/?post_type=product&#038;p=34390"},"modified":"2024-06-03T15:32:57","modified_gmt":"2024-06-03T15:32:57","slug":"intensive-brightening-serum","status":"publish","type":"product","link":"https:\/\/sakaba.mghosteur.com\/en\/product\/intensive-brightening-serum\/","title":{"rendered":"INTENSIVE BRIGHTENING SERUM"},"content":{"rendered":"","protected":false},"excerpt":{"rendered":"","protected":false},"featured_media":0,"comment_status":"open","ping_status":"closed","template":"","meta":[],"product_brand":[958],"product_cat":[335,451],"product_tag":[],"class_list":{"0":"post-34390","1":"product","2":"type-product","3":"status-publish","5":"product_brand-relumins","6":"product_cat-serum-visage","7":"product_cat-aab-soin-du-visage","9":"first","10":"instock","11":"shipping-taxable","12":"product-type-simple"},"jetpack-related-posts":[{"id":26619,"url":"https:\/\/sakaba.mghosteur.com\/en\/product\/relumins-intense-glow-premium-brightening-serum\/","url_meta":{"origin":34390,"position":0},"title":"RELUMINS INTENSE GLOW PREMIUM BRIGHTENING SERUM","author":"admin","date":"November 28, 2022","format":false,"excerpt":"","rel":"","context":"Similar post","block_context":{"text":"Similar post","link":""},"img":{"alt_text":"","src":"","width":0,"height":0},"classes":[]},{"id":26650,"url":"https:\/\/sakaba.mghosteur.com\/en\/product\/relumins-intense-glow-knuckle-brightening-serum\/","url_meta":{"origin":34390,"position":1},"title":"RELUMINS INTENSE GLOW KNUCKLE BRIGHTENING SERUM","author":"admin","date":"November 28, 2022","format":false,"excerpt":"","rel":"","context":"Similar post","block_context":{"text":"Similar post","link":""},"img":{"alt_text":"","src":"","width":0,"height":0},"classes":[]},{"id":31711,"url":"https:\/\/sakaba.mghosteur.com\/en\/product\/byoma-brightening-serum\/","url_meta":{"origin":34390,"position":2},"title":"BYOMA BRIGHTENING SERUM","author":"admin","date":"May 10, 2024","format":false,"excerpt":"S\u00c9RUM \u00c9CLAIRCISSANT \u00c9CLAIRCIR ET HYDRATER 30 ML\/1,01 FL.OZ Ce puissant s\u00e9rum \u00e9claircissant pour le visage aide \u00e0 am\u00e9liorer consid\u00e9rablement le teint et la texture de la peau pour des r\u00e9sultats uniformes et \u00e9clatants. Ce s\u00e9rum l\u00e9ger illumine visiblement tout en aidant \u00e0 att\u00e9nuer les signes d'hyperpigmentation et le teint irr\u00e9gulier\u2026","rel":"","context":"Similar post","block_context":{"text":"Similar post","link":""},"img":{"alt_text":"","src":"","width":0,"height":0},"classes":[]},{"id":28864,"url":"https:\/\/sakaba.mghosteur.com\/en\/product\/hyper-even-for-brightening-dark-spot-and-discolora\/","url_meta":{"origin":34390,"position":3},"title":"HYPER EVEN FOR BRIGHTENING DARK SPOT AND DISCOLORANTION","author":"admin","date":"March 6, 2023","format":false,"excerpt":"Dites adieu aux taches brunes tenaces et bonjour \u00e0 une peau uniforme et \u00e9clatante avec le s\u00e9rum Hyper Brightening \u00e0 la Vitamine C pour les Taches Sombres de HYPER EVEN. Cette formule intensive est con\u00e7ue pour combattre efficacement l'hyperpigmentation et les signes du vieillissement. Notre ingr\u00e9dient phare, la vitamine C\u2026","rel":"","context":"Similar post","block_context":{"text":"Similar post","link":""},"img":{"alt_text":"","src":"","width":0,"height":0},"classes":[]},{"id":27870,"url":"https:\/\/sakaba.mghosteur.com\/en\/product\/truskin-vitamin-c-brightening-serum\/","url_meta":{"origin":34390,"position":4},"title":"TRUSKIN VITAMIN C BRIGHTENING SERUM","author":"admin","date":"November 29, 2022","format":false,"excerpt":"","rel":"","context":"Similar post","block_context":{"text":"Similar post","link":""},"img":{"alt_text":"","src":"","width":0,"height":0},"classes":[]},{"id":27940,"url":"https:\/\/sakaba.mghosteur.com\/en\/product\/tatcha-violet-c-brightening-serum\/","url_meta":{"origin":34390,"position":5},"title":"TATCHA VIOLET C BRIGHTENING SERUM","author":"admin","date":"November 29, 2022","format":false,"excerpt":"","rel":"","context":"Similar post","block_context":{"text":"Similar post","link":""},"img":{"alt_text":"","src":"","width":0,"height":0},"classes":[]}],"_links":{"self":[{"href":"https:\/\/sakaba.mghosteur.com\/en\/wp-json\/wp\/v2\/product\/34390","targetHints":{"allow":["GET"]}}],"collection":[{"href":"https:\/\/sakaba.mghosteur.com\/en\/wp-json\/wp\/v2\/product"}],"about":[{"href":"https:\/\/sakaba.mghosteur.com\/en\/wp-json\/wp\/v2\/types\/product"}],"replies":[{"embeddable":true,"href":"https:\/\/sakaba.mghosteur.com\/en\/wp-json\/wp\/v2\/comments?post=34390"}],"version-history":[{"count":0,"href":"https:\/\/sakaba.mghosteur.com\/en\/wp-json\/wp\/v2\/product\/34390\/revisions"}],"wp:attachment":[{"href":"https:\/\/sakaba.mghosteur.com\/en\/wp-json\/wp\/v2\/media?parent=34390"}],"wp:term":[{"taxonomy":"product_brand","embeddable":true,"href":"https:\/\/sakaba.mghosteur.com\/en\/wp-json\/wp\/v2\/product_brand?post=34390"},{"taxonomy":"product_cat","embeddable":true,"href":"https:\/\/sakaba.mghosteur.com\/en\/wp-json\/wp\/v2\/product_cat?post=34390"},{"taxonomy":"product_tag","embeddable":true,"href":"https:\/\/sakaba.mghosteur.com\/en\/wp-json\/wp\/v2\/product_tag?post=34390"}],"curies":[{"name":"wp","href":"https:\/\/api.w.org\/{rel}","templated":true}]}}