{"id":34399,"date":"2024-05-28T14:02:14","date_gmt":"2024-05-28T14:02:14","guid":{"rendered":"https:\/\/sakaba.mghosteur.com\/?post_type=product&#038;p=34399"},"modified":"2024-06-03T15:29:56","modified_gmt":"2024-06-03T15:29:56","slug":"menarini-clindamycin-zinc-acetate-cream","status":"publish","type":"product","link":"https:\/\/sakaba.mghosteur.com\/en\/product\/menarini-clindamycin-zinc-acetate-cream\/","title":{"rendered":"MENARINI CLINDAMYCIN &#038; ZINC ACETATE CREAM"},"content":{"rendered":"","protected":false},"excerpt":{"rendered":"","protected":false},"featured_media":0,"comment_status":"open","ping_status":"closed","template":"","meta":[],"product_brand":[1081],"product_cat":[451],"product_tag":[],"class_list":{"0":"post-34399","1":"product","2":"type-product","3":"status-publish","5":"product_brand-menarini","6":"product_cat-aab-soin-du-visage","8":"first","9":"instock","10":"shipping-taxable","11":"product-type-simple"},"jetpack-related-posts":[{"id":34441,"url":"https:\/\/sakaba.mghosteur.com\/en\/product\/tretinoin-and-clindamycin-gel-retino-ac-gel\/","url_meta":{"origin":34399,"position":0},"title":"TRETINOIN AND CLINDAMYCIN GEL RETINO AC GEL","author":"admin","date":"May 28, 2024","format":false,"excerpt":"Le gel Retino AC est une combinaison de deux m\u00e9dicaments, utilis\u00e9s pour traiter l'acn\u00e9, qui appara\u00eet sous forme de taches ou de boutons sur le visage, la poitrine ou le dos. Ce m\u00e9dicament agit en attaquant les germes qui les provoquent et rajeunit la peau endommag\u00e9e par le soleil.","rel":"","context":"Similar post","block_context":{"text":"Similar post","link":""},"img":{"alt_text":"","src":"","width":0,"height":0},"classes":[]},{"id":34295,"url":"https:\/\/sakaba.mghosteur.com\/en\/product\/a-ret-hc-hydroquinone-tretinoin-hydrocortisone-15g\/","url_meta":{"origin":34399,"position":1},"title":"A RET HC HYDROQUINONE TRETINOIN &amp; HYDROCORTISONE  15G","author":"admin","date":"May 28, 2024","format":false,"excerpt":"","rel":"","context":"Similar post","block_context":{"text":"Similar post","link":""},"img":{"alt_text":"","src":"","width":0,"height":0},"classes":[]},{"id":29798,"url":"https:\/\/sakaba.mghosteur.com\/en\/product\/solgar-chelated-zinc-100-tablets\/","url_meta":{"origin":34399,"position":2},"title":"SOLGAR CHELATED ZINC 100 TABLETS","author":"admin","date":"April 25, 2023","format":false,"excerpt":"D\u00e9couvrez les comprim\u00e9s de zinc ch\u00e9lat\u00e9 de la marque Solgar pour soutenir votre bien-\u00eatre g\u00e9n\u00e9ral. Le zinc, un min\u00e9ral et antioxydant essentiel \u00e0 de nombreuses fonctions cl\u00e9s de votre corps, aide \u00e0 maintenir une peau et des yeux sains, ainsi que des fonctions normales du syst\u00e8me immunitaire, squelettique, endocrinien et\u2026","rel":"","context":"Similar post","block_context":{"text":"Similar post","link":""},"img":{"alt_text":"","src":"","width":0,"height":0},"classes":[]},{"id":25185,"url":"https:\/\/sakaba.mghosteur.com\/en\/product\/nature-made-calcium-magnesium-zinc\/","url_meta":{"origin":34399,"position":3},"title":"NATURE MADE CALCIUM MAGNESIUM ZINC","author":"admin","date":"November 14, 2022","format":false,"excerpt":"","rel":"","context":"Similar post","block_context":{"text":"Similar post","link":""},"img":{"alt_text":"","src":"","width":0,"height":0},"classes":[]},{"id":25104,"url":"https:\/\/sakaba.mghosteur.com\/en\/product\/immune-support-manuka-honey-vitamin-c-zinc\/","url_meta":{"origin":34399,"position":4},"title":"IMMUNE SUPPORT MANUKA HONEY +VITAMIN C ZINC","author":"admin","date":"November 11, 2022","format":false,"excerpt":"","rel":"","context":"Similar post","block_context":{"text":"Similar post","link":""},"img":{"alt_text":"","src":"","width":0,"height":0},"classes":[]},{"id":28051,"url":"https:\/\/sakaba.mghosteur.com\/en\/product\/niacinamide-serum-12-plus-zinc-2\/","url_meta":{"origin":34399,"position":5},"title":"NIACINAMIDE SERUM 12% PLUS ZINC 2%","author":"admin","date":"November 29, 2022","format":false,"excerpt":"","rel":"","context":"Similar post","block_context":{"text":"Similar post","link":""},"img":{"alt_text":"","src":"","width":0,"height":0},"classes":[]}],"_links":{"self":[{"href":"https:\/\/sakaba.mghosteur.com\/en\/wp-json\/wp\/v2\/product\/34399","targetHints":{"allow":["GET"]}}],"collection":[{"href":"https:\/\/sakaba.mghosteur.com\/en\/wp-json\/wp\/v2\/product"}],"about":[{"href":"https:\/\/sakaba.mghosteur.com\/en\/wp-json\/wp\/v2\/types\/product"}],"replies":[{"embeddable":true,"href":"https:\/\/sakaba.mghosteur.com\/en\/wp-json\/wp\/v2\/comments?post=34399"}],"version-history":[{"count":0,"href":"https:\/\/sakaba.mghosteur.com\/en\/wp-json\/wp\/v2\/product\/34399\/revisions"}],"wp:attachment":[{"href":"https:\/\/sakaba.mghosteur.com\/en\/wp-json\/wp\/v2\/media?parent=34399"}],"wp:term":[{"taxonomy":"product_brand","embeddable":true,"href":"https:\/\/sakaba.mghosteur.com\/en\/wp-json\/wp\/v2\/product_brand?post=34399"},{"taxonomy":"product_cat","embeddable":true,"href":"https:\/\/sakaba.mghosteur.com\/en\/wp-json\/wp\/v2\/product_cat?post=34399"},{"taxonomy":"product_tag","embeddable":true,"href":"https:\/\/sakaba.mghosteur.com\/en\/wp-json\/wp\/v2\/product_tag?post=34399"}],"curies":[{"name":"wp","href":"https:\/\/api.w.org\/{rel}","templated":true}]}}