{"id":34408,"date":"2024-05-28T14:48:54","date_gmt":"2024-05-28T14:48:54","guid":{"rendered":"https:\/\/sakaba.mghosteur.com\/?post_type=product&#038;p=34408"},"modified":"2024-09-01T04:31:25","modified_gmt":"2024-09-01T04:31:25","slug":"oral-glutathione-placenta-maximum-strength","status":"publish","type":"product","link":"https:\/\/sakaba.mghosteur.com\/en\/product\/oral-glutathione-placenta-maximum-strength\/","title":{"rendered":"ORAL GLUTATHIONE &amp; PLACENTA MAXIMUM STRENGTH"},"content":{"rendered":"","protected":false},"excerpt":{"rendered":"","protected":false},"featured_media":0,"comment_status":"open","ping_status":"closed","template":"","meta":[],"product_brand":[958],"product_cat":[391,381],"product_tag":[],"class_list":{"0":"post-34408","1":"product","2":"type-product","3":"status-publish","5":"product_brand-relumins","6":"product_cat-aae-bien-etre","7":"product_cat-vitamine-et-complements","9":"first","10":"instock","11":"shipping-taxable","12":"product-type-simple"},"jetpack-related-posts":[{"id":26322,"url":"https:\/\/sakaba.mghosteur.com\/en\/product\/triple-white-soap-with-kojic-placenta-glutathione\/","url_meta":{"origin":34408,"position":0},"title":"TRIPLE WHITE SOAP WITH KOJIC PLACENTA GLUTATHIONE","author":"admin","date":"November 24, 2022","format":false,"excerpt":"Ce savon triplement \u00e9claircissant convient aux peaux moins sensibles. Il est plus fort que le savon au glutathion ordinaire mais donne un r\u00e9sultat similaire. Si vous constatez une desquamation, celle-ci ne devrait pas durer plus d'une semaine. Ce savon est cr\u00e9\u00e9 par une m\u00e9thode de traitement \u00e0 froid pour garantir\u2026","rel":"","context":"Similar post","block_context":{"text":"Similar post","link":""},"img":{"alt_text":"","src":"","width":0,"height":0},"classes":[]},{"id":34411,"url":"https:\/\/sakaba.mghosteur.com\/en\/product\/oral-vials-15000-advanced-glutathione-tangerine\/","url_meta":{"origin":34408,"position":1},"title":"ORAL VIALS 15000 ADVANCED GLUTATHIONE TANGERINE","author":"admin","date":"May 28, 2024","format":false,"excerpt":"","rel":"","context":"Similar post","block_context":{"text":"Similar post","link":""},"img":{"alt_text":"","src":"","width":0,"height":0},"classes":[]},{"id":26293,"url":"https:\/\/sakaba.mghosteur.com\/en\/product\/extra-strength-glutathione-with-rosehip-kojic-acid\/","url_meta":{"origin":34408,"position":2},"title":"EXTRA STRENGTH GLUTATHIONE WITH ROSEHIP KOJIC ACID","author":"admin","date":"November 24, 2022","format":false,"excerpt":"","rel":"","context":"Similar post","block_context":{"text":"Similar post","link":""},"img":{"alt_text":"","src":"","width":0,"height":0},"classes":[]},{"id":28349,"url":"https:\/\/sakaba.mghosteur.com\/en\/product\/oral-b-sparkle-fun\/","url_meta":{"origin":34408,"position":3},"title":"ORAL B SPARKLE FUN","author":"admin","date":"November 30, 2022","format":false,"excerpt":"","rel":"","context":"Similar post","block_context":{"text":"Similar post","link":""},"img":{"alt_text":"","src":"","width":0,"height":0},"classes":[]},{"id":26289,"url":"https:\/\/sakaba.mghosteur.com\/en\/product\/glutathione-original-soap\/","url_meta":{"origin":34408,"position":4},"title":"GLUTATHIONE ORIGINAL SOAP","author":"admin","date":"November 24, 2022","format":false,"excerpt":"","rel":"","context":"Similar post","block_context":{"text":"Similar post","link":""},"img":{"alt_text":"","src":"","width":0,"height":0},"classes":[]},{"id":26324,"url":"https:\/\/sakaba.mghosteur.com\/en\/product\/glutathione-original-soap-2\/","url_meta":{"origin":34408,"position":5},"title":"GLUTATHIONE ORIGINAL SOAP","author":"admin","date":"November 24, 2022","format":false,"excerpt":"","rel":"","context":"Similar post","block_context":{"text":"Similar post","link":""},"img":{"alt_text":"","src":"","width":0,"height":0},"classes":[]}],"_links":{"self":[{"href":"https:\/\/sakaba.mghosteur.com\/en\/wp-json\/wp\/v2\/product\/34408","targetHints":{"allow":["GET"]}}],"collection":[{"href":"https:\/\/sakaba.mghosteur.com\/en\/wp-json\/wp\/v2\/product"}],"about":[{"href":"https:\/\/sakaba.mghosteur.com\/en\/wp-json\/wp\/v2\/types\/product"}],"replies":[{"embeddable":true,"href":"https:\/\/sakaba.mghosteur.com\/en\/wp-json\/wp\/v2\/comments?post=34408"}],"version-history":[{"count":0,"href":"https:\/\/sakaba.mghosteur.com\/en\/wp-json\/wp\/v2\/product\/34408\/revisions"}],"wp:attachment":[{"href":"https:\/\/sakaba.mghosteur.com\/en\/wp-json\/wp\/v2\/media?parent=34408"}],"wp:term":[{"taxonomy":"product_brand","embeddable":true,"href":"https:\/\/sakaba.mghosteur.com\/en\/wp-json\/wp\/v2\/product_brand?post=34408"},{"taxonomy":"product_cat","embeddable":true,"href":"https:\/\/sakaba.mghosteur.com\/en\/wp-json\/wp\/v2\/product_cat?post=34408"},{"taxonomy":"product_tag","embeddable":true,"href":"https:\/\/sakaba.mghosteur.com\/en\/wp-json\/wp\/v2\/product_tag?post=34408"}],"curies":[{"name":"wp","href":"https:\/\/api.w.org\/{rel}","templated":true}]}}