{"id":34411,"date":"2024-05-28T14:49:50","date_gmt":"2024-05-28T14:49:50","guid":{"rendered":"https:\/\/sakaba.mghosteur.com\/?post_type=product&#038;p=34411"},"modified":"2024-09-01T04:21:35","modified_gmt":"2024-09-01T04:21:35","slug":"oral-vials-15000-advanced-glutathione-tangerine","status":"publish","type":"product","link":"https:\/\/sakaba.mghosteur.com\/en\/product\/oral-vials-15000-advanced-glutathione-tangerine\/","title":{"rendered":"ORAL VIALS 15000 ADVANCED GLUTATHIONE TANGERINE"},"content":{"rendered":"","protected":false},"excerpt":{"rendered":"","protected":false},"featured_media":0,"comment_status":"open","ping_status":"closed","template":"","meta":[],"product_brand":[958],"product_cat":[381],"product_tag":[],"class_list":{"0":"post-34411","1":"product","2":"type-product","3":"status-publish","5":"product_brand-relumins","6":"product_cat-vitamine-et-complements","8":"first","9":"instock","10":"shipping-taxable","11":"product-type-simple"},"jetpack-related-posts":[{"id":34408,"url":"https:\/\/sakaba.mghosteur.com\/en\/product\/oral-glutathione-placenta-maximum-strength\/","url_meta":{"origin":34411,"position":0},"title":"ORAL GLUTATHIONE &amp; PLACENTA MAXIMUM STRENGTH","author":"admin","date":"May 28, 2024","format":false,"excerpt":"","rel":"","context":"Similar post","block_context":{"text":"Similar post","link":""},"img":{"alt_text":"","src":"","width":0,"height":0},"classes":[]},{"id":34432,"url":"https:\/\/sakaba.mghosteur.com\/en\/product\/relumins-advanced-skin-nutrients-1650mg-glutathion\/","url_meta":{"origin":34411,"position":1},"title":"RELUMINS ADVANCED SKIN NUTRIENTS 1650MG GLUTATHION","author":"admin","date":"May 28, 2024","format":false,"excerpt":"","rel":"","context":"Similar post","block_context":{"text":"Similar post","link":""},"img":{"alt_text":"","src":"","width":0,"height":0},"classes":[]},{"id":27879,"url":"https:\/\/sakaba.mghosteur.com\/en\/product\/goodal-green-tangerine-vita-c-dark-circl-eye-cream\/","url_meta":{"origin":34411,"position":2},"title":"GOODAL GREEN TANGERINE VITA C DARK CIRCL EYE CREAM","author":"admin","date":"November 29, 2022","format":false,"excerpt":"","rel":"","context":"Similar post","block_context":{"text":"Similar post","link":""},"img":{"alt_text":"","src":"","width":0,"height":0},"classes":[]},{"id":27908,"url":"https:\/\/sakaba.mghosteur.com\/en\/product\/green-tangerine-vita-c-dark-spot-serum\/","url_meta":{"origin":34411,"position":3},"title":"GREEN TANGERINE VITA C DARK SPOT SERUM+","author":"admin","date":"November 29, 2022","format":false,"excerpt":"Le s\u00e9rum anti-taches brunes \u00e0 la vitamine C contient un puissant m\u00e9lange de 70 % d'extrait de mandarine verte fra\u00eeche, de 4 % de niacinamide et d'arbutine. Les mandarines vertes sont riches en antioxydants et contiennent 10 fois plus de vitamine C que les citrons. Gr\u00e2ce \u00e0 ce fruit, notre\u2026","rel":"","context":"Similar post","block_context":{"text":"Similar post","link":""},"img":{"alt_text":"","src":"","width":0,"height":0},"classes":[]},{"id":56221,"url":"https:\/\/sakaba.mghosteur.com\/en\/product\/tree-hut-tangerine-shea-sugar-scrub\/","url_meta":{"origin":34411,"position":4},"title":"Tree Hut Tangerine Shea Sugar Scrub","author":"Sope DIA","date":"January 3, 2026","format":false,"excerpt":"PARFUMS EXCEPTIONNELS : Un plaisir hesp\u00e9rid\u00e9 aux notes de mandarine juteuse, de pamplemousse et d'orange, avec une touche de bois de santal. R\u00c9V\u00c9LEZ UNE PEAU \u00c9CLATANTE\u00a0: Appliquez une quantit\u00e9 g\u00e9n\u00e9reuse de gommage corporel Tree Hut sur peau humide ou s\u00e8che. Massez en mouvements circulaires pour une application uniforme et une\u2026","rel":"","context":"Similar post","block_context":{"text":"Similar post","link":""},"img":{"alt_text":"","src":"","width":0,"height":0},"classes":[]},{"id":28349,"url":"https:\/\/sakaba.mghosteur.com\/en\/product\/oral-b-sparkle-fun\/","url_meta":{"origin":34411,"position":5},"title":"ORAL B SPARKLE FUN","author":"admin","date":"November 30, 2022","format":false,"excerpt":"","rel":"","context":"Similar post","block_context":{"text":"Similar post","link":""},"img":{"alt_text":"","src":"","width":0,"height":0},"classes":[]}],"_links":{"self":[{"href":"https:\/\/sakaba.mghosteur.com\/en\/wp-json\/wp\/v2\/product\/34411","targetHints":{"allow":["GET"]}}],"collection":[{"href":"https:\/\/sakaba.mghosteur.com\/en\/wp-json\/wp\/v2\/product"}],"about":[{"href":"https:\/\/sakaba.mghosteur.com\/en\/wp-json\/wp\/v2\/types\/product"}],"replies":[{"embeddable":true,"href":"https:\/\/sakaba.mghosteur.com\/en\/wp-json\/wp\/v2\/comments?post=34411"}],"version-history":[{"count":0,"href":"https:\/\/sakaba.mghosteur.com\/en\/wp-json\/wp\/v2\/product\/34411\/revisions"}],"wp:attachment":[{"href":"https:\/\/sakaba.mghosteur.com\/en\/wp-json\/wp\/v2\/media?parent=34411"}],"wp:term":[{"taxonomy":"product_brand","embeddable":true,"href":"https:\/\/sakaba.mghosteur.com\/en\/wp-json\/wp\/v2\/product_brand?post=34411"},{"taxonomy":"product_cat","embeddable":true,"href":"https:\/\/sakaba.mghosteur.com\/en\/wp-json\/wp\/v2\/product_cat?post=34411"},{"taxonomy":"product_tag","embeddable":true,"href":"https:\/\/sakaba.mghosteur.com\/en\/wp-json\/wp\/v2\/product_tag?post=34411"}],"curies":[{"name":"wp","href":"https:\/\/api.w.org\/{rel}","templated":true}]}}