{"id":34414,"date":"2024-05-28T14:50:37","date_gmt":"2024-05-28T14:50:37","guid":{"rendered":"https:\/\/sakaba.mghosteur.com\/?post_type=product&#038;p=34414"},"modified":"2024-08-28T03:09:44","modified_gmt":"2024-08-28T03:09:44","slug":"papaya-kojic-blend-advance-white-soap","status":"publish","type":"product","link":"https:\/\/sakaba.mghosteur.com\/en\/product\/papaya-kojic-blend-advance-white-soap\/","title":{"rendered":"PAPAYA KOJIC BLEND ADVANCE WHITE SOAP"},"content":{"rendered":"","protected":false},"excerpt":{"rendered":"","protected":false},"featured_media":0,"comment_status":"open","ping_status":"closed","template":"","meta":[],"product_brand":[958],"product_cat":[358,447,324,291,451],"product_tag":[],"class_list":{"0":"post-34414","1":"product","2":"type-product","3":"status-publish","5":"product_brand-relumins","6":"product_cat-bain-douche","7":"product_cat-aac-bain-et-corps","8":"product_cat-demaquillant-nettoyant","9":"product_cat-eclaircissant","10":"product_cat-aab-soin-du-visage","12":"first","13":"instock","14":"shipping-taxable","15":"product-type-simple"},"jetpack-related-posts":[{"id":26295,"url":"https:\/\/sakaba.mghosteur.com\/en\/product\/papaya-kojic-soap\/","url_meta":{"origin":34414,"position":0},"title":"PAPAYA KOJIC SOAP","author":"admin","date":"November 24, 2022","format":false,"excerpt":"Le savon \u00e9claircissant Koji White \u00e0 l'acide kojique et \u00e0 la papaye est un pain nettoyant qui contient de l'acide kojique et de la papaye. L'enzyme de la papaye \u00e9limine les peaux mortes, tandis que l'acide kojique illumine le teint. Il contient \u00e9galement de l'acide hyaluronique pour garder la peau\u2026","rel":"","context":"Similar post","block_context":{"text":"Similar post","link":""},"img":{"alt_text":"","src":"","width":0,"height":0},"classes":[]},{"id":26648,"url":"https:\/\/sakaba.mghosteur.com\/en\/product\/intensive-repair-soap-advance-white\/","url_meta":{"origin":34414,"position":1},"title":"INTENSIVE REPAIR SOAP ADVANCE WHITE","author":"admin","date":"November 28, 2022","format":false,"excerpt":"","rel":"","context":"Similar post","block_context":{"text":"Similar post","link":""},"img":{"alt_text":"","src":"","width":0,"height":0},"classes":[]},{"id":34387,"url":"https:\/\/sakaba.mghosteur.com\/en\/product\/glycolic-max-soap-advance-white\/","url_meta":{"origin":34414,"position":2},"title":"GLYCOLIC MAX SOAP ADVANCE WHITE","author":"admin","date":"May 28, 2024","format":false,"excerpt":"","rel":"","context":"Similar post","block_context":{"text":"Similar post","link":""},"img":{"alt_text":"","src":"","width":0,"height":0},"classes":[]},{"id":26322,"url":"https:\/\/sakaba.mghosteur.com\/en\/product\/triple-white-soap-with-kojic-placenta-glutathione\/","url_meta":{"origin":34414,"position":3},"title":"TRIPLE WHITE SOAP WITH KOJIC PLACENTA GLUTATHIONE","author":"admin","date":"November 24, 2022","format":false,"excerpt":"Ce savon triplement \u00e9claircissant convient aux peaux moins sensibles. Il est plus fort que le savon au glutathion ordinaire mais donne un r\u00e9sultat similaire. Si vous constatez une desquamation, celle-ci ne devrait pas durer plus d'une semaine. Ce savon est cr\u00e9\u00e9 par une m\u00e9thode de traitement \u00e0 froid pour garantir\u2026","rel":"","context":"Similar post","block_context":{"text":"Similar post","link":""},"img":{"alt_text":"","src":"","width":0,"height":0},"classes":[]},{"id":26328,"url":"https:\/\/sakaba.mghosteur.com\/en\/product\/gluta-blend-whith-rosehip-and-kojic-acid\/","url_meta":{"origin":34414,"position":4},"title":"GLUTA BLEND WHITH ROSEHIP AND KOJIC ACID","author":"admin","date":"November 24, 2022","format":false,"excerpt":"","rel":"","context":"Similar post","block_context":{"text":"Similar post","link":""},"img":{"alt_text":"","src":"","width":0,"height":0},"classes":[]},{"id":26794,"url":"https:\/\/sakaba.mghosteur.com\/en\/product\/kojic-san-skin-lightening-soap-3-pieces\/","url_meta":{"origin":34414,"position":5},"title":"Kojie San Skin Lightening Kojic Acid Soap 3 Bars","author":"admin","date":"November 28, 2022","format":false,"excerpt":"D\u00e9couvrez le Kojie San Skin Lightening Kojic Acid Soap 3 Bars, un savon \u00e9claircissant de qualit\u00e9 de 65g qui allie des ingr\u00e9dients \u00e9claircissants efficaces avec de l'huile de noix de coco nourrissante et un parfum d'orange frais. La formulation du Kojic acid a \u00e9t\u00e9 d\u00e9couverte lors du traitement du riz\u2026","rel":"","context":"Similar post","block_context":{"text":"Similar post","link":""},"img":{"alt_text":"","src":"","width":0,"height":0},"classes":[]}],"_links":{"self":[{"href":"https:\/\/sakaba.mghosteur.com\/en\/wp-json\/wp\/v2\/product\/34414","targetHints":{"allow":["GET"]}}],"collection":[{"href":"https:\/\/sakaba.mghosteur.com\/en\/wp-json\/wp\/v2\/product"}],"about":[{"href":"https:\/\/sakaba.mghosteur.com\/en\/wp-json\/wp\/v2\/types\/product"}],"replies":[{"embeddable":true,"href":"https:\/\/sakaba.mghosteur.com\/en\/wp-json\/wp\/v2\/comments?post=34414"}],"version-history":[{"count":0,"href":"https:\/\/sakaba.mghosteur.com\/en\/wp-json\/wp\/v2\/product\/34414\/revisions"}],"wp:attachment":[{"href":"https:\/\/sakaba.mghosteur.com\/en\/wp-json\/wp\/v2\/media?parent=34414"}],"wp:term":[{"taxonomy":"product_brand","embeddable":true,"href":"https:\/\/sakaba.mghosteur.com\/en\/wp-json\/wp\/v2\/product_brand?post=34414"},{"taxonomy":"product_cat","embeddable":true,"href":"https:\/\/sakaba.mghosteur.com\/en\/wp-json\/wp\/v2\/product_cat?post=34414"},{"taxonomy":"product_tag","embeddable":true,"href":"https:\/\/sakaba.mghosteur.com\/en\/wp-json\/wp\/v2\/product_tag?post=34414"}],"curies":[{"name":"wp","href":"https:\/\/api.w.org\/{rel}","templated":true}]}}