{"id":34417,"date":"2024-05-28T14:53:04","date_gmt":"2024-05-28T14:53:04","guid":{"rendered":"https:\/\/sakaba.mghosteur.com\/?post_type=product&#038;p=34417"},"modified":"2024-06-03T13:22:12","modified_gmt":"2024-06-03T13:22:12","slug":"paquet-de-6-lime-a-ongle","status":"publish","type":"product","link":"https:\/\/sakaba.mghosteur.com\/en\/product\/paquet-de-6-lime-a-ongle\/","title":{"rendered":"PAQUET DE 6 LIME A ONGLE"},"content":{"rendered":"","protected":false},"excerpt":{"rendered":"","protected":false},"featured_media":0,"comment_status":"open","ping_status":"closed","template":"","meta":[],"product_brand":[1086],"product_cat":[322,363],"product_tag":[],"class_list":{"0":"post-34417","1":"product","2":"type-product","3":"status-publish","5":"product_brand-odara","6":"product_cat-outils-pinceaux","7":"product_cat-soin-des-mains","9":"first","10":"instock","11":"shipping-taxable","12":"product-type-simple"},"jetpack-related-posts":[{"id":25644,"url":"https:\/\/sakaba.mghosteur.com\/en\/product\/sea-breeze-professional-astringent\/","url_meta":{"origin":34417,"position":0},"title":"Sea Breeze Professional Astringent","author":"admin","date":"November 14, 2022","format":false,"excerpt":"Sea Breeze pour un soin professionnel - pour un traitement professionnel du cuir chevelu, utilisez Sea Breeze Astringent comme pr\u00e9-shampoing ou comme massage du cuir chevelu. Il \u00e9limine en douceur l'exc\u00e8s de s\u00e9bum terne et les cuticules s\u00e8ches du cuir chevelu pour un shampooing plus complet et des cheveux propres\u2026","rel":"","context":"Similar post","block_context":{"text":"Similar post","link":""},"img":{"alt_text":"","src":"","width":0,"height":0},"classes":[]},{"id":34009,"url":"https:\/\/sakaba.mghosteur.com\/en\/product\/elizabeth-arden-nail-lacquer-duo-vernis-a-ongles\/","url_meta":{"origin":34417,"position":1},"title":"ELIZABETH ARDEN NAIL LACQUER DUO  VERNIS A ONGLES","author":"admin","date":"May 24, 2024","format":false,"excerpt":"","rel":"","context":"Similar post","block_context":{"text":"Similar post","link":""},"img":{"alt_text":"","src":"","width":0,"height":0},"classes":[]},{"id":31990,"url":"https:\/\/sakaba.mghosteur.com\/en\/product\/camille-rose-super-foods-supports-longer-stronger\/","url_meta":{"origin":34417,"position":2},"title":"CAMILLE ROSE SUPER FOODS HAIR &amp; NAILS","author":"admin","date":"May 13, 2024","format":false,"excerpt":"Un m\u00e9lange r\u00e9volutionnaire con\u00e7u pour nourrir et rehausser la beaut\u00e9 naturelle de vos cheveux et de vos ongles. Infus\u00e9e de la puissance des superaliments riches en nutriments, cette formule exceptionnelle vous fera sentir confiante et radieuse de l'int\u00e9rieur. Regorgeant d'ingr\u00e9dients essentiels comme la biotine, le collag\u00e8ne et les vitamines A,\u2026","rel":"","context":"Similar post","block_context":{"text":"Similar post","link":""},"img":{"alt_text":"","src":"","width":0,"height":0},"classes":[]},{"id":31915,"url":"https:\/\/sakaba.mghosteur.com\/en\/product\/youtheory-collagen-6000-mg-290-tablets\/","url_meta":{"origin":34417,"position":3},"title":"YOUTHEORY COLLAGEN 6000 MG 290 TABLETS","author":"admin","date":"May 10, 2024","format":false,"excerpt":"Formule pour la peau, les cheveux & les ongles 6000\u00a0mg Enrichi en vitamine\u00a0C Compl\u00e9ment alimentaire Sans produits laitiers Sans soja Ingr\u00e9dients sans gluten Sans agents de remplissage ni agents liants 6000\u00a0mg de collag\u00e8ne par portion Restaure les prot\u00e9ines synonymes de beaut\u00e9 Lutte contre le vieillissement de la peau Revitalise la\u2026","rel":"","context":"Similar post","block_context":{"text":"Similar post","link":""},"img":{"alt_text":"","src":"","width":0,"height":0},"classes":[]},{"id":29792,"url":"https:\/\/sakaba.mghosteur.com\/en\/product\/solgar-skin-nails-hair\/","url_meta":{"origin":34417,"position":4},"title":"SOLGAR SKIN NAILS &#038; HAIR","author":"admin","date":"April 25, 2023","format":false,"excerpt":"D\u00e9couvrez les comprim\u00e9s Peau, Ongles & Cheveux de la marque Solgar, con\u00e7us pour aider \u00e0 maintenir une peau jeune et \u00e9clatante, des cheveux brillants et des ongles sains. Cette formule unique est sp\u00e9cialement con\u00e7ue pour pr\u00e9server votre beaut\u00e9 naturelle de l'int\u00e9rieur en augmentant la production de collag\u00e8ne et de k\u00e9ratine.\u2026","rel":"","context":"Similar post","block_context":{"text":"Similar post","link":""},"img":{"alt_text":"","src":"","width":0,"height":0},"classes":[]},{"id":31886,"url":"https:\/\/sakaba.mghosteur.com\/en\/product\/super-collagen-vitamin-c-biotin-90t\/","url_meta":{"origin":34417,"position":5},"title":"SUPER COLLAGEN + VITAMIN C &amp; BIOTIN 90T","author":"admin","date":"May 10, 2024","format":false,"excerpt":"Les comprim\u00e9s NeoCell Super Collagen sont formul\u00e9s pour soutenir votre beaut\u00e9 radieuse de l'int\u00e9rieur, favoriser la sant\u00e9 des articulations et soutenir les cheveux, la peau et les ongles (1). Avec du collag\u00e8ne nourri \u00e0 l'herbe de types 1 et 3, ces capsules de collag\u00e8ne donnent \u00e0 votre corps les \u00e9l\u00e9ments\u2026","rel":"","context":"Similar post","block_context":{"text":"Similar post","link":""},"img":{"alt_text":"","src":"","width":0,"height":0},"classes":[]}],"_links":{"self":[{"href":"https:\/\/sakaba.mghosteur.com\/en\/wp-json\/wp\/v2\/product\/34417","targetHints":{"allow":["GET"]}}],"collection":[{"href":"https:\/\/sakaba.mghosteur.com\/en\/wp-json\/wp\/v2\/product"}],"about":[{"href":"https:\/\/sakaba.mghosteur.com\/en\/wp-json\/wp\/v2\/types\/product"}],"replies":[{"embeddable":true,"href":"https:\/\/sakaba.mghosteur.com\/en\/wp-json\/wp\/v2\/comments?post=34417"}],"version-history":[{"count":0,"href":"https:\/\/sakaba.mghosteur.com\/en\/wp-json\/wp\/v2\/product\/34417\/revisions"}],"wp:attachment":[{"href":"https:\/\/sakaba.mghosteur.com\/en\/wp-json\/wp\/v2\/media?parent=34417"}],"wp:term":[{"taxonomy":"product_brand","embeddable":true,"href":"https:\/\/sakaba.mghosteur.com\/en\/wp-json\/wp\/v2\/product_brand?post=34417"},{"taxonomy":"product_cat","embeddable":true,"href":"https:\/\/sakaba.mghosteur.com\/en\/wp-json\/wp\/v2\/product_cat?post=34417"},{"taxonomy":"product_tag","embeddable":true,"href":"https:\/\/sakaba.mghosteur.com\/en\/wp-json\/wp\/v2\/product_tag?post=34417"}],"curies":[{"name":"wp","href":"https:\/\/api.w.org\/{rel}","templated":true}]}}